{"id":3570,"date":"2024-10-18T07:44:00","date_gmt":"2024-10-18T05:44:00","guid":{"rendered":"https:\/\/akademie-sexualtherapie.de\/blog\/?page_id=3570"},"modified":"2024-10-18T07:48:35","modified_gmt":"2024-10-18T05:48:35","slug":"akst-jahrestagung-9-november-2024-online","status":"publish","type":"page","link":"https:\/\/akademie-sexualtherapie.de\/blog\/akst-jahrestagung-9-november-2024-online\/","title":{"rendered":"AKST Jahrestagung 9. November 2024 online"},"content":{"rendered":"<p align=\"left\">Liebe Interessent*innen und Absolvent*innen der AKST,<\/p>\n<p align=\"left\">die Jahrestagung der AKST am Samstag, 9. November 2024 findet dieses Jahr online statt-. Die Teilnahme ist kostenlos. Ihr seid dazu herzlich eingeladen und k\u00f6nnt die Einladung gern an interessierte Bekannte oder Kolleg*innen weiterreichen oder \u00fcber social media teilen.<\/p>\n<p align=\"left\">Die Tagung ist eine gute Gelegenheit, unser Team kennenzulernen und spannende Einblicke in die vielf\u00e4ltige Welt der wissenschaftlich fundierten Sexualtherapie zu finden.<\/p>\n<p align=\"left\">Zur Anmeldung bitten wir um eine kurze Email an<\/p>\n<p align=\"left\"><a class=\"moz-txt-link-freetext\" href=\"mailto:info@akademie-sexualtherapie.de\">info@akademie-sexualtherapie.de<\/a><\/p>\n<p align=\"left\">Bitte gebt kurz an, ob ihr an der gesamten Tagung oder ggf. nur an einzelnen Prgrammpunkten dabei sein wollt. Ihr bekommt dann die Zugangsdaten per Mail zugeschickt.<\/p>\n<h2 align=\"justify\">Unser Programm<\/h2>\n<h4 align=\"left\">09.00 Uhr: Begr\u00fc\u00dfung der Teilnehmer*innen &#8211; Vorstellungsrunde<\/h4>\n<h4 align=\"left\">09.30-10.30 Uhr: Tiefenpsychologische Paarberatung\/ Paartherapie (Stefanie Kr\u00fcger)<\/h4>\n<p align=\"left\">Psychodynamische Ans\u00e4tze gehen davon aus, dass neben dem Bewussten auch das Unbewusste eine wesentliche Rolle in Paarfindungsprozessen und Paarkonflikten spielt. Der Input widmet sich der Darstellung grundlegender Annahmen dieser Ans\u00e4tze, die in der Arbeit mit Paaren von Bedeutung sind. Im Fokus steht dabei das Kollusionsmodell des Schweizer Psychoanalytikers J\u00fcrg Willi. Dieses Modell beruht auf der Vorstellung eines unbewussten Zusammenspiels der Partner*innen aufgrund eines gleichartigen und unbew\u00e4ltigten Grundkonfliktes. Das Erkennen dieses Konflikts erm\u00f6glicht ein tieferes Verst\u00e4ndnis der Paardynamik und kann gezielt zur Bearbeitung von Paarkonflikten genutzt werden.<\/p>\n<p align=\"left\"><i>Stefanie Kr\u00fcger hat Erziehungswissenschaft studiert und arbeitet als zertifizierte Paarberaterin (EZI Berlin) mit einem tiefenpsychologischen Schwerpunkt. Au\u00dferdem absolviert sie\u00a0 derzeit eine Ausbildung zur Sexualtherapeutin an der AKST.<\/i><\/p>\n<h4 align=\"left\">11.00-12.30 Uhr: Sexuelle Zwangsgedanken- ein Dauerthema mit Variationen in der Sexualtherapie (Dr. Michael Petery)<\/h4>\n<p align=\"left\">Sexuelle Zwangsgedanken sind eines der h\u00e4ufigsten Themen in meiner Praxis: homosexuelle Zwangsgedanken (HOCD), zwanghaftes Zweifeln an der eigenen Beziehung (ROCD), transsexuelle Zwangsgedanken (TOCD) und asexuelle Zwangsgedanken (&#8222;Habe ich \u00fcberhaupt -noch- ein sexuelles Interesse?&#8220;).<\/p>\n<p align=\"left\">Zugrunde liegt meist eine nicht erkannte depressive Episode. Aber auch eine Traumafolgest\u00f6rung kann die Ursache sein, ebenso die Verbindung zu dysfunktionalen Denkschemata, wie zum Beispiel &#8222;\u00dcbertriebene Standards&#8220; oder &#8222;Unzul\u00e4nglichkeit\/Scham&#8220;.<\/p>\n<p align=\"left\">Dr. Michael Petery, Leiter der AKST,\u00a0 gibt in seinem Vortrag einen theoretischen \u00dcberblick und zeigt mittels einiger Fallbeispiele, wie Sexualtherapie hier Unterst\u00fctzung bei der Aufl\u00f6sung der Symptome hin zu besserer Lebensqualit\u00e4t geben kann.<\/p>\n<h4 align=\"left\">14.00-15.00 Uhr: Die Posttraumatische Verbitterungsst\u00f6rung (Louisa Noack)<\/h4>\n<p align=\"left\">Die Posttraumatische Verbitterungsst\u00f6rung (PTED) ist eine emotionale Reaktion auf tiefgreifende Entt\u00e4uschungen und Ungerechtigkeiten, die subjektiv als traumatisch empfunden werden.<\/p>\n<p align=\"left\">So auch bei Martina W. Seitdem ist die Ehe mit ihrem Mann f\u00fcr beide, wie sie es unabh\u00e4ngig voneinander beschreiben, \u201eunertr\u00e4glich\u201c. Was war geschehen?<\/p>\n<p align=\"left\">Nach vielen gl\u00fccklichen Ehejahren nutzt Uwe W. eine Notl\u00fcge, um finanzielle Sorgen von seiner Frau fernzuhalten. Als sie jedoch dahinterkommt, rei\u00dft es ihr den Boden unter den F\u00fc\u00dfen weg.<\/p>\n<p align=\"left\">Die \u201ePosttraumatische Verbitterungsst\u00f6rung&#8220; f\u00fchrt zu intensiver Verbitterung, Wut und Reizbarkeit, oft begleitet von Rachegedanken und sozialem R\u00fcckzug &#8211; und das \u00fcber viele Jahre, wenn die St\u00f6rung nicht erfolgreich behandelt wird. Louisa Noack schildert uns nicht nur den Fall aus ihrer Praxis, sondern erkl\u00e4rt das Krankheitsbild, die Diagnose und zeigt auch m\u00f6gliche Behandlungsans\u00e4tze.<\/p>\n<p align=\"left\"><i>Louisa Noack ist Journalistin (u.a. Radio-Show: &#8222;Let\u00b4s talk about Sex&#8220;) und Inhaberin einer Praxis f\u00fcr Psychotherapie nach Heilpraktikergesetz in K\u00f6ln. Ihre sexualtherapeutische Ausbildung absolvierte sie bei der AKST.<\/i><\/p>\n<h4 align=\"left\">15.30-16.30 Uhr: Was ihr schon immer \u00fcber BDSM und Sexarbeit wissen wolltet (Marina S.)<\/h4>\n<p align=\"left\">Kein Vortrag, sondern eine spannende Diskussionsrunde mit Marina S. als Expertin, die uns spannende Einblicke in die Welt des BDSM und Fetish-Eskort geben kann. Bringt eure ganz pers\u00f6nlichen Fragen mit: es gibt keine Tabus- daf\u00fcr aber vieles Neue und Spannendes zu entdecken.<\/p>\n<p align=\"left\"><i>Marina S bringt Erfahrungen aus den unterschiedlichsten Berufen mit und besucht aktuell das 2. Studienjahr an der AKST.<\/i><\/p>\n<div align=\"left\"><\/div>\n<h3 align=\"left\">17.00 Mitgliederversammlung Deutsche Gesellschaft f\u00fcr wissenschaftlich begr\u00fcndete Psychotherapie (DGWP)<\/h3>\n<p align=\"justify\">siehe dazu nachfolgende Einladung- auch interessierte Nicht-Mitglieder sind herzlich zur Teilnahme eingeladen!<\/p>\n<table class=\"container\" border=\"0\" width=\"600\" cellspacing=\"0\" cellpadding=\"0\">\n<tbody>\n<tr>\n<td align=\"left\">\n<div class=\"gmail_default\">\n<div class=\"gmail_default\">\n<div><span style=\"font-size: large;\"><b>Liebe Vereinsmitglieder,<\/b><\/span><\/div>\n<div><\/div>\n<div>Knapp ein Jahr ist es her, dass wir uns im letzten Jahr zur Jahresversammlung der \u201eDeutschen Gesellschaft f\u00fcr wissenschaftlich begr\u00fcndete Psychotherapie e.V.\u201c gesehen haben.<\/div>\n<div><\/div>\n<div>Nachdem wir ein weiteres Jahr b\u00fcrokratische H\u00fcrden zur Vereinseintragung genommen haben, laden wir Euch heute zur diesj\u00e4hrigen ordentlichen Mitgliederversammlung am 09.11.2024 in der Zeit von 17:00h bis ca.18:00h <b>ONLINE <\/b>ein.<\/div>\n<div><\/div>\n<div>\n<div>F\u00fcr NOCH NICHT MITGLIEDER: Unser Verein ist auch per App \u00fcber &#8222;MeinVerein&#8220; erreichbar. Bitte schickt zun\u00e4chst \u00fcber Euren Rechner eine Beitrittsanfrage bei\u00a0<a href=\"https:\/\/web.meinverein.de\/profile\/48277\" target=\"_blank\" rel=\"noopener\">MeinVerein<\/a>\u00a0, daraufhin k\u00f6nnt Ihr die App aufs Handy laden und die Verwaltung der Vereinsangelegenheiten erfolgt dann dar\u00fcber. Auch\u00a0w\u00fcrden wir gerne \u00fcber diese App in Zukunft miteinander kommunizieren. Dementsprechend w\u00e4re auch ein Hinweis w\u00fcnschenswert, wenn Ihr einverstanden seid, dass Euer Name an die anderen Vereinsmitglieder im Rahmen der Nutzung der App weitergegeben wird. Bitte schickt mir daf\u00fcr eine kurze E-Mail.<\/div>\n<\/div>\n<div><\/div>\n<div><\/div>\n<div><\/div>\n<div><b>Mitgliederversammlung der Gesellschaft f\u00fcr wissenschaftlich begr\u00fcndete Psychotherapie (<span class=\"gmail-il\">DGWP<\/span>)<\/b><\/div>\n<div><\/div>\n<div align=\"left\">Ein gro\u00dfer Mangel ist, dass es bisher keinen seri\u00f6sen Berufsverband f\u00fcr Menschen gibt, die eine Lizenz zur Psychotherapie nach Heilpraktikergesetz besitzen. Hier m\u00f6chte die\u00a0<span class=\"gmail-il\">DGWP<\/span>\u00a0auf mittlere Sicht Abhilfe schaffen und allen, die nicht als psychologische Psychotherapeuten in entsprechenden Berufsverb\u00e4nden organisiert sind, eine seri\u00f6se Alternative anbieten.<\/div>\n<div align=\"left\"><\/div>\n<div align=\"left\">Voraussetzung zur Voll-Mitgliedschaft ist daher neben der staatlichen Zulassung zur Aus\u00fcbung der Psychotherapie (z.B. durch Approbation oder nach Heilpraktikergesetz) die Verpflichtung, in der eigenen Praxis ausschlie\u00dflich leitliniengerecht und mit wissenschaftlich begr\u00fcndeten Therapiemethoden zu arbeiten. Wer diese Voraussetzung (noch) nicht erf\u00fcllt, sich aber den Zielen der\u00a0<span class=\"gmail-il\">DGWP<\/span>\u00a0verbunden f\u00fchlt, kann dem Verein im Rahmen einer F\u00f6rdermitgliedschaft ohne Stimmrechte beitreten.<\/div>\n<div><\/div>\n<div><\/div>\n<div><span style=\"font-size: large;\"><b>Tagesordnung der Mitgliederversammlung der\u00a0<span class=\"gmail-il\">DGWP<\/span>\u00a0am 09.11.2024<\/b><\/span><\/div>\n<div><\/div>\n<div><\/div>\n<div>Top 1: Update bez\u00fcglich des Prozesses der Erhaltung der Gemeinn\u00fctzigkeit<\/div>\n<div><\/div>\n<div><\/div>\n<div>Top 2: Diskussion und Beschluss \u00fcber Mitgliedsbeitrag<\/div>\n<div><\/div>\n<div><\/div>\n<div>Top 3: Diskussion \u00fcber Konzepte zur Gestaltung des Internetauftritts<\/div>\n<div><\/div>\n<div><\/div>\n<div>Top 4: Sonstiges<\/div>\n<div><\/div>\n<div><\/div>\n<div><\/div>\n<div>Wir freuen uns auf Eure Teilnahme.<\/div>\n<div><\/div>\n<div><\/div>\n<div>Herzliche Gr\u00fc\u00dfe<\/div>\n<div><\/div>\n<\/div>\n<div>\n<div class=\"gmail_default\">Yanitsa Enke, Marjorie Hoffmann und Amanda Lauffer (Vereinsvorstand)<\/div>\n<\/div>\n<\/div>\n<\/td>\n<\/tr>\n<\/tbody>\n<\/table>\n<p>&nbsp;<\/p>\n","protected":false},"excerpt":{"rendered":"<p>Liebe Interessent*innen und Absolvent*innen der AKST, die Jahrestagung der AKST am Samstag, 9. November 2024 findet dieses Jahr online statt-. [&hellip;]<\/p>\n","protected":false},"author":1,"featured_media":0,"parent":0,"menu_order":0,"comment_status":"closed","ping_status":"closed","template":"","meta":{"footnotes":""},"class_list":["post-3570","page","type-page","status-publish"],"yoast_head":"<!-- This site is optimized with the Yoast SEO plugin v27.5 - https:\/\/yoast.com\/product\/yoast-seo-wordpress\/ -->\n<title>AKST Jahrestagung 9. November 2024 online - AKST - Akademie f\u00fcr Sexualtherapie und Psychotherapie<\/title>\n<meta name=\"robots\" content=\"index, follow, max-snippet:-1, max-image-preview:large, max-video-preview:-1\" \/>\n<link rel=\"canonical\" href=\"https:\/\/akademie-sexualtherapie.de\/blog\/akst-jahrestagung-9-november-2024-online\/\" \/>\n<meta property=\"og:locale\" content=\"de_DE\" \/>\n<meta property=\"og:type\" content=\"article\" \/>\n<meta property=\"og:title\" content=\"AKST Jahrestagung 9. November 2024 online - AKST - Akademie f\u00fcr Sexualtherapie und Psychotherapie\" \/>\n<meta property=\"og:description\" content=\"Liebe Interessent*innen und Absolvent*innen der AKST, die Jahrestagung der AKST am Samstag, 9. November 2024 findet dieses Jahr online statt-. [&hellip;]\" \/>\n<meta property=\"og:url\" content=\"https:\/\/akademie-sexualtherapie.de\/blog\/akst-jahrestagung-9-november-2024-online\/\" \/>\n<meta property=\"og:site_name\" content=\"AKST - Akademie f\u00fcr Sexualtherapie und Psychotherapie\" \/>\n<meta property=\"article:publisher\" content=\"https:\/\/www.facebook.com\/Dr.Petery\" \/>\n<meta property=\"article:modified_time\" content=\"2024-10-18T05:48:35+00:00\" \/>\n<meta name=\"twitter:card\" content=\"summary_large_image\" \/>\n<meta name=\"twitter:label1\" content=\"Gesch\u00e4tzte Lesezeit\" \/>\n\t<meta name=\"twitter:data1\" content=\"5\u00a0Minuten\" \/>\n<script type=\"application\/ld+json\" class=\"yoast-schema-graph\">{\"@context\":\"https:\\\/\\\/schema.org\",\"@graph\":[{\"@type\":\"WebPage\",\"@id\":\"https:\\\/\\\/akademie-sexualtherapie.de\\\/blog\\\/akst-jahrestagung-9-november-2024-online\\\/\",\"url\":\"https:\\\/\\\/akademie-sexualtherapie.de\\\/blog\\\/akst-jahrestagung-9-november-2024-online\\\/\",\"name\":\"AKST Jahrestagung 9. November 2024 online - AKST - Akademie f\u00fcr Sexualtherapie und Psychotherapie\",\"isPartOf\":{\"@id\":\"https:\\\/\\\/akademie-sexualtherapie.de\\\/blog\\\/#website\"},\"datePublished\":\"2024-10-18T05:44:00+00:00\",\"dateModified\":\"2024-10-18T05:48:35+00:00\",\"breadcrumb\":{\"@id\":\"https:\\\/\\\/akademie-sexualtherapie.de\\\/blog\\\/akst-jahrestagung-9-november-2024-online\\\/#breadcrumb\"},\"inLanguage\":\"de\",\"potentialAction\":[{\"@type\":\"ReadAction\",\"target\":[\"https:\\\/\\\/akademie-sexualtherapie.de\\\/blog\\\/akst-jahrestagung-9-november-2024-online\\\/\"]}]},{\"@type\":\"BreadcrumbList\",\"@id\":\"https:\\\/\\\/akademie-sexualtherapie.de\\\/blog\\\/akst-jahrestagung-9-november-2024-online\\\/#breadcrumb\",\"itemListElement\":[{\"@type\":\"ListItem\",\"position\":1,\"name\":\"Startseite\",\"item\":\"https:\\\/\\\/akademie-sexualtherapie.de\\\/blog\\\/\"},{\"@type\":\"ListItem\",\"position\":2,\"name\":\"AKST Jahrestagung 9. November 2024 online\"}]},{\"@type\":\"WebSite\",\"@id\":\"https:\\\/\\\/akademie-sexualtherapie.de\\\/blog\\\/#website\",\"url\":\"https:\\\/\\\/akademie-sexualtherapie.de\\\/blog\\\/\",\"name\":\"Akademie f\u00fcr Sexualtherapie (AKST)\",\"description\":\"\",\"publisher\":{\"@id\":\"https:\\\/\\\/akademie-sexualtherapie.de\\\/blog\\\/#organization\"},\"potentialAction\":[{\"@type\":\"SearchAction\",\"target\":{\"@type\":\"EntryPoint\",\"urlTemplate\":\"https:\\\/\\\/akademie-sexualtherapie.de\\\/blog\\\/?s={search_term_string}\"},\"query-input\":{\"@type\":\"PropertyValueSpecification\",\"valueRequired\":true,\"valueName\":\"search_term_string\"}}],\"inLanguage\":\"de\"},{\"@type\":\"Organization\",\"@id\":\"https:\\\/\\\/akademie-sexualtherapie.de\\\/blog\\\/#organization\",\"name\":\"AKST Akademie f\u00fcr Sexualtherapie\",\"url\":\"https:\\\/\\\/akademie-sexualtherapie.de\\\/blog\\\/\",\"logo\":{\"@type\":\"ImageObject\",\"inLanguage\":\"de\",\"@id\":\"https:\\\/\\\/akademie-sexualtherapie.de\\\/blog\\\/#\\\/schema\\\/logo\\\/image\\\/\",\"url\":\"https:\\\/\\\/akademie-sexualtherapie.de\\\/blog\\\/wp-content\\\/uploads\\\/2019\\\/01\\\/Sexualtherapie-Dr.-Petery.jpg\",\"contentUrl\":\"https:\\\/\\\/akademie-sexualtherapie.de\\\/blog\\\/wp-content\\\/uploads\\\/2019\\\/01\\\/Sexualtherapie-Dr.-Petery.jpg\",\"width\":592,\"height\":510,\"caption\":\"AKST Akademie f\u00fcr Sexualtherapie\"},\"image\":{\"@id\":\"https:\\\/\\\/akademie-sexualtherapie.de\\\/blog\\\/#\\\/schema\\\/logo\\\/image\\\/\"},\"sameAs\":[\"https:\\\/\\\/www.facebook.com\\\/Dr.Petery\"]}]}<\/script>\n<!-- \/ Yoast SEO plugin. -->","yoast_head_json":{"title":"AKST Jahrestagung 9. November 2024 online - AKST - Akademie f\u00fcr Sexualtherapie und Psychotherapie","robots":{"index":"index","follow":"follow","max-snippet":"max-snippet:-1","max-image-preview":"max-image-preview:large","max-video-preview":"max-video-preview:-1"},"canonical":"https:\/\/akademie-sexualtherapie.de\/blog\/akst-jahrestagung-9-november-2024-online\/","og_locale":"de_DE","og_type":"article","og_title":"AKST Jahrestagung 9. November 2024 online - AKST - Akademie f\u00fcr Sexualtherapie und Psychotherapie","og_description":"Liebe Interessent*innen und Absolvent*innen der AKST, die Jahrestagung der AKST am Samstag, 9. November 2024 findet dieses Jahr online statt-. [&hellip;]","og_url":"https:\/\/akademie-sexualtherapie.de\/blog\/akst-jahrestagung-9-november-2024-online\/","og_site_name":"AKST - Akademie f\u00fcr Sexualtherapie und Psychotherapie","article_publisher":"https:\/\/www.facebook.com\/Dr.Petery","article_modified_time":"2024-10-18T05:48:35+00:00","twitter_card":"summary_large_image","twitter_misc":{"Gesch\u00e4tzte Lesezeit":"5\u00a0Minuten"},"schema":{"@context":"https:\/\/schema.org","@graph":[{"@type":"WebPage","@id":"https:\/\/akademie-sexualtherapie.de\/blog\/akst-jahrestagung-9-november-2024-online\/","url":"https:\/\/akademie-sexualtherapie.de\/blog\/akst-jahrestagung-9-november-2024-online\/","name":"AKST Jahrestagung 9. November 2024 online - AKST - Akademie f\u00fcr Sexualtherapie und Psychotherapie","isPartOf":{"@id":"https:\/\/akademie-sexualtherapie.de\/blog\/#website"},"datePublished":"2024-10-18T05:44:00+00:00","dateModified":"2024-10-18T05:48:35+00:00","breadcrumb":{"@id":"https:\/\/akademie-sexualtherapie.de\/blog\/akst-jahrestagung-9-november-2024-online\/#breadcrumb"},"inLanguage":"de","potentialAction":[{"@type":"ReadAction","target":["https:\/\/akademie-sexualtherapie.de\/blog\/akst-jahrestagung-9-november-2024-online\/"]}]},{"@type":"BreadcrumbList","@id":"https:\/\/akademie-sexualtherapie.de\/blog\/akst-jahrestagung-9-november-2024-online\/#breadcrumb","itemListElement":[{"@type":"ListItem","position":1,"name":"Startseite","item":"https:\/\/akademie-sexualtherapie.de\/blog\/"},{"@type":"ListItem","position":2,"name":"AKST Jahrestagung 9. November 2024 online"}]},{"@type":"WebSite","@id":"https:\/\/akademie-sexualtherapie.de\/blog\/#website","url":"https:\/\/akademie-sexualtherapie.de\/blog\/","name":"Akademie f\u00fcr Sexualtherapie (AKST)","description":"","publisher":{"@id":"https:\/\/akademie-sexualtherapie.de\/blog\/#organization"},"potentialAction":[{"@type":"SearchAction","target":{"@type":"EntryPoint","urlTemplate":"https:\/\/akademie-sexualtherapie.de\/blog\/?s={search_term_string}"},"query-input":{"@type":"PropertyValueSpecification","valueRequired":true,"valueName":"search_term_string"}}],"inLanguage":"de"},{"@type":"Organization","@id":"https:\/\/akademie-sexualtherapie.de\/blog\/#organization","name":"AKST Akademie f\u00fcr Sexualtherapie","url":"https:\/\/akademie-sexualtherapie.de\/blog\/","logo":{"@type":"ImageObject","inLanguage":"de","@id":"https:\/\/akademie-sexualtherapie.de\/blog\/#\/schema\/logo\/image\/","url":"https:\/\/akademie-sexualtherapie.de\/blog\/wp-content\/uploads\/2019\/01\/Sexualtherapie-Dr.-Petery.jpg","contentUrl":"https:\/\/akademie-sexualtherapie.de\/blog\/wp-content\/uploads\/2019\/01\/Sexualtherapie-Dr.-Petery.jpg","width":592,"height":510,"caption":"AKST Akademie f\u00fcr Sexualtherapie"},"image":{"@id":"https:\/\/akademie-sexualtherapie.de\/blog\/#\/schema\/logo\/image\/"},"sameAs":["https:\/\/www.facebook.com\/Dr.Petery"]}]}},"_links":{"self":[{"href":"https:\/\/akademie-sexualtherapie.de\/blog\/wp-json\/wp\/v2\/pages\/3570","targetHints":{"allow":["GET"]}}],"collection":[{"href":"https:\/\/akademie-sexualtherapie.de\/blog\/wp-json\/wp\/v2\/pages"}],"about":[{"href":"https:\/\/akademie-sexualtherapie.de\/blog\/wp-json\/wp\/v2\/types\/page"}],"author":[{"embeddable":true,"href":"https:\/\/akademie-sexualtherapie.de\/blog\/wp-json\/wp\/v2\/users\/1"}],"replies":[{"embeddable":true,"href":"https:\/\/akademie-sexualtherapie.de\/blog\/wp-json\/wp\/v2\/comments?post=3570"}],"version-history":[{"count":0,"href":"https:\/\/akademie-sexualtherapie.de\/blog\/wp-json\/wp\/v2\/pages\/3570\/revisions"}],"wp:attachment":[{"href":"https:\/\/akademie-sexualtherapie.de\/blog\/wp-json\/wp\/v2\/media?parent=3570"}],"curies":[{"name":"wp","href":"https:\/\/api.w.org\/{rel}","templated":true}]}}