{"id":3303,"date":"2023-09-28T13:17:39","date_gmt":"2023-09-28T11:17:39","guid":{"rendered":"https:\/\/akademie-sexualtherapie.de\/blog\/?page_id=3303"},"modified":"2023-10-18T07:28:58","modified_gmt":"2023-10-18T05:28:58","slug":"akst-jahrestagung-3-4-november-2023-in-leipzig","status":"publish","type":"page","link":"https:\/\/akademie-sexualtherapie.de\/blog\/akst-jahrestagung-3-4-november-2023-in-leipzig\/","title":{"rendered":"AKST Jahrestagung 3.-4. November 2023 in Leipzig"},"content":{"rendered":"<figure class=\"wp-block-image size-large\"><img decoding=\"async\" class=\"wp-image-825 aligncenter\" src=\"https:\/\/akademie-sexualtherapie.de\/blog\/wp-content\/uploads\/2022\/10\/127906078_s.jpg\" alt=\"AKST Jahrestagung 2023 in Leipzig\" \/>AKST Jahrestagung 2023 in Leipzig<br \/>\n(Bild: de.123rf.com rudi1976)<\/figure>\n<h3 id=\"fortbildung-sexualtherapie\">AKST JAHRESTAGUNG 2023<\/h3>\n<h4 id=\"Aspekte der Sexualtherapie\">Aspekte der Sexualtherapie<\/h4>\n<p>Die AKST l\u00e4dt ein zur Jahrestagung in Leipzig. Neben interessanten Beitr\u00e4gen zu aktuellen Themen aus dem Bereich Sexualtherapie und Psychotherapie geht es vor allem auch darum, eine Plattform f\u00fcr die Vernetzung der ehemaligen und aktuellen Kursteilnehmer*innen und Dozent*innen zu schaffen. Das Treffen findet in Leipzig statt, es ist aber auch eine Online-Teilnahme \u00fcber Video m\u00f6glich.<\/p>\n<h4 id=\"programm\">Programm<\/h4>\n<h6 id=\"\">Freitag, 3. November 2023<\/h6>\n<p><strong>14.00-14.15 Uhr:<br \/>\n<\/strong> Begr\u00fc\u00dfung durch Dr. Michael Petery<\/p>\n<p><strong>14.15-16.00 Uhr<\/strong><br \/>\n<strong>Mixed Methods als Qualit\u00e4tsstandard in der Sexualtherapie (Dr. Michael Petery, Leitung AKST)<\/strong><\/p>\n<p>Sexualtherapie heute beinhaltet die Kenntnis und Anwendung unterschiedlichster Therapiemethoden im Einklang mit dem jeweiligen St\u00f6rungsbild, welches (nicht nur) im sexuellen Bereich zu Beschwerden f\u00fchrt. Dazu geh\u00f6ren Interventionen aus der klassischen und der kognitiven Verhaltenstherapie (insbesondere bei Depressionen), Techniken aus der Traumatherapie, Achtsamkeitstraining, Shifting-Techniken, Techniken zur Emotionsregulation, Selbstwerttraining usw&#8230; Die Zeiten, in denen Sexualtherapie ausschlie\u00dflich k\u00f6rperliche oder psychoedukative \u00dcbungen beinhaltete, sind definitiv vorbei.<\/p>\n<p><strong>16.00-16.30 Uhr<\/strong> Pause<\/p>\n<p><strong>16.30 Uhr bis 18.30 Uhr<\/strong><br \/>\n<strong>Psychotherapie mit t\u00fcrkischen Klient*innen &#8211; die kulturellen und sozialen Aspekte (Serpil Beltran-Ollero M.Sc.)<\/strong><\/p>\n<p>Die T\u00fcrkei ist ein Land mit einer reichen Kultur und Geschichte. T\u00fcrkischst\u00e4mmige Menschen in Deutschland haben oft einen eigenen kulturellen und sozialen Hintergrund, der ihre psychische Gesundheit und ihr Wohlbefinden beeinflussen kann. Psychotherapeut*innen sollten sich dieser kulturellen und sozialen Aspekte bewusst sein, um eine effektive Therapie zu gew\u00e4hrleisten. Wichtige Aspekte w\u00e4ren unter anderem die kulturelle Sensibilit\u00e4t, famili\u00e4re Bindung und Geschlechterrollen.<\/p>\n<p>&nbsp;<\/p>\n<h6 id=\"\">Samstag, 4. November 2023<\/h6>\n<p><strong>8.30 Uhr bis 10.30 Uhr<\/strong><br \/>\n<strong>Einf\u00fchrung in das Duale Kontrollmodell (Amanda Lauffer)<\/strong><\/p>\n<p>Das Duale Kontrollmodell von John Bancroft und Erick Janssen \u00fcber die interindividuelle Variabilit\u00e4t im sexuellen Erleben und Verhalten bietet wichtige Impulse f\u00fcr die psychotherapeutische Arbeit. Mithilfe der Verkn\u00fcpfung mit verschiedenen, wissenschaftlich begr\u00fcndeten Therapiemethoden wird die Praxisn\u00e4he sichergestellt. Zur Vertiefung schlie\u00dft ein Fallbeispiel aus der Sexualtherapie den Vortrag ab.<\/p>\n<p><strong>10.30-11.00 Uhr<\/strong> Pause<\/p>\n<p><strong>11.00 Uhr bis 13.00 Uhr<\/strong><br \/>\n<strong>Einstieg in die Entwicklungspsychologie (Marjorie Hoffmann)<\/strong><\/p>\n<p>Der Vortrag erkl\u00e4rt das Konzept der Entwicklungsaufgaben und befasst sich mit den Wirkungsmechanismen des Bindungsaufbaues in der fr\u00fchen Kindheit. Des weiteren wird im Vortrag auf die Theorie der kognitiven Entwicklung von Piaget eingegangen. Den Abschluss bildet das Thema Resilienz, welches auch im Rahmen einer Psychotherapie als Ressource gest\u00e4rkt werden sollte.<br \/>\n<strong>13.00-14.00 Uhr<\/strong> Pause<\/p>\n<p><strong>14.00-16.00 Uhr <\/strong><br \/>\n<strong>Queerness \u2013 Impulse f\u00fcr Beratung und Therapie (Stefanie Kr\u00fcger)<\/strong><br \/>\nDie gesellschaftliche Sichtbarkeit und Anerkennung sexueller und geschlechtlicher Vielfalt haben in den vergangenen Jahrzehnten zugenommen. Trotz dieser erfreulichen Normalisierungstendenzen sind Coming-out-Prozesse und die Situation sexueller und geschlechtlicher Minderheiten weiterhin von psychischen Belastungen und Diskriminierung gepr\u00e4gt. Einerseits besteht also ein hoher Bedarf an unterst\u00fctzenden Ma\u00dfnahmen, andererseits sind Therapeut*innen oft nur begrenzt sensibilisiert oder spezialisiert, wenn es um die Versorgung queerer Personen geht. Der Vortrag zielt daher darauf ab, das Bewusstsein f\u00fcr die Lebensrealit\u00e4ten queerer Menschen zu sch\u00e4rfen und gleichzeitig Anregungen f\u00fcr die beraterische und therapeutische Praxis zu geben.<\/p>\n<p>Stefanie Kr\u00fcger hat Diplomerziehungswissenschaft in Halle studiert und arbeitet seit 2013 als Bildungsreferentin im RosaLinde Leipzig e.V. Seit Ende 2022 befindet sie sich in Ausbildung zur tiefenpsychologischen Paarberaterin am EZI Berlin und ist seitdem nebenberuflich als Paarberaterin t\u00e4tig.<\/p>\n<p><strong>16.00-16.30 Uhr<\/strong> Pause<\/p>\n<p><strong>16.30-18.30 Uhr<\/strong> Mitgliederversammlung der Deutschen Gesellschaft f\u00fcr wissenschaftlich begr\u00fcndete Psychotherapie (DGWP): Weitere Infos siehe unten.<\/p>\n<h4 id=\"teilnahme\">Teilnahme<\/h4>\n<p>Die Teilnahmegeb\u00fchr betr\u00e4gt 90.- \u20ac (live in Leipzig oder online)- Verpflegung und Unterkunft ist von den Teilnehmenden selbst zu organisieren. Teilnehmende, die die Tagung online verfolgen m\u00f6chten, erhalten dazu einen Link.<\/p>\n<h4 id=\"Tagungsort\">Tagungsort<\/h4>\n<p>Tagungszentrum IKOME Hohe Stra\u00dfe(nahe Bayerischer Bahnhof in Leipzig<\/p>\n<p>\u00c4nderungen z.B. durch kurzfristige Erkrankung von Referenten vorbehalten.<\/p>\n<p>F\u00fcr weitere Anmeldeinformationen und f\u00fcr die Zusendung des Anmeldeformulars schicken Sie bitte eine Mail an: <a href=\"mailto:info@akademie-sexualtherapie.de\">info@akademie-sexualtherapie.de<\/a><\/p>\n<h4 id=\"die-therapeutische-haltung-kongruenz\">Mitgliederversammlung der Gesellschaft f\u00fcr wissenschaftlich begr\u00fcndete Psychotherapie (DGWP)<\/h4>\n<p>Ein wichtiges Anliegen an diesem Wochenende ist die Mitgliederversammlung der DGWP am Samstag um 16.30 Uhr. <\/a><\/p>\n<p>Ein gro\u00dfer Mangel ist, dass es bisher keinen seri\u00f6sen Berufsverband f\u00fcr Menschen gibt, die eine Lizenz zur Psychotherapie nach Heilpraktikergesetz besitzen. Hier m\u00f6chte die DGWP auf mittlere Sicht Abhilfe schaffen und allen, die nicht als psychologische Psychotherapeuten in entsprechenden Berufsverb\u00e4nden organisiert sind, eine seri\u00f6se Alternative anbieten.<\/p>\n<p>Voraussetzung zur Voll-Mitgliedschaft ist daher neben der staatlichen Zulassung zur Aus\u00fcbung der Psychotherapie (z.B. durch Approbation oder nach Heilpraktikergesetz) die Verpflichtung, in der eigenen Praxis ausschlie\u00dflich leitliniengerecht und mit wissenschaftlich begr\u00fcndeten Therapiemethoden zu arbeiten. Wer diese Voraussetzung (noch) nicht erf\u00fcllt, sich aber den Zielen der DGWP verbunden f\u00fchlt, kann dem Verein im Rahmen einer F\u00f6rdermitgliedschaft ohne Stimmrechte beitreten.<\/p>\n<p>Die Teilnahme an der Mitgliederversammlungversammlung ist auch unabh\u00e4ngig von der Tagung online m\u00f6glich. Wer daran interessiert ist, bekommt auf Anfrage den Video-Link zugeschickt.<\/p>\n","protected":false},"excerpt":{"rendered":"<p>AKST Jahrestagung 2023 in Leipzig (Bild: de.123rf.com rudi1976) AKST JAHRESTAGUNG 2023 Aspekte der Sexualtherapie Die AKST l\u00e4dt ein zur Jahrestagung [&hellip;]<\/p>\n","protected":false},"author":1,"featured_media":0,"parent":0,"menu_order":0,"comment_status":"closed","ping_status":"closed","template":"","meta":{"footnotes":""},"class_list":["post-3303","page","type-page","status-publish"],"yoast_head":"<!-- This site is optimized with the Yoast SEO plugin v27.5 - https:\/\/yoast.com\/product\/yoast-seo-wordpress\/ -->\n<title>AKST Jahrestagung 3.-4. November 2023 in Leipzig - AKST - Akademie f\u00fcr Sexualtherapie und Psychotherapie<\/title>\n<meta name=\"robots\" content=\"index, follow, max-snippet:-1, max-image-preview:large, max-video-preview:-1\" \/>\n<link rel=\"canonical\" href=\"https:\/\/akademie-sexualtherapie.de\/blog\/akst-jahrestagung-3-4-november-2023-in-leipzig\/\" \/>\n<meta property=\"og:locale\" content=\"de_DE\" \/>\n<meta property=\"og:type\" content=\"article\" \/>\n<meta property=\"og:title\" content=\"AKST Jahrestagung 3.-4. November 2023 in Leipzig - AKST - Akademie f\u00fcr Sexualtherapie und Psychotherapie\" \/>\n<meta property=\"og:description\" content=\"AKST Jahrestagung 2023 in Leipzig (Bild: de.123rf.com rudi1976) AKST JAHRESTAGUNG 2023 Aspekte der Sexualtherapie Die AKST l\u00e4dt ein zur Jahrestagung [&hellip;]\" \/>\n<meta property=\"og:url\" content=\"https:\/\/akademie-sexualtherapie.de\/blog\/akst-jahrestagung-3-4-november-2023-in-leipzig\/\" \/>\n<meta property=\"og:site_name\" content=\"AKST - Akademie f\u00fcr Sexualtherapie und Psychotherapie\" \/>\n<meta property=\"article:publisher\" content=\"https:\/\/www.facebook.com\/Dr.Petery\" \/>\n<meta property=\"article:modified_time\" content=\"2023-10-18T05:28:58+00:00\" \/>\n<meta property=\"og:image\" content=\"https:\/\/akademie-sexualtherapie.de\/blog\/wp-content\/uploads\/2022\/10\/127906078_s.jpg\" \/>\n<meta name=\"twitter:card\" content=\"summary_large_image\" \/>\n<meta name=\"twitter:label1\" content=\"Gesch\u00e4tzte Lesezeit\" \/>\n\t<meta name=\"twitter:data1\" content=\"4\u00a0Minuten\" \/>\n<script type=\"application\/ld+json\" class=\"yoast-schema-graph\">{\"@context\":\"https:\\\/\\\/schema.org\",\"@graph\":[{\"@type\":\"WebPage\",\"@id\":\"https:\\\/\\\/akademie-sexualtherapie.de\\\/blog\\\/akst-jahrestagung-3-4-november-2023-in-leipzig\\\/\",\"url\":\"https:\\\/\\\/akademie-sexualtherapie.de\\\/blog\\\/akst-jahrestagung-3-4-november-2023-in-leipzig\\\/\",\"name\":\"AKST Jahrestagung 3.-4. November 2023 in Leipzig - AKST - Akademie f\u00fcr Sexualtherapie und Psychotherapie\",\"isPartOf\":{\"@id\":\"https:\\\/\\\/akademie-sexualtherapie.de\\\/blog\\\/#website\"},\"primaryImageOfPage\":{\"@id\":\"https:\\\/\\\/akademie-sexualtherapie.de\\\/blog\\\/akst-jahrestagung-3-4-november-2023-in-leipzig\\\/#primaryimage\"},\"image\":{\"@id\":\"https:\\\/\\\/akademie-sexualtherapie.de\\\/blog\\\/akst-jahrestagung-3-4-november-2023-in-leipzig\\\/#primaryimage\"},\"thumbnailUrl\":\"https:\\\/\\\/akademie-sexualtherapie.de\\\/blog\\\/wp-content\\\/uploads\\\/2022\\\/10\\\/127906078_s.jpg\",\"datePublished\":\"2023-09-28T11:17:39+00:00\",\"dateModified\":\"2023-10-18T05:28:58+00:00\",\"breadcrumb\":{\"@id\":\"https:\\\/\\\/akademie-sexualtherapie.de\\\/blog\\\/akst-jahrestagung-3-4-november-2023-in-leipzig\\\/#breadcrumb\"},\"inLanguage\":\"de\",\"potentialAction\":[{\"@type\":\"ReadAction\",\"target\":[\"https:\\\/\\\/akademie-sexualtherapie.de\\\/blog\\\/akst-jahrestagung-3-4-november-2023-in-leipzig\\\/\"]}]},{\"@type\":\"ImageObject\",\"inLanguage\":\"de\",\"@id\":\"https:\\\/\\\/akademie-sexualtherapie.de\\\/blog\\\/akst-jahrestagung-3-4-november-2023-in-leipzig\\\/#primaryimage\",\"url\":\"https:\\\/\\\/akademie-sexualtherapie.de\\\/blog\\\/wp-content\\\/uploads\\\/2022\\\/10\\\/127906078_s.jpg\",\"contentUrl\":\"https:\\\/\\\/akademie-sexualtherapie.de\\\/blog\\\/wp-content\\\/uploads\\\/2022\\\/10\\\/127906078_s.jpg\",\"width\":923,\"height\":519,\"caption\":\"Copyright: de.123rf.com rudi1976\"},{\"@type\":\"BreadcrumbList\",\"@id\":\"https:\\\/\\\/akademie-sexualtherapie.de\\\/blog\\\/akst-jahrestagung-3-4-november-2023-in-leipzig\\\/#breadcrumb\",\"itemListElement\":[{\"@type\":\"ListItem\",\"position\":1,\"name\":\"Startseite\",\"item\":\"https:\\\/\\\/akademie-sexualtherapie.de\\\/blog\\\/\"},{\"@type\":\"ListItem\",\"position\":2,\"name\":\"AKST Jahrestagung 3.-4. November 2023 in Leipzig\"}]},{\"@type\":\"WebSite\",\"@id\":\"https:\\\/\\\/akademie-sexualtherapie.de\\\/blog\\\/#website\",\"url\":\"https:\\\/\\\/akademie-sexualtherapie.de\\\/blog\\\/\",\"name\":\"Akademie f\u00fcr Sexualtherapie (AKST)\",\"description\":\"\",\"publisher\":{\"@id\":\"https:\\\/\\\/akademie-sexualtherapie.de\\\/blog\\\/#organization\"},\"potentialAction\":[{\"@type\":\"SearchAction\",\"target\":{\"@type\":\"EntryPoint\",\"urlTemplate\":\"https:\\\/\\\/akademie-sexualtherapie.de\\\/blog\\\/?s={search_term_string}\"},\"query-input\":{\"@type\":\"PropertyValueSpecification\",\"valueRequired\":true,\"valueName\":\"search_term_string\"}}],\"inLanguage\":\"de\"},{\"@type\":\"Organization\",\"@id\":\"https:\\\/\\\/akademie-sexualtherapie.de\\\/blog\\\/#organization\",\"name\":\"AKST Akademie f\u00fcr Sexualtherapie\",\"url\":\"https:\\\/\\\/akademie-sexualtherapie.de\\\/blog\\\/\",\"logo\":{\"@type\":\"ImageObject\",\"inLanguage\":\"de\",\"@id\":\"https:\\\/\\\/akademie-sexualtherapie.de\\\/blog\\\/#\\\/schema\\\/logo\\\/image\\\/\",\"url\":\"https:\\\/\\\/akademie-sexualtherapie.de\\\/blog\\\/wp-content\\\/uploads\\\/2019\\\/01\\\/Sexualtherapie-Dr.-Petery.jpg\",\"contentUrl\":\"https:\\\/\\\/akademie-sexualtherapie.de\\\/blog\\\/wp-content\\\/uploads\\\/2019\\\/01\\\/Sexualtherapie-Dr.-Petery.jpg\",\"width\":592,\"height\":510,\"caption\":\"AKST Akademie f\u00fcr Sexualtherapie\"},\"image\":{\"@id\":\"https:\\\/\\\/akademie-sexualtherapie.de\\\/blog\\\/#\\\/schema\\\/logo\\\/image\\\/\"},\"sameAs\":[\"https:\\\/\\\/www.facebook.com\\\/Dr.Petery\"]}]}<\/script>\n<!-- \/ Yoast SEO plugin. -->","yoast_head_json":{"title":"AKST Jahrestagung 3.-4. November 2023 in Leipzig - AKST - Akademie f\u00fcr Sexualtherapie und Psychotherapie","robots":{"index":"index","follow":"follow","max-snippet":"max-snippet:-1","max-image-preview":"max-image-preview:large","max-video-preview":"max-video-preview:-1"},"canonical":"https:\/\/akademie-sexualtherapie.de\/blog\/akst-jahrestagung-3-4-november-2023-in-leipzig\/","og_locale":"de_DE","og_type":"article","og_title":"AKST Jahrestagung 3.-4. November 2023 in Leipzig - AKST - Akademie f\u00fcr Sexualtherapie und Psychotherapie","og_description":"AKST Jahrestagung 2023 in Leipzig (Bild: de.123rf.com rudi1976) AKST JAHRESTAGUNG 2023 Aspekte der Sexualtherapie Die AKST l\u00e4dt ein zur Jahrestagung [&hellip;]","og_url":"https:\/\/akademie-sexualtherapie.de\/blog\/akst-jahrestagung-3-4-november-2023-in-leipzig\/","og_site_name":"AKST - Akademie f\u00fcr Sexualtherapie und Psychotherapie","article_publisher":"https:\/\/www.facebook.com\/Dr.Petery","article_modified_time":"2023-10-18T05:28:58+00:00","og_image":[{"url":"https:\/\/akademie-sexualtherapie.de\/blog\/wp-content\/uploads\/2022\/10\/127906078_s.jpg","type":"","width":"","height":""}],"twitter_card":"summary_large_image","twitter_misc":{"Gesch\u00e4tzte Lesezeit":"4\u00a0Minuten"},"schema":{"@context":"https:\/\/schema.org","@graph":[{"@type":"WebPage","@id":"https:\/\/akademie-sexualtherapie.de\/blog\/akst-jahrestagung-3-4-november-2023-in-leipzig\/","url":"https:\/\/akademie-sexualtherapie.de\/blog\/akst-jahrestagung-3-4-november-2023-in-leipzig\/","name":"AKST Jahrestagung 3.-4. November 2023 in Leipzig - AKST - Akademie f\u00fcr Sexualtherapie und Psychotherapie","isPartOf":{"@id":"https:\/\/akademie-sexualtherapie.de\/blog\/#website"},"primaryImageOfPage":{"@id":"https:\/\/akademie-sexualtherapie.de\/blog\/akst-jahrestagung-3-4-november-2023-in-leipzig\/#primaryimage"},"image":{"@id":"https:\/\/akademie-sexualtherapie.de\/blog\/akst-jahrestagung-3-4-november-2023-in-leipzig\/#primaryimage"},"thumbnailUrl":"https:\/\/akademie-sexualtherapie.de\/blog\/wp-content\/uploads\/2022\/10\/127906078_s.jpg","datePublished":"2023-09-28T11:17:39+00:00","dateModified":"2023-10-18T05:28:58+00:00","breadcrumb":{"@id":"https:\/\/akademie-sexualtherapie.de\/blog\/akst-jahrestagung-3-4-november-2023-in-leipzig\/#breadcrumb"},"inLanguage":"de","potentialAction":[{"@type":"ReadAction","target":["https:\/\/akademie-sexualtherapie.de\/blog\/akst-jahrestagung-3-4-november-2023-in-leipzig\/"]}]},{"@type":"ImageObject","inLanguage":"de","@id":"https:\/\/akademie-sexualtherapie.de\/blog\/akst-jahrestagung-3-4-november-2023-in-leipzig\/#primaryimage","url":"https:\/\/akademie-sexualtherapie.de\/blog\/wp-content\/uploads\/2022\/10\/127906078_s.jpg","contentUrl":"https:\/\/akademie-sexualtherapie.de\/blog\/wp-content\/uploads\/2022\/10\/127906078_s.jpg","width":923,"height":519,"caption":"Copyright: de.123rf.com rudi1976"},{"@type":"BreadcrumbList","@id":"https:\/\/akademie-sexualtherapie.de\/blog\/akst-jahrestagung-3-4-november-2023-in-leipzig\/#breadcrumb","itemListElement":[{"@type":"ListItem","position":1,"name":"Startseite","item":"https:\/\/akademie-sexualtherapie.de\/blog\/"},{"@type":"ListItem","position":2,"name":"AKST Jahrestagung 3.-4. November 2023 in Leipzig"}]},{"@type":"WebSite","@id":"https:\/\/akademie-sexualtherapie.de\/blog\/#website","url":"https:\/\/akademie-sexualtherapie.de\/blog\/","name":"Akademie f\u00fcr Sexualtherapie (AKST)","description":"","publisher":{"@id":"https:\/\/akademie-sexualtherapie.de\/blog\/#organization"},"potentialAction":[{"@type":"SearchAction","target":{"@type":"EntryPoint","urlTemplate":"https:\/\/akademie-sexualtherapie.de\/blog\/?s={search_term_string}"},"query-input":{"@type":"PropertyValueSpecification","valueRequired":true,"valueName":"search_term_string"}}],"inLanguage":"de"},{"@type":"Organization","@id":"https:\/\/akademie-sexualtherapie.de\/blog\/#organization","name":"AKST Akademie f\u00fcr Sexualtherapie","url":"https:\/\/akademie-sexualtherapie.de\/blog\/","logo":{"@type":"ImageObject","inLanguage":"de","@id":"https:\/\/akademie-sexualtherapie.de\/blog\/#\/schema\/logo\/image\/","url":"https:\/\/akademie-sexualtherapie.de\/blog\/wp-content\/uploads\/2019\/01\/Sexualtherapie-Dr.-Petery.jpg","contentUrl":"https:\/\/akademie-sexualtherapie.de\/blog\/wp-content\/uploads\/2019\/01\/Sexualtherapie-Dr.-Petery.jpg","width":592,"height":510,"caption":"AKST Akademie f\u00fcr Sexualtherapie"},"image":{"@id":"https:\/\/akademie-sexualtherapie.de\/blog\/#\/schema\/logo\/image\/"},"sameAs":["https:\/\/www.facebook.com\/Dr.Petery"]}]}},"_links":{"self":[{"href":"https:\/\/akademie-sexualtherapie.de\/blog\/wp-json\/wp\/v2\/pages\/3303","targetHints":{"allow":["GET"]}}],"collection":[{"href":"https:\/\/akademie-sexualtherapie.de\/blog\/wp-json\/wp\/v2\/pages"}],"about":[{"href":"https:\/\/akademie-sexualtherapie.de\/blog\/wp-json\/wp\/v2\/types\/page"}],"author":[{"embeddable":true,"href":"https:\/\/akademie-sexualtherapie.de\/blog\/wp-json\/wp\/v2\/users\/1"}],"replies":[{"embeddable":true,"href":"https:\/\/akademie-sexualtherapie.de\/blog\/wp-json\/wp\/v2\/comments?post=3303"}],"version-history":[{"count":0,"href":"https:\/\/akademie-sexualtherapie.de\/blog\/wp-json\/wp\/v2\/pages\/3303\/revisions"}],"wp:attachment":[{"href":"https:\/\/akademie-sexualtherapie.de\/blog\/wp-json\/wp\/v2\/media?parent=3303"}],"curies":[{"name":"wp","href":"https:\/\/api.w.org\/{rel}","templated":true}]}}