{"id":302,"date":"2017-11-29T12:17:04","date_gmt":"2017-11-29T11:17:04","guid":{"rendered":"https:\/\/akademie-sexualtherapie.de\/blog\/?page_id=302"},"modified":"2025-02-04T18:22:58","modified_gmt":"2025-02-04T17:22:58","slug":"traeume-in-der-sexualtherapie","status":"publish","type":"page","link":"https:\/\/akademie-sexualtherapie.de\/blog\/traeume-in-der-sexualtherapie\/","title":{"rendered":"Tr\u00e4ume in der Sexualtherapie"},"content":{"rendered":"\r\n<div class=\"wp-block-columns alignwide is-layout-flex wp-container-core-columns-is-layout-28f84493 wp-block-columns-is-layout-flex\">\r\n<div class=\"wp-block-column is-layout-flow wp-block-column-is-layout-flow\" style=\"flex-basis: 33.33%;\">\r\n<figure class=\"wp-block-image size-large\"><img fetchpriority=\"high\" decoding=\"async\" width=\"600\" height=\"510\" class=\"wp-image-655\" src=\"https:\/\/akademie-sexualtherapie.de\/blog\/wp-content\/uploads\/2018\/02\/Kandinski-small-dream-in-red.jpg\" alt=\"\" srcset=\"https:\/\/akademie-sexualtherapie.de\/blog\/wp-content\/uploads\/2018\/02\/Kandinski-small-dream-in-red.jpg 600w, https:\/\/akademie-sexualtherapie.de\/blog\/wp-content\/uploads\/2018\/02\/Kandinski-small-dream-in-red-300x255.jpg 300w\" sizes=\"(max-width: 600px) 100vw, 600px\" \/><\/figure>\r\n<\/div>\r\n\r\n\r\n\r\n<div class=\"wp-block-column is-layout-flow wp-block-column-is-layout-flow\" style=\"flex-basis: 66.66%;\">\r\n<p>Tr\u00e4ume in der Sexualtherapie- Fortbildung Sexualtherapie<br \/><a href=\"\/\/akademie-sexualtherapie.de\/blog\/das-zweite-studienjahr\/\">Zur\u00fcck zur Gesamt\u00fcbersicht \u00fcber das zweite Studienjahr<\/a><br \/><br \/>Wassily Kandinsky: Kleiner Traum in Rot 1925<\/p>\r\n\r\n\r\n\r\n<h6 class=\"wp-block-heading\" id=\"fortbildung-sexualtherapie\">Fortbildung Sexualtherapie<\/h6>\r\n\r\n\r\n\r\n<h4 class=\"wp-block-heading\" id=\"10-kurseinheittraume-in-der-sexualtherapie\">10. Kurseinheit<br \/>Tr\u00e4ume in der Sexualtherapie<\/h4>\r\n\r\n\r\n\r\n<p>Tr\u00e4ume sind der K\u00f6nigsweg zum Unbewussten- das hat schon Sigmund Freud in seinem Hauptwerk &#8222;Traumdeutung&#8220; von 1900 aufgezeigt. Auch in der Sexualtherapie k\u00f6nnen Tr\u00e4ume des Klienten wichtiges Material f\u00fcr die therapeutische Arbeit darstellen. Zu diesem Wochenende sind alle Teilnehmenden eingeladen, auch eigene Tr\u00e4ume zur gemeinsamen Besprechung und Deutung mitzubringen (nat\u00fcrlich auf freiwilliger Basis und nicht als Muss).<\/p>\r\n\r\n\r\n\r\n<h4 class=\"wp-block-heading\" id=\"traume-als-zugangswegzu-den-hauptthemen-in-einer-therapie\">Tr\u00e4ume als Zugangsweg<br \/>zu den Hauptthemen in einer Therapie<\/h4>\r\n\r\n\r\n\r\n<p>Nach Sigmund Freud sind die Hauptelemente jedes Traums ein Tagesrest, ein (unbewusster) Wunsch und ein Kindheitserlebnis. Das gezielte Ansprechen dieser drei Elemente, insbesondere auch durch die Technik freien Assoziierens, f\u00fchrt sehr schnell und direkt zu wichtigen Themen in einer Therapie, die dann nach und nach bearbeitet werden k\u00f6nnen. Tr\u00e4ume k\u00f6nnen also helfen, die eigentlichen und wichtigsten Fragestellungen aufzusp\u00fcren, die f\u00fcr den therapeutischen Prozess relevant sind.<br \/>Interessant ist dabei, dass Tr\u00e4ume von Sitzung zu Sitzung auch innere Ver\u00e4nderungs- und Reifungsprozesse des Klienten widerspiegeln. Die Beobachtung und das Ansprechen dieser Ver\u00e4nderungsprozesse entfaltet selbst therapeutische Wirkung.<\/p>\r\n\r\n\r\n\r\n<h4 class=\"wp-block-heading\" id=\"traume-als-einblick-in-unbewusste-personlichkeitsanteile\">Tr\u00e4ume als Einblick in unbewusste Pers\u00f6nlichkeitsanteile<\/h4>\r\n\r\n\r\n\r\n<p>Fritz Perls hat Sigmunds Freuds Traumtheorie noch ein St\u00fcck weiterentwickelt. Nach seinen Erkenntnissen spiegelt jedes einzelne Subjekt (und Objekt!) in einem Traum einen einzelnen Aspekt in der Pers\u00f6nlichkeit des Tr\u00e4umenden. Dabei erscheinen eigene (tags\u00fcber verdr\u00e4ngte) Pers\u00f6nlichkeitsanteile als Elemente des Traumes und k\u00f6nnen im Deutungsprozess als Anteile des eigenen Ich wieder erlebt werden. Die Bewusstwerdung verdr\u00e4ngter Ichanteile hat einen hohen therapeutischen Wert, z.B. bei der Behandlung sexueller Zwangsgedanken.<\/p>\r\n\r\n\r\n\r\n<h4 class=\"wp-block-heading\" id=\"lernziele\">Lernziele<\/h4>\r\n\r\n\r\n\r\n<ul class=\"wp-block-list\">\r\n<li>Kenntnis theoretischer Konzepte psychoanalytischer Traumdeutung, insbesondere nach Sigmund Freud und Fritz Perls<\/li>\r\n<li>Kenntnis wichtiger therapeutischer Verfahren f\u00fcr das Klientengespr\u00e4ch \u00fcber Tr\u00e4ume<\/li>\r\n<\/ul>\r\n\r\n\r\n\r\n<h4 class=\"wp-block-heading\" id=\"praktische-ubungen\">Praktische \u00dcbungen<\/h4>\r\n\r\n\r\n\r\n<p>Auch bei diesem Wochenende sind praktische \u00dcbungen wesentlicher Bestandteil der Fortbildung:<\/p>\r\n\r\n\r\n\r\n<ul class=\"wp-block-list\">\r\n<li>\u00dcbungen in Kleingruppen zum Thema Traumdeutung<\/li>\r\n<li>\u00dcbungen an typischen Tr\u00e4umen aus der sexualtherapeutischen Praxis<\/li>\r\n<li>Ein\u00fcben therapeutischen Arbeitens mit Tr\u00e4umen<\/li>\r\n<\/ul>\r\n\r\n\r\n\r\n<h3 class=\"wp-block-heading\" id=\"lesen-sie-weiter\">Lesen Sie weiter:<\/h3>\r\n\r\n\r\n\r\n<p><a href=\"\/\/akademie-sexualtherapie.de\/blog\/paartherapie und paarberatung\/\">11. Kurseinheit: Paartherapie und Paarberatung<\/a><\/p>\r\n<\/div>\r\n<\/div>\r\n","protected":false},"excerpt":{"rendered":"<p>Tr\u00e4ume in der Sexualtherapie- Fortbildung SexualtherapieZur\u00fcck zur Gesamt\u00fcbersicht \u00fcber das zweite Studienjahr Wassily Kandinsky: Kleiner Traum in Rot 1925 Fortbildung [&hellip;]<\/p>\n","protected":false},"author":1,"featured_media":0,"parent":0,"menu_order":0,"comment_status":"closed","ping_status":"closed","template":"","meta":{"footnotes":""},"class_list":["post-302","page","type-page","status-publish"],"yoast_head":"<!-- This site is optimized with the Yoast SEO plugin v27.4 - https:\/\/yoast.com\/product\/yoast-seo-wordpress\/ -->\n<title>Tr\u00e4ume in der Sexualtherapie - AKST - Akademie f\u00fcr Sexualtherapie und Psychotherapie<\/title>\n<meta name=\"robots\" content=\"index, follow, max-snippet:-1, max-image-preview:large, max-video-preview:-1\" \/>\n<link rel=\"canonical\" href=\"https:\/\/akademie-sexualtherapie.de\/blog\/traeume-in-der-sexualtherapie\/\" \/>\n<meta property=\"og:locale\" content=\"de_DE\" \/>\n<meta property=\"og:type\" content=\"article\" \/>\n<meta property=\"og:title\" content=\"Tr\u00e4ume in der Sexualtherapie - AKST - Akademie f\u00fcr Sexualtherapie und Psychotherapie\" \/>\n<meta property=\"og:description\" content=\"Tr\u00e4ume in der Sexualtherapie- Fortbildung SexualtherapieZur\u00fcck zur Gesamt\u00fcbersicht \u00fcber das zweite Studienjahr Wassily Kandinsky: Kleiner Traum in Rot 1925 Fortbildung [&hellip;]\" \/>\n<meta property=\"og:url\" content=\"https:\/\/akademie-sexualtherapie.de\/blog\/traeume-in-der-sexualtherapie\/\" \/>\n<meta property=\"og:site_name\" content=\"AKST - Akademie f\u00fcr Sexualtherapie und Psychotherapie\" \/>\n<meta property=\"article:publisher\" content=\"https:\/\/www.facebook.com\/Dr.Petery\" \/>\n<meta property=\"article:modified_time\" content=\"2025-02-04T17:22:58+00:00\" \/>\n<meta property=\"og:image\" content=\"https:\/\/akademie-sexualtherapie.de\/blog\/wp-content\/uploads\/2018\/02\/Kandinski-small-dream-in-red.jpg\" \/>\n<meta name=\"twitter:card\" content=\"summary_large_image\" \/>\n<meta name=\"twitter:label1\" content=\"Gesch\u00e4tzte Lesezeit\" \/>\n\t<meta name=\"twitter:data1\" content=\"3\u00a0Minuten\" \/>\n<script type=\"application\/ld+json\" class=\"yoast-schema-graph\">{\"@context\":\"https:\\\/\\\/schema.org\",\"@graph\":[{\"@type\":\"WebPage\",\"@id\":\"https:\\\/\\\/akademie-sexualtherapie.de\\\/blog\\\/traeume-in-der-sexualtherapie\\\/\",\"url\":\"https:\\\/\\\/akademie-sexualtherapie.de\\\/blog\\\/traeume-in-der-sexualtherapie\\\/\",\"name\":\"Tr\u00e4ume in der Sexualtherapie - AKST - Akademie f\u00fcr Sexualtherapie und Psychotherapie\",\"isPartOf\":{\"@id\":\"https:\\\/\\\/akademie-sexualtherapie.de\\\/blog\\\/#website\"},\"primaryImageOfPage\":{\"@id\":\"https:\\\/\\\/akademie-sexualtherapie.de\\\/blog\\\/traeume-in-der-sexualtherapie\\\/#primaryimage\"},\"image\":{\"@id\":\"https:\\\/\\\/akademie-sexualtherapie.de\\\/blog\\\/traeume-in-der-sexualtherapie\\\/#primaryimage\"},\"thumbnailUrl\":\"https:\\\/\\\/akademie-sexualtherapie.de\\\/blog\\\/wp-content\\\/uploads\\\/2018\\\/02\\\/Kandinski-small-dream-in-red.jpg\",\"datePublished\":\"2017-11-29T11:17:04+00:00\",\"dateModified\":\"2025-02-04T17:22:58+00:00\",\"breadcrumb\":{\"@id\":\"https:\\\/\\\/akademie-sexualtherapie.de\\\/blog\\\/traeume-in-der-sexualtherapie\\\/#breadcrumb\"},\"inLanguage\":\"de\",\"potentialAction\":[{\"@type\":\"ReadAction\",\"target\":[\"https:\\\/\\\/akademie-sexualtherapie.de\\\/blog\\\/traeume-in-der-sexualtherapie\\\/\"]}]},{\"@type\":\"ImageObject\",\"inLanguage\":\"de\",\"@id\":\"https:\\\/\\\/akademie-sexualtherapie.de\\\/blog\\\/traeume-in-der-sexualtherapie\\\/#primaryimage\",\"url\":\"https:\\\/\\\/akademie-sexualtherapie.de\\\/blog\\\/wp-content\\\/uploads\\\/2018\\\/02\\\/Kandinski-small-dream-in-red.jpg\",\"contentUrl\":\"https:\\\/\\\/akademie-sexualtherapie.de\\\/blog\\\/wp-content\\\/uploads\\\/2018\\\/02\\\/Kandinski-small-dream-in-red.jpg\",\"width\":600,\"height\":510},{\"@type\":\"BreadcrumbList\",\"@id\":\"https:\\\/\\\/akademie-sexualtherapie.de\\\/blog\\\/traeume-in-der-sexualtherapie\\\/#breadcrumb\",\"itemListElement\":[{\"@type\":\"ListItem\",\"position\":1,\"name\":\"Startseite\",\"item\":\"https:\\\/\\\/akademie-sexualtherapie.de\\\/blog\\\/\"},{\"@type\":\"ListItem\",\"position\":2,\"name\":\"Tr\u00e4ume in der Sexualtherapie\"}]},{\"@type\":\"WebSite\",\"@id\":\"https:\\\/\\\/akademie-sexualtherapie.de\\\/blog\\\/#website\",\"url\":\"https:\\\/\\\/akademie-sexualtherapie.de\\\/blog\\\/\",\"name\":\"Akademie f\u00fcr Sexualtherapie (AKST)\",\"description\":\"\",\"publisher\":{\"@id\":\"https:\\\/\\\/akademie-sexualtherapie.de\\\/blog\\\/#organization\"},\"potentialAction\":[{\"@type\":\"SearchAction\",\"target\":{\"@type\":\"EntryPoint\",\"urlTemplate\":\"https:\\\/\\\/akademie-sexualtherapie.de\\\/blog\\\/?s={search_term_string}\"},\"query-input\":{\"@type\":\"PropertyValueSpecification\",\"valueRequired\":true,\"valueName\":\"search_term_string\"}}],\"inLanguage\":\"de\"},{\"@type\":\"Organization\",\"@id\":\"https:\\\/\\\/akademie-sexualtherapie.de\\\/blog\\\/#organization\",\"name\":\"AKST Akademie f\u00fcr Sexualtherapie\",\"url\":\"https:\\\/\\\/akademie-sexualtherapie.de\\\/blog\\\/\",\"logo\":{\"@type\":\"ImageObject\",\"inLanguage\":\"de\",\"@id\":\"https:\\\/\\\/akademie-sexualtherapie.de\\\/blog\\\/#\\\/schema\\\/logo\\\/image\\\/\",\"url\":\"https:\\\/\\\/akademie-sexualtherapie.de\\\/blog\\\/wp-content\\\/uploads\\\/2019\\\/01\\\/Sexualtherapie-Dr.-Petery.jpg\",\"contentUrl\":\"https:\\\/\\\/akademie-sexualtherapie.de\\\/blog\\\/wp-content\\\/uploads\\\/2019\\\/01\\\/Sexualtherapie-Dr.-Petery.jpg\",\"width\":592,\"height\":510,\"caption\":\"AKST Akademie f\u00fcr Sexualtherapie\"},\"image\":{\"@id\":\"https:\\\/\\\/akademie-sexualtherapie.de\\\/blog\\\/#\\\/schema\\\/logo\\\/image\\\/\"},\"sameAs\":[\"https:\\\/\\\/www.facebook.com\\\/Dr.Petery\"]}]}<\/script>\n<!-- \/ Yoast SEO plugin. -->","yoast_head_json":{"title":"Tr\u00e4ume in der Sexualtherapie - AKST - Akademie f\u00fcr Sexualtherapie und Psychotherapie","robots":{"index":"index","follow":"follow","max-snippet":"max-snippet:-1","max-image-preview":"max-image-preview:large","max-video-preview":"max-video-preview:-1"},"canonical":"https:\/\/akademie-sexualtherapie.de\/blog\/traeume-in-der-sexualtherapie\/","og_locale":"de_DE","og_type":"article","og_title":"Tr\u00e4ume in der Sexualtherapie - AKST - Akademie f\u00fcr Sexualtherapie und Psychotherapie","og_description":"Tr\u00e4ume in der Sexualtherapie- Fortbildung SexualtherapieZur\u00fcck zur Gesamt\u00fcbersicht \u00fcber das zweite Studienjahr Wassily Kandinsky: Kleiner Traum in Rot 1925 Fortbildung [&hellip;]","og_url":"https:\/\/akademie-sexualtherapie.de\/blog\/traeume-in-der-sexualtherapie\/","og_site_name":"AKST - Akademie f\u00fcr Sexualtherapie und Psychotherapie","article_publisher":"https:\/\/www.facebook.com\/Dr.Petery","article_modified_time":"2025-02-04T17:22:58+00:00","og_image":[{"url":"https:\/\/akademie-sexualtherapie.de\/blog\/wp-content\/uploads\/2018\/02\/Kandinski-small-dream-in-red.jpg","type":"","width":"","height":""}],"twitter_card":"summary_large_image","twitter_misc":{"Gesch\u00e4tzte Lesezeit":"3\u00a0Minuten"},"schema":{"@context":"https:\/\/schema.org","@graph":[{"@type":"WebPage","@id":"https:\/\/akademie-sexualtherapie.de\/blog\/traeume-in-der-sexualtherapie\/","url":"https:\/\/akademie-sexualtherapie.de\/blog\/traeume-in-der-sexualtherapie\/","name":"Tr\u00e4ume in der Sexualtherapie - AKST - Akademie f\u00fcr Sexualtherapie und Psychotherapie","isPartOf":{"@id":"https:\/\/akademie-sexualtherapie.de\/blog\/#website"},"primaryImageOfPage":{"@id":"https:\/\/akademie-sexualtherapie.de\/blog\/traeume-in-der-sexualtherapie\/#primaryimage"},"image":{"@id":"https:\/\/akademie-sexualtherapie.de\/blog\/traeume-in-der-sexualtherapie\/#primaryimage"},"thumbnailUrl":"https:\/\/akademie-sexualtherapie.de\/blog\/wp-content\/uploads\/2018\/02\/Kandinski-small-dream-in-red.jpg","datePublished":"2017-11-29T11:17:04+00:00","dateModified":"2025-02-04T17:22:58+00:00","breadcrumb":{"@id":"https:\/\/akademie-sexualtherapie.de\/blog\/traeume-in-der-sexualtherapie\/#breadcrumb"},"inLanguage":"de","potentialAction":[{"@type":"ReadAction","target":["https:\/\/akademie-sexualtherapie.de\/blog\/traeume-in-der-sexualtherapie\/"]}]},{"@type":"ImageObject","inLanguage":"de","@id":"https:\/\/akademie-sexualtherapie.de\/blog\/traeume-in-der-sexualtherapie\/#primaryimage","url":"https:\/\/akademie-sexualtherapie.de\/blog\/wp-content\/uploads\/2018\/02\/Kandinski-small-dream-in-red.jpg","contentUrl":"https:\/\/akademie-sexualtherapie.de\/blog\/wp-content\/uploads\/2018\/02\/Kandinski-small-dream-in-red.jpg","width":600,"height":510},{"@type":"BreadcrumbList","@id":"https:\/\/akademie-sexualtherapie.de\/blog\/traeume-in-der-sexualtherapie\/#breadcrumb","itemListElement":[{"@type":"ListItem","position":1,"name":"Startseite","item":"https:\/\/akademie-sexualtherapie.de\/blog\/"},{"@type":"ListItem","position":2,"name":"Tr\u00e4ume in der Sexualtherapie"}]},{"@type":"WebSite","@id":"https:\/\/akademie-sexualtherapie.de\/blog\/#website","url":"https:\/\/akademie-sexualtherapie.de\/blog\/","name":"Akademie f\u00fcr Sexualtherapie (AKST)","description":"","publisher":{"@id":"https:\/\/akademie-sexualtherapie.de\/blog\/#organization"},"potentialAction":[{"@type":"SearchAction","target":{"@type":"EntryPoint","urlTemplate":"https:\/\/akademie-sexualtherapie.de\/blog\/?s={search_term_string}"},"query-input":{"@type":"PropertyValueSpecification","valueRequired":true,"valueName":"search_term_string"}}],"inLanguage":"de"},{"@type":"Organization","@id":"https:\/\/akademie-sexualtherapie.de\/blog\/#organization","name":"AKST Akademie f\u00fcr Sexualtherapie","url":"https:\/\/akademie-sexualtherapie.de\/blog\/","logo":{"@type":"ImageObject","inLanguage":"de","@id":"https:\/\/akademie-sexualtherapie.de\/blog\/#\/schema\/logo\/image\/","url":"https:\/\/akademie-sexualtherapie.de\/blog\/wp-content\/uploads\/2019\/01\/Sexualtherapie-Dr.-Petery.jpg","contentUrl":"https:\/\/akademie-sexualtherapie.de\/blog\/wp-content\/uploads\/2019\/01\/Sexualtherapie-Dr.-Petery.jpg","width":592,"height":510,"caption":"AKST Akademie f\u00fcr Sexualtherapie"},"image":{"@id":"https:\/\/akademie-sexualtherapie.de\/blog\/#\/schema\/logo\/image\/"},"sameAs":["https:\/\/www.facebook.com\/Dr.Petery"]}]}},"_links":{"self":[{"href":"https:\/\/akademie-sexualtherapie.de\/blog\/wp-json\/wp\/v2\/pages\/302","targetHints":{"allow":["GET"]}}],"collection":[{"href":"https:\/\/akademie-sexualtherapie.de\/blog\/wp-json\/wp\/v2\/pages"}],"about":[{"href":"https:\/\/akademie-sexualtherapie.de\/blog\/wp-json\/wp\/v2\/types\/page"}],"author":[{"embeddable":true,"href":"https:\/\/akademie-sexualtherapie.de\/blog\/wp-json\/wp\/v2\/users\/1"}],"replies":[{"embeddable":true,"href":"https:\/\/akademie-sexualtherapie.de\/blog\/wp-json\/wp\/v2\/comments?post=302"}],"version-history":[{"count":0,"href":"https:\/\/akademie-sexualtherapie.de\/blog\/wp-json\/wp\/v2\/pages\/302\/revisions"}],"wp:attachment":[{"href":"https:\/\/akademie-sexualtherapie.de\/blog\/wp-json\/wp\/v2\/media?parent=302"}],"curies":[{"name":"wp","href":"https:\/\/api.w.org\/{rel}","templated":true}]}}