{"id":286,"date":"2017-11-29T12:00:52","date_gmt":"2017-11-29T11:00:52","guid":{"rendered":"https:\/\/akademie-sexualtherapie.de\/blog\/?page_id=286"},"modified":"2025-02-05T07:10:02","modified_gmt":"2025-02-05T06:10:02","slug":"trauma-und-sexualtherapie","status":"publish","type":"page","link":"https:\/\/akademie-sexualtherapie.de\/blog\/trauma-und-sexualtherapie\/","title":{"rendered":"Trauma und Sexualtherapie"},"content":{"rendered":"\n<div class=\"wp-block-group alignfull has-background is-layout-flow wp-block-group-is-layout-flow\" style=\"background-color:#ffffff\">\n<h1 class=\"wp-block-heading\" id=\"trauma-und-sexualtherapie\">Trauma und Sexualtherapie<\/h1>\n<\/div>\n\n\n\n<div class=\"wp-block-columns alignwide is-layout-flex wp-container-core-columns-is-layout-28f84493 wp-block-columns-is-layout-flex\">\n<div class=\"wp-block-column is-layout-flow wp-block-column-is-layout-flow\" style=\"flex-basis:33.33%\">\n<figure class=\"wp-block-image size-large\"><img fetchpriority=\"high\" decoding=\"async\" width=\"400\" height=\"330\" src=\"https:\/\/akademie-sexualtherapie.de\/blog\/wp-content\/uploads\/2017\/12\/Fotolia_78448507_XS_copyright.jpg\" alt=\"Trauma und Sexualtherapie\" class=\"wp-image-509\" srcset=\"https:\/\/akademie-sexualtherapie.de\/blog\/wp-content\/uploads\/2017\/12\/Fotolia_78448507_XS_copyright.jpg 400w, https:\/\/akademie-sexualtherapie.de\/blog\/wp-content\/uploads\/2017\/12\/Fotolia_78448507_XS_copyright-300x248.jpg 300w\" sizes=\"(max-width: 400px) 100vw, 400px\" \/><\/figure>\n<\/div>\n\n\n\n<div class=\"wp-block-column is-layout-flow wp-block-column-is-layout-flow\" style=\"flex-basis:66.66%\">\n<p>Trauma und Sexualtherapie- Fortbildung Sexualtherapie<br><a href=\"\/\/akademie-sexualtherapie.de\/blog\/ausbildung-sexualtherapie-erstes-studienjahr\/\">Zur\u00fcck zur Gesamt\u00fcbersicht \u00fcber das erste Studienjahr<\/a><\/p>\n\n\n\n<h6 class=\"wp-block-heading\" id=\"fortbildung-sexualtherapie\">Fortbildung Sexualtherapie<\/h6>\n\n\n\n<h4 class=\"wp-block-heading\" id=\"6-kurseinheittrauma-und-sexualtherapie\">6. Kurseinheit<br>Trauma und Sexualtherapie<\/h4>\n\n\n\n<h6 class=\"wp-block-heading\" id=\"missbrauch-trauma-und-sexualtherapie\">Missbrauch, Trauma und Sexualtherapie<\/h6>\n\n\n\n<p>Viele sexuelle St\u00f6rungen haben ihre Wurzeln in traumatischen Erfahrungen, die bis in die Kindheit zur\u00fcckreichen k\u00f6nnen.<\/p>\n\n\n\n<p>An erster Stelle steht hier das Thema Missbrauch: Nach einer Studie von <a href=\"\/\/www.gbv.de\/dms\/bs\/toc\/373364601.pdf\" target=\"_blank\" rel=\"noopener noreferrer\">C\u00e9cile Ernst<\/a> aus dem Jahr 2005 bejahen im deutschsprachigen Sprachraum circa 10-15 % der befragten Frauen und 5% der befragten M\u00e4nner, bis zum Alter von 14 oder 16 Jahren \u201emindestens einen unerw\u00fcnschten oder durch die \u201amoralische\u2018 \u00dcbermacht einer deutlich \u00e4lteren Person oder durch Gewalt erzwungenen sexuellen K\u00f6rperkontakt\u201c erlebt zu haben. Dabei finden 20% der \u00dcbergriffe finden durch Frauen als T\u00e4terinnen statt. Die Dunkelziffer ist sehr hoch.<\/p>\n\n\n\n<p>Kindesmissbrauch ist sehr viel weiter zu fassen als &#8222;nur&#8220; der Extremfall genitalen Geschlechtsverkehrs: (vgl. meinen ausf\u00fchrlichen <a href=\"\/\/sexualtherapie.online\/blog\/sexueller-missbrauch-von-kindern\/\" target=\"_blank\" rel=\"noopener noreferrer\">Blogbeitrag zum Thema<\/a>). Bereits eine sexualisierte Beziehung eines Elternteils zum Kind stellt eine Form des Missbrauchs dar.<\/p>\n\n\n\n<p>Weitere traumatische Erfahrungen im sexuellen Bereich sind alle Formen sexueller \u00dcbergriffe bis hin zur Vergewaltigung. Viele Opfer haben gro\u00dfe Schwierigkeiten, \u00fcber das Geschehene zu sprechen- manchmal aus unangebrachter F\u00fcrsorge f\u00fcr den oder die T\u00e4terin, die ja auch nette Seiten gehabt haben k\u00f6nnen, manchmal aus Angst, durch das Wiederaufleben der Erinnerung in einen Strudel gezogen zu werden.<\/p>\n\n\n\n<p>Ein Trauma kann zahlreiche psychische Krankheiten ausl\u00f6sen, unter anderem:<\/p>\n\n\n\n<ul class=\"wp-block-list\"><li>Bindungsst\u00f6rungen<\/li><li>Essst\u00f6rungen<\/li><li>St\u00f6rungen des Sozialverhaltens<\/li><li>Angst, Phobien und depressive St\u00f6rungen<\/li><li>Borderline-St\u00f6rungen<\/li><li>Suizidalit\u00e4t<\/li><li>PTBS (posttraumatisches Belastungssyndrom)<\/li><\/ul>\n\n\n\n<p>Weitere Informationen dazu <a href=\"\/\/sexualtherapie.online\/blog\/sexueller-missbrauch-und-trauma\/\" target=\"_blank\" rel=\"noopener noreferrer\">unter diesem Link<\/a>.<\/p>\n\n\n\n<h4 class=\"wp-block-heading\" id=\"lernziele\">Lernziele<\/h4>\n\n\n\n<ul class=\"wp-block-list\"><li>Diagnostische Kenntnisse und Instrumentarien zur Beurteilung von Traumata<\/li><li>Wissen um die unterschiedlichen resultierenden Krankheitsbilder<\/li><li>Verst\u00e4ndnis f\u00fcr die besondere Verletzlichkeit von KlientInnen mit traumatischen Erfahrungen<\/li><li>Kenntnis der wichtigsten Therapieverfahren bei Trauma<\/li><\/ul>\n\n\n\n<h4 class=\"wp-block-heading\" id=\"praktische-ubungen\">Praktische \u00dcbungen<\/h4>\n\n\n\n<p>Auch bei diesem Wochenende sind praktische \u00dcbungen wesentlicher Bestandteil der Fortbildung:<\/p>\n\n\n\n<ul class=\"wp-block-list\"><li>\u00dcbungen in Kleingruppen zum diagnostischen Gespr\u00e4ch<\/li><li>\u00dcbung von Beratungsgespr\u00e4chen im Rollenspiel<\/li><li>\u00dcbungen in der Narrativen Expositionstherapie (NET)<\/li><\/ul>\n\n\n\n<h4 class=\"wp-block-heading\" id=\"fallbeispiele-und-weitere-informationen\">Fallbeispiele und weitere Informationen<\/h4>\n\n\n\n<ul class=\"wp-block-list\"><li><a href=\"\/\/sexualtherapie.online\/blog\/sexueller-missbrauch-von-kindern\/\" target=\"_blank\" rel=\"noopener noreferrer\">was ist sexueller Missbrauch?<\/a><\/li><li><a href=\"\/\/sexualtherapie.online\/blog\/sexueller-missbrauch-und-trauma\/\" target=\"_blank\" rel=\"noopener noreferrer\">Missbrauch und Trauma<\/a><\/li><li><a href=\"\/\/sexualtherapie.online\/blog\/sexueller-missbrauch-durch-die-mutter\/\" target=\"_blank\" rel=\"noopener noreferrer\">Missbrauch durch die Mutter<\/a><\/li><\/ul>\n\n\n\n<h3 class=\"wp-block-heading\" id=\"lesen-sie-weiter\">Lesen Sie weiter:<\/h3>\n\n\n\n<p><a href=\"https:\/\/akademie-sexualtherapie.de\/blog\/koerpersymptome\/\">7. Kurseinheit: K\u00f6rpersymptome<\/a><\/p>\n<\/div>\n<\/div>\n\n\n\n<p><\/p>\n","protected":false},"excerpt":{"rendered":"<p>Trauma und Sexualtherapie Trauma und Sexualtherapie- Fortbildung SexualtherapieZur\u00fcck zur Gesamt\u00fcbersicht \u00fcber das erste Studienjahr Fortbildung Sexualtherapie 6. KurseinheitTrauma und Sexualtherapie [&hellip;]<\/p>\n","protected":false},"author":1,"featured_media":0,"parent":0,"menu_order":0,"comment_status":"closed","ping_status":"closed","template":"","meta":{"footnotes":""},"class_list":["post-286","page","type-page","status-publish"],"yoast_head":"<!-- This site is optimized with the Yoast SEO plugin v27.5 - https:\/\/yoast.com\/product\/yoast-seo-wordpress\/ -->\n<title>Trauma und Sexualtherapie - AKST - Akademie f\u00fcr Sexualtherapie und Psychotherapie<\/title>\n<meta name=\"robots\" content=\"index, follow, max-snippet:-1, max-image-preview:large, max-video-preview:-1\" \/>\n<link rel=\"canonical\" href=\"https:\/\/akademie-sexualtherapie.de\/blog\/trauma-und-sexualtherapie\/\" \/>\n<meta property=\"og:locale\" content=\"de_DE\" \/>\n<meta property=\"og:type\" content=\"article\" \/>\n<meta property=\"og:title\" content=\"Trauma und Sexualtherapie - AKST - Akademie f\u00fcr Sexualtherapie und Psychotherapie\" \/>\n<meta property=\"og:description\" content=\"Trauma und Sexualtherapie Trauma und Sexualtherapie- Fortbildung SexualtherapieZur\u00fcck zur Gesamt\u00fcbersicht \u00fcber das erste Studienjahr Fortbildung Sexualtherapie 6. KurseinheitTrauma und Sexualtherapie [&hellip;]\" \/>\n<meta property=\"og:url\" content=\"https:\/\/akademie-sexualtherapie.de\/blog\/trauma-und-sexualtherapie\/\" \/>\n<meta property=\"og:site_name\" content=\"AKST - Akademie f\u00fcr Sexualtherapie und Psychotherapie\" \/>\n<meta property=\"article:publisher\" content=\"https:\/\/www.facebook.com\/Dr.Petery\" \/>\n<meta property=\"article:modified_time\" content=\"2025-02-05T06:10:02+00:00\" \/>\n<meta property=\"og:image\" content=\"https:\/\/akademie-sexualtherapie.de\/blog\/wp-content\/uploads\/2017\/12\/Fotolia_78448507_XS_copyright.jpg\" \/>\n<meta name=\"twitter:card\" content=\"summary_large_image\" \/>\n<meta name=\"twitter:label1\" content=\"Gesch\u00e4tzte Lesezeit\" \/>\n\t<meta name=\"twitter:data1\" content=\"2\u00a0Minuten\" \/>\n<script type=\"application\/ld+json\" class=\"yoast-schema-graph\">{\"@context\":\"https:\\\/\\\/schema.org\",\"@graph\":[{\"@type\":\"WebPage\",\"@id\":\"https:\\\/\\\/akademie-sexualtherapie.de\\\/blog\\\/trauma-und-sexualtherapie\\\/\",\"url\":\"https:\\\/\\\/akademie-sexualtherapie.de\\\/blog\\\/trauma-und-sexualtherapie\\\/\",\"name\":\"Trauma und Sexualtherapie - AKST - Akademie f\u00fcr Sexualtherapie und Psychotherapie\",\"isPartOf\":{\"@id\":\"https:\\\/\\\/akademie-sexualtherapie.de\\\/blog\\\/#website\"},\"primaryImageOfPage\":{\"@id\":\"https:\\\/\\\/akademie-sexualtherapie.de\\\/blog\\\/trauma-und-sexualtherapie\\\/#primaryimage\"},\"image\":{\"@id\":\"https:\\\/\\\/akademie-sexualtherapie.de\\\/blog\\\/trauma-und-sexualtherapie\\\/#primaryimage\"},\"thumbnailUrl\":\"https:\\\/\\\/akademie-sexualtherapie.de\\\/blog\\\/wp-content\\\/uploads\\\/2017\\\/12\\\/Fotolia_78448507_XS_copyright.jpg\",\"datePublished\":\"2017-11-29T11:00:52+00:00\",\"dateModified\":\"2025-02-05T06:10:02+00:00\",\"breadcrumb\":{\"@id\":\"https:\\\/\\\/akademie-sexualtherapie.de\\\/blog\\\/trauma-und-sexualtherapie\\\/#breadcrumb\"},\"inLanguage\":\"de\",\"potentialAction\":[{\"@type\":\"ReadAction\",\"target\":[\"https:\\\/\\\/akademie-sexualtherapie.de\\\/blog\\\/trauma-und-sexualtherapie\\\/\"]}]},{\"@type\":\"ImageObject\",\"inLanguage\":\"de\",\"@id\":\"https:\\\/\\\/akademie-sexualtherapie.de\\\/blog\\\/trauma-und-sexualtherapie\\\/#primaryimage\",\"url\":\"https:\\\/\\\/akademie-sexualtherapie.de\\\/blog\\\/wp-content\\\/uploads\\\/2017\\\/12\\\/Fotolia_78448507_XS_copyright.jpg\",\"contentUrl\":\"https:\\\/\\\/akademie-sexualtherapie.de\\\/blog\\\/wp-content\\\/uploads\\\/2017\\\/12\\\/Fotolia_78448507_XS_copyright.jpg\",\"width\":400,\"height\":330,\"caption\":\"Trauma und Sexualtherapie\"},{\"@type\":\"BreadcrumbList\",\"@id\":\"https:\\\/\\\/akademie-sexualtherapie.de\\\/blog\\\/trauma-und-sexualtherapie\\\/#breadcrumb\",\"itemListElement\":[{\"@type\":\"ListItem\",\"position\":1,\"name\":\"Startseite\",\"item\":\"https:\\\/\\\/akademie-sexualtherapie.de\\\/blog\\\/\"},{\"@type\":\"ListItem\",\"position\":2,\"name\":\"Trauma und Sexualtherapie\"}]},{\"@type\":\"WebSite\",\"@id\":\"https:\\\/\\\/akademie-sexualtherapie.de\\\/blog\\\/#website\",\"url\":\"https:\\\/\\\/akademie-sexualtherapie.de\\\/blog\\\/\",\"name\":\"Akademie f\u00fcr Sexualtherapie (AKST)\",\"description\":\"\",\"publisher\":{\"@id\":\"https:\\\/\\\/akademie-sexualtherapie.de\\\/blog\\\/#organization\"},\"potentialAction\":[{\"@type\":\"SearchAction\",\"target\":{\"@type\":\"EntryPoint\",\"urlTemplate\":\"https:\\\/\\\/akademie-sexualtherapie.de\\\/blog\\\/?s={search_term_string}\"},\"query-input\":{\"@type\":\"PropertyValueSpecification\",\"valueRequired\":true,\"valueName\":\"search_term_string\"}}],\"inLanguage\":\"de\"},{\"@type\":\"Organization\",\"@id\":\"https:\\\/\\\/akademie-sexualtherapie.de\\\/blog\\\/#organization\",\"name\":\"AKST Akademie f\u00fcr Sexualtherapie\",\"url\":\"https:\\\/\\\/akademie-sexualtherapie.de\\\/blog\\\/\",\"logo\":{\"@type\":\"ImageObject\",\"inLanguage\":\"de\",\"@id\":\"https:\\\/\\\/akademie-sexualtherapie.de\\\/blog\\\/#\\\/schema\\\/logo\\\/image\\\/\",\"url\":\"https:\\\/\\\/akademie-sexualtherapie.de\\\/blog\\\/wp-content\\\/uploads\\\/2019\\\/01\\\/Sexualtherapie-Dr.-Petery.jpg\",\"contentUrl\":\"https:\\\/\\\/akademie-sexualtherapie.de\\\/blog\\\/wp-content\\\/uploads\\\/2019\\\/01\\\/Sexualtherapie-Dr.-Petery.jpg\",\"width\":592,\"height\":510,\"caption\":\"AKST Akademie f\u00fcr Sexualtherapie\"},\"image\":{\"@id\":\"https:\\\/\\\/akademie-sexualtherapie.de\\\/blog\\\/#\\\/schema\\\/logo\\\/image\\\/\"},\"sameAs\":[\"https:\\\/\\\/www.facebook.com\\\/Dr.Petery\"]}]}<\/script>\n<!-- \/ Yoast SEO plugin. -->","yoast_head_json":{"title":"Trauma und Sexualtherapie - AKST - Akademie f\u00fcr Sexualtherapie und Psychotherapie","robots":{"index":"index","follow":"follow","max-snippet":"max-snippet:-1","max-image-preview":"max-image-preview:large","max-video-preview":"max-video-preview:-1"},"canonical":"https:\/\/akademie-sexualtherapie.de\/blog\/trauma-und-sexualtherapie\/","og_locale":"de_DE","og_type":"article","og_title":"Trauma und Sexualtherapie - AKST - Akademie f\u00fcr Sexualtherapie und Psychotherapie","og_description":"Trauma und Sexualtherapie Trauma und Sexualtherapie- Fortbildung SexualtherapieZur\u00fcck zur Gesamt\u00fcbersicht \u00fcber das erste Studienjahr Fortbildung Sexualtherapie 6. KurseinheitTrauma und Sexualtherapie [&hellip;]","og_url":"https:\/\/akademie-sexualtherapie.de\/blog\/trauma-und-sexualtherapie\/","og_site_name":"AKST - Akademie f\u00fcr Sexualtherapie und Psychotherapie","article_publisher":"https:\/\/www.facebook.com\/Dr.Petery","article_modified_time":"2025-02-05T06:10:02+00:00","og_image":[{"url":"https:\/\/akademie-sexualtherapie.de\/blog\/wp-content\/uploads\/2017\/12\/Fotolia_78448507_XS_copyright.jpg","type":"","width":"","height":""}],"twitter_card":"summary_large_image","twitter_misc":{"Gesch\u00e4tzte Lesezeit":"2\u00a0Minuten"},"schema":{"@context":"https:\/\/schema.org","@graph":[{"@type":"WebPage","@id":"https:\/\/akademie-sexualtherapie.de\/blog\/trauma-und-sexualtherapie\/","url":"https:\/\/akademie-sexualtherapie.de\/blog\/trauma-und-sexualtherapie\/","name":"Trauma und Sexualtherapie - AKST - Akademie f\u00fcr Sexualtherapie und Psychotherapie","isPartOf":{"@id":"https:\/\/akademie-sexualtherapie.de\/blog\/#website"},"primaryImageOfPage":{"@id":"https:\/\/akademie-sexualtherapie.de\/blog\/trauma-und-sexualtherapie\/#primaryimage"},"image":{"@id":"https:\/\/akademie-sexualtherapie.de\/blog\/trauma-und-sexualtherapie\/#primaryimage"},"thumbnailUrl":"https:\/\/akademie-sexualtherapie.de\/blog\/wp-content\/uploads\/2017\/12\/Fotolia_78448507_XS_copyright.jpg","datePublished":"2017-11-29T11:00:52+00:00","dateModified":"2025-02-05T06:10:02+00:00","breadcrumb":{"@id":"https:\/\/akademie-sexualtherapie.de\/blog\/trauma-und-sexualtherapie\/#breadcrumb"},"inLanguage":"de","potentialAction":[{"@type":"ReadAction","target":["https:\/\/akademie-sexualtherapie.de\/blog\/trauma-und-sexualtherapie\/"]}]},{"@type":"ImageObject","inLanguage":"de","@id":"https:\/\/akademie-sexualtherapie.de\/blog\/trauma-und-sexualtherapie\/#primaryimage","url":"https:\/\/akademie-sexualtherapie.de\/blog\/wp-content\/uploads\/2017\/12\/Fotolia_78448507_XS_copyright.jpg","contentUrl":"https:\/\/akademie-sexualtherapie.de\/blog\/wp-content\/uploads\/2017\/12\/Fotolia_78448507_XS_copyright.jpg","width":400,"height":330,"caption":"Trauma und Sexualtherapie"},{"@type":"BreadcrumbList","@id":"https:\/\/akademie-sexualtherapie.de\/blog\/trauma-und-sexualtherapie\/#breadcrumb","itemListElement":[{"@type":"ListItem","position":1,"name":"Startseite","item":"https:\/\/akademie-sexualtherapie.de\/blog\/"},{"@type":"ListItem","position":2,"name":"Trauma und Sexualtherapie"}]},{"@type":"WebSite","@id":"https:\/\/akademie-sexualtherapie.de\/blog\/#website","url":"https:\/\/akademie-sexualtherapie.de\/blog\/","name":"Akademie f\u00fcr Sexualtherapie (AKST)","description":"","publisher":{"@id":"https:\/\/akademie-sexualtherapie.de\/blog\/#organization"},"potentialAction":[{"@type":"SearchAction","target":{"@type":"EntryPoint","urlTemplate":"https:\/\/akademie-sexualtherapie.de\/blog\/?s={search_term_string}"},"query-input":{"@type":"PropertyValueSpecification","valueRequired":true,"valueName":"search_term_string"}}],"inLanguage":"de"},{"@type":"Organization","@id":"https:\/\/akademie-sexualtherapie.de\/blog\/#organization","name":"AKST Akademie f\u00fcr Sexualtherapie","url":"https:\/\/akademie-sexualtherapie.de\/blog\/","logo":{"@type":"ImageObject","inLanguage":"de","@id":"https:\/\/akademie-sexualtherapie.de\/blog\/#\/schema\/logo\/image\/","url":"https:\/\/akademie-sexualtherapie.de\/blog\/wp-content\/uploads\/2019\/01\/Sexualtherapie-Dr.-Petery.jpg","contentUrl":"https:\/\/akademie-sexualtherapie.de\/blog\/wp-content\/uploads\/2019\/01\/Sexualtherapie-Dr.-Petery.jpg","width":592,"height":510,"caption":"AKST Akademie f\u00fcr Sexualtherapie"},"image":{"@id":"https:\/\/akademie-sexualtherapie.de\/blog\/#\/schema\/logo\/image\/"},"sameAs":["https:\/\/www.facebook.com\/Dr.Petery"]}]}},"_links":{"self":[{"href":"https:\/\/akademie-sexualtherapie.de\/blog\/wp-json\/wp\/v2\/pages\/286","targetHints":{"allow":["GET"]}}],"collection":[{"href":"https:\/\/akademie-sexualtherapie.de\/blog\/wp-json\/wp\/v2\/pages"}],"about":[{"href":"https:\/\/akademie-sexualtherapie.de\/blog\/wp-json\/wp\/v2\/types\/page"}],"author":[{"embeddable":true,"href":"https:\/\/akademie-sexualtherapie.de\/blog\/wp-json\/wp\/v2\/users\/1"}],"replies":[{"embeddable":true,"href":"https:\/\/akademie-sexualtherapie.de\/blog\/wp-json\/wp\/v2\/comments?post=286"}],"version-history":[{"count":0,"href":"https:\/\/akademie-sexualtherapie.de\/blog\/wp-json\/wp\/v2\/pages\/286\/revisions"}],"wp:attachment":[{"href":"https:\/\/akademie-sexualtherapie.de\/blog\/wp-json\/wp\/v2\/media?parent=286"}],"curies":[{"name":"wp","href":"https:\/\/api.w.org\/{rel}","templated":true}]}}