{"id":270,"date":"2017-11-29T11:54:35","date_gmt":"2017-11-29T10:54:35","guid":{"rendered":"https:\/\/akademie-sexualtherapie.de\/blog\/?page_id=270"},"modified":"2025-02-05T06:38:17","modified_gmt":"2025-02-05T05:38:17","slug":"die-haeufigsten-therapeutenfehler","status":"publish","type":"page","link":"https:\/\/akademie-sexualtherapie.de\/blog\/die-haeufigsten-therapeutenfehler\/","title":{"rendered":"Die h\u00e4ufigsten Therapeutenfehler"},"content":{"rendered":"\r\n<div class=\"wp-block-columns is-layout-flex wp-container-core-columns-is-layout-28f84493 wp-block-columns-is-layout-flex\">\r\n<div class=\"wp-block-column is-layout-flow wp-block-column-is-layout-flow\" style=\"flex-basis: 33.33%;\">\r\n<figure class=\"wp-block-image size-large\"><img fetchpriority=\"high\" decoding=\"async\" width=\"346\" height=\"376\" class=\"wp-image-700\" src=\"https:\/\/akademie-sexualtherapie.de\/blog\/wp-content\/uploads\/2018\/02\/Fotolia_89627042_XS.jpg\" alt=\"Die h\u00e4ufigsten Therapeutenfehler\" srcset=\"https:\/\/akademie-sexualtherapie.de\/blog\/wp-content\/uploads\/2018\/02\/Fotolia_89627042_XS.jpg 346w, https:\/\/akademie-sexualtherapie.de\/blog\/wp-content\/uploads\/2018\/02\/Fotolia_89627042_XS-276x300.jpg 276w\" sizes=\"(max-width: 346px) 100vw, 346px\" \/><\/figure>\r\n<\/div>\r\n\r\n\r\n\r\n<div class=\"wp-block-column is-layout-flow wp-block-column-is-layout-flow\" style=\"flex-basis: 66.66%;\">\r\n<p>Die h\u00e4ufigsten Therapeutenfehler &#8211; was in einer Therapie nicht passieren sollte&#8230; <a href=\"\/\/akademie-sexualtherapie.de\/blog\/das-zweite-studienjahr\/\">Zur\u00fcck zur Gesamt\u00fcbersicht \u00fcber das zweite Studienjahr<\/a><\/p>\r\n\r\n\r\n\r\n<h6 class=\"wp-block-heading\" id=\"fortbildung-sexualtherapie\">Fortbildung Sexualtherapie<\/h6>\r\n\r\n\r\n\r\n<h4 class=\"wp-block-heading\" id=\"13-kurseinheitdie-haufigsten-therapeutenfehler\">13. Kurseinheit<br \/>Die h\u00e4ufigsten Therapeutenfehler<\/h4>\r\n\r\n\r\n\r\n<p>An diesem Wochenende geht es um alles, was ein Therapeut falsch machen kann. Denn nur wer das wei\u00df, kann ein richtig guter Therapeut werden.<\/p>\r\n\r\n\r\n\r\n<h4 class=\"wp-block-heading\" id=\"haufige-therapeutenfehler-im-vorfeld\">H\u00e4ufige Therapeutenfehler im Vorfeld<\/h4>\r\n\r\n\r\n\r\n<p>Der wichtigste Wirkfaktor einer Therapie ist die Beziehung zwischen Therapeut und Klient. Wenn schon im Vorfeld Fehler in der Kommunikation entstehen, kann sich das auf den gesamten Therapieverlauf auswirken. Beispiele sind:<\/p>\r\n\r\n\r\n\r\n<ul class=\"wp-block-list\">\r\n<li>Der Therapeut fragt nicht nach den Erwartungen des Klienten an die Therapie<\/li>\r\n<li>Der Therapeut interessiert sich nicht f\u00fcr vorangegangene Therapieerfahrungen<\/li>\r\n<li>Der Therapeut begn\u00fcgt sich mit einer unvollst\u00e4ndigen Diagnostik<\/li>\r\n<li>&#8230;<\/li>\r\n<\/ul>\r\n\r\n\r\n\r\n<h4 class=\"wp-block-heading\" id=\"haufige-therapeutenfehler-im-therapieverlauf\">H\u00e4ufige Therapeutenfehler im Therapieverlauf<\/h4>\r\n\r\n\r\n\r\n<ul class=\"wp-block-list\">\r\n<li>Der Therapeut arbeitet ohne klaren Arbeitsauftrag des Klienten<\/li>\r\n<li>Der Therapeut holt nicht regelm\u00e4\u00dfig des Feedback des Klienten ein<\/li>\r\n<li>Der Therapeut legt die Tagesordnung einer Sitzung ohne den Klienten fest<\/li>\r\n<li>Der Therapeut pr\u00fcft die Zusammenarbeit mit \u00c4rzten nicht oder lehnt die medizinische Behandlung mit Psychopharmaka aus Prinzip ab<\/li>\r\n<li>&#8230;<\/li>\r\n<\/ul>\r\n\r\n\r\n\r\n<p>Auch im Therapieverlauf gibt es viele Punkte, die ein Therapeut falsch machen kann, zum Beispiel:<\/p>\r\n\r\n\r\n\r\n<h4 class=\"wp-block-heading\" id=\"haufige-therapeutenfehler-im-umgang-mit-sich-selbst\">H\u00e4ufige Therapeutenfehler im Umgang mit sich selbst<\/h4>\r\n\r\n\r\n\r\n<p>Im Umgang mit sich selbst kann ein Therapeut viele Fehler machen, beispielsweise:<\/p>\r\n\r\n\r\n\r\n<ul class=\"wp-block-list\">\r\n<li>Der Therapeut k\u00fcmmert sich nicht oder zu wenig um sein eigenes Wohlbefinden und l\u00e4uft in die BurnOut-Falle<\/li>\r\n<li>Der Therapeut arbeitet ohne begleitende fachliche Supervision als Einzelk\u00e4mpfer<\/li>\r\n<li>Der Therapeut vernachl\u00e4ssigt die eigene Fortbildung und den aktuellen Stand der Forschung<\/li>\r\n<li>&#8230;<\/li>\r\n<\/ul>\r\n\r\n\r\n\r\n<h4 class=\"wp-block-heading\" id=\"lernziele\">Lernziele<\/h4>\r\n\r\n\r\n\r\n<ul class=\"wp-block-list\">\r\n<li>Wissen um die h\u00e4ufigsten Therapeutenfehler und ihre Ursachen<\/li>\r\n<li>eigene Fehler wahrnehmen und korrigieren<\/li>\r\n<li>Kenntnis der wichtigsten Methoden zur Selbstf\u00fcrsorge<\/li>\r\n<\/ul>\r\n\r\n\r\n\r\n<h4 class=\"wp-block-heading\" id=\"praktische-ubungen\">Praktische \u00dcbungen<\/h4>\r\n\r\n\r\n\r\n<p>Auch bei diesem Wochenende sind praktische \u00dcbungen wesentlicher Bestandteil der Fortbildung:<\/p>\r\n\r\n\r\n\r\n<ul class=\"wp-block-list\">\r\n<li>Supervision annehmen und geben<\/li>\r\n<li>Reflexion \u00fcber das eigene Rollenverst\u00e4ndnis als Therapeut<\/li>\r\n<\/ul>\r\n\r\n\r\n\r\n<h4 class=\"wp-block-heading\" id=\"lesen-sie-weiter\">Lesen Sie weiter:<\/h4>\r\n\r\n\r\n\r\n<p><a href=\"\/\/akademie-sexualtherapie.de\/blog\/der-abschluss-einer-therapie\/\">14. Kurseinheit: Der Abschluss einer Therapie<\/a><\/p>\r\n<\/div>\r\n<\/div>\r\n","protected":false},"excerpt":{"rendered":"<p>Die h\u00e4ufigsten Therapeutenfehler &#8211; was in einer Therapie nicht passieren sollte&#8230; Zur\u00fcck zur Gesamt\u00fcbersicht \u00fcber das zweite Studienjahr Fortbildung Sexualtherapie [&hellip;]<\/p>\n","protected":false},"author":1,"featured_media":0,"parent":0,"menu_order":0,"comment_status":"closed","ping_status":"closed","template":"","meta":{"footnotes":""},"class_list":["post-270","page","type-page","status-publish"],"yoast_head":"<!-- This site is optimized with the Yoast SEO plugin v27.4 - https:\/\/yoast.com\/product\/yoast-seo-wordpress\/ -->\n<title>Die h\u00e4ufigsten Therapeutenfehler - Kurseinheit 2. Studienjahr<\/title>\n<meta name=\"description\" content=\"Die h\u00e4ufigsten Therapeutenfehler- in dieser Kurseinheit trainieren wir, was in einer Therapie nicht passieren sollte...\" \/>\n<meta name=\"robots\" content=\"index, follow, max-snippet:-1, max-image-preview:large, max-video-preview:-1\" \/>\n<link rel=\"canonical\" href=\"https:\/\/akademie-sexualtherapie.de\/blog\/die-haeufigsten-therapeutenfehler\/\" \/>\n<meta property=\"og:locale\" content=\"de_DE\" \/>\n<meta property=\"og:type\" content=\"article\" \/>\n<meta property=\"og:title\" content=\"Die h\u00e4ufigsten Therapeutenfehler - Kurseinheit 2. Studienjahr\" \/>\n<meta property=\"og:description\" content=\"Die h\u00e4ufigsten Therapeutenfehler- in dieser Kurseinheit trainieren wir, was in einer Therapie nicht passieren sollte...\" \/>\n<meta property=\"og:url\" content=\"https:\/\/akademie-sexualtherapie.de\/blog\/die-haeufigsten-therapeutenfehler\/\" \/>\n<meta property=\"og:site_name\" content=\"AKST - Akademie f\u00fcr Sexualtherapie und Psychotherapie\" \/>\n<meta property=\"article:publisher\" content=\"https:\/\/www.facebook.com\/Dr.Petery\" \/>\n<meta property=\"article:modified_time\" content=\"2025-02-05T05:38:17+00:00\" \/>\n<meta property=\"og:image\" content=\"https:\/\/akademie-sexualtherapie.de\/blog\/wp-content\/uploads\/2018\/02\/Fotolia_89627042_XS.jpg\" \/>\n<meta name=\"twitter:card\" content=\"summary_large_image\" \/>\n<meta name=\"twitter:label1\" content=\"Gesch\u00e4tzte Lesezeit\" \/>\n\t<meta name=\"twitter:data1\" content=\"2\u00a0Minuten\" \/>\n<script type=\"application\/ld+json\" class=\"yoast-schema-graph\">{\"@context\":\"https:\\\/\\\/schema.org\",\"@graph\":[{\"@type\":\"WebPage\",\"@id\":\"https:\\\/\\\/akademie-sexualtherapie.de\\\/blog\\\/die-haeufigsten-therapeutenfehler\\\/\",\"url\":\"https:\\\/\\\/akademie-sexualtherapie.de\\\/blog\\\/die-haeufigsten-therapeutenfehler\\\/\",\"name\":\"Die h\u00e4ufigsten Therapeutenfehler - Kurseinheit 2. Studienjahr\",\"isPartOf\":{\"@id\":\"https:\\\/\\\/akademie-sexualtherapie.de\\\/blog\\\/#website\"},\"primaryImageOfPage\":{\"@id\":\"https:\\\/\\\/akademie-sexualtherapie.de\\\/blog\\\/die-haeufigsten-therapeutenfehler\\\/#primaryimage\"},\"image\":{\"@id\":\"https:\\\/\\\/akademie-sexualtherapie.de\\\/blog\\\/die-haeufigsten-therapeutenfehler\\\/#primaryimage\"},\"thumbnailUrl\":\"https:\\\/\\\/akademie-sexualtherapie.de\\\/blog\\\/wp-content\\\/uploads\\\/2018\\\/02\\\/Fotolia_89627042_XS.jpg\",\"datePublished\":\"2017-11-29T10:54:35+00:00\",\"dateModified\":\"2025-02-05T05:38:17+00:00\",\"description\":\"Die h\u00e4ufigsten Therapeutenfehler- in dieser Kurseinheit trainieren wir, was in einer Therapie nicht passieren sollte...\",\"breadcrumb\":{\"@id\":\"https:\\\/\\\/akademie-sexualtherapie.de\\\/blog\\\/die-haeufigsten-therapeutenfehler\\\/#breadcrumb\"},\"inLanguage\":\"de\",\"potentialAction\":[{\"@type\":\"ReadAction\",\"target\":[\"https:\\\/\\\/akademie-sexualtherapie.de\\\/blog\\\/die-haeufigsten-therapeutenfehler\\\/\"]}]},{\"@type\":\"ImageObject\",\"inLanguage\":\"de\",\"@id\":\"https:\\\/\\\/akademie-sexualtherapie.de\\\/blog\\\/die-haeufigsten-therapeutenfehler\\\/#primaryimage\",\"url\":\"https:\\\/\\\/akademie-sexualtherapie.de\\\/blog\\\/wp-content\\\/uploads\\\/2018\\\/02\\\/Fotolia_89627042_XS.jpg\",\"contentUrl\":\"https:\\\/\\\/akademie-sexualtherapie.de\\\/blog\\\/wp-content\\\/uploads\\\/2018\\\/02\\\/Fotolia_89627042_XS.jpg\",\"width\":346,\"height\":376,\"caption\":\"Pech, ausrutschen, banane, bananenschale, unfall, Berufsunfall, Fehlschlag, Mi\u00dferfolg, Ungl\u00fcck, Verletzung, verletzen, Pechstr\u00e4hne, Schlappe, fallen, fussg\u00e4nger, gefahr, gef\u00e4hrlich, hinfallen, problem, risiko, rutschen, schrei, stolpern, treten, unvorsichtig, Beinbruch, verletzen, Versicherung, zeichnung, \u00fcberraschung, Krankenkasse, Unfallaufnahme, Ambulanz, m\u00e4nnchen, Strichm\u00e4nnchen\"},{\"@type\":\"BreadcrumbList\",\"@id\":\"https:\\\/\\\/akademie-sexualtherapie.de\\\/blog\\\/die-haeufigsten-therapeutenfehler\\\/#breadcrumb\",\"itemListElement\":[{\"@type\":\"ListItem\",\"position\":1,\"name\":\"Startseite\",\"item\":\"https:\\\/\\\/akademie-sexualtherapie.de\\\/blog\\\/\"},{\"@type\":\"ListItem\",\"position\":2,\"name\":\"Die h\u00e4ufigsten Therapeutenfehler\"}]},{\"@type\":\"WebSite\",\"@id\":\"https:\\\/\\\/akademie-sexualtherapie.de\\\/blog\\\/#website\",\"url\":\"https:\\\/\\\/akademie-sexualtherapie.de\\\/blog\\\/\",\"name\":\"Akademie f\u00fcr Sexualtherapie (AKST)\",\"description\":\"\",\"publisher\":{\"@id\":\"https:\\\/\\\/akademie-sexualtherapie.de\\\/blog\\\/#organization\"},\"potentialAction\":[{\"@type\":\"SearchAction\",\"target\":{\"@type\":\"EntryPoint\",\"urlTemplate\":\"https:\\\/\\\/akademie-sexualtherapie.de\\\/blog\\\/?s={search_term_string}\"},\"query-input\":{\"@type\":\"PropertyValueSpecification\",\"valueRequired\":true,\"valueName\":\"search_term_string\"}}],\"inLanguage\":\"de\"},{\"@type\":\"Organization\",\"@id\":\"https:\\\/\\\/akademie-sexualtherapie.de\\\/blog\\\/#organization\",\"name\":\"AKST Akademie f\u00fcr Sexualtherapie\",\"url\":\"https:\\\/\\\/akademie-sexualtherapie.de\\\/blog\\\/\",\"logo\":{\"@type\":\"ImageObject\",\"inLanguage\":\"de\",\"@id\":\"https:\\\/\\\/akademie-sexualtherapie.de\\\/blog\\\/#\\\/schema\\\/logo\\\/image\\\/\",\"url\":\"https:\\\/\\\/akademie-sexualtherapie.de\\\/blog\\\/wp-content\\\/uploads\\\/2019\\\/01\\\/Sexualtherapie-Dr.-Petery.jpg\",\"contentUrl\":\"https:\\\/\\\/akademie-sexualtherapie.de\\\/blog\\\/wp-content\\\/uploads\\\/2019\\\/01\\\/Sexualtherapie-Dr.-Petery.jpg\",\"width\":592,\"height\":510,\"caption\":\"AKST Akademie f\u00fcr Sexualtherapie\"},\"image\":{\"@id\":\"https:\\\/\\\/akademie-sexualtherapie.de\\\/blog\\\/#\\\/schema\\\/logo\\\/image\\\/\"},\"sameAs\":[\"https:\\\/\\\/www.facebook.com\\\/Dr.Petery\"]}]}<\/script>\n<!-- \/ Yoast SEO plugin. -->","yoast_head_json":{"title":"Die h\u00e4ufigsten Therapeutenfehler - Kurseinheit 2. Studienjahr","description":"Die h\u00e4ufigsten Therapeutenfehler- in dieser Kurseinheit trainieren wir, was in einer Therapie nicht passieren sollte...","robots":{"index":"index","follow":"follow","max-snippet":"max-snippet:-1","max-image-preview":"max-image-preview:large","max-video-preview":"max-video-preview:-1"},"canonical":"https:\/\/akademie-sexualtherapie.de\/blog\/die-haeufigsten-therapeutenfehler\/","og_locale":"de_DE","og_type":"article","og_title":"Die h\u00e4ufigsten Therapeutenfehler - Kurseinheit 2. Studienjahr","og_description":"Die h\u00e4ufigsten Therapeutenfehler- in dieser Kurseinheit trainieren wir, was in einer Therapie nicht passieren sollte...","og_url":"https:\/\/akademie-sexualtherapie.de\/blog\/die-haeufigsten-therapeutenfehler\/","og_site_name":"AKST - Akademie f\u00fcr Sexualtherapie und Psychotherapie","article_publisher":"https:\/\/www.facebook.com\/Dr.Petery","article_modified_time":"2025-02-05T05:38:17+00:00","og_image":[{"url":"https:\/\/akademie-sexualtherapie.de\/blog\/wp-content\/uploads\/2018\/02\/Fotolia_89627042_XS.jpg","type":"","width":"","height":""}],"twitter_card":"summary_large_image","twitter_misc":{"Gesch\u00e4tzte Lesezeit":"2\u00a0Minuten"},"schema":{"@context":"https:\/\/schema.org","@graph":[{"@type":"WebPage","@id":"https:\/\/akademie-sexualtherapie.de\/blog\/die-haeufigsten-therapeutenfehler\/","url":"https:\/\/akademie-sexualtherapie.de\/blog\/die-haeufigsten-therapeutenfehler\/","name":"Die h\u00e4ufigsten Therapeutenfehler - Kurseinheit 2. Studienjahr","isPartOf":{"@id":"https:\/\/akademie-sexualtherapie.de\/blog\/#website"},"primaryImageOfPage":{"@id":"https:\/\/akademie-sexualtherapie.de\/blog\/die-haeufigsten-therapeutenfehler\/#primaryimage"},"image":{"@id":"https:\/\/akademie-sexualtherapie.de\/blog\/die-haeufigsten-therapeutenfehler\/#primaryimage"},"thumbnailUrl":"https:\/\/akademie-sexualtherapie.de\/blog\/wp-content\/uploads\/2018\/02\/Fotolia_89627042_XS.jpg","datePublished":"2017-11-29T10:54:35+00:00","dateModified":"2025-02-05T05:38:17+00:00","description":"Die h\u00e4ufigsten Therapeutenfehler- in dieser Kurseinheit trainieren wir, was in einer Therapie nicht passieren sollte...","breadcrumb":{"@id":"https:\/\/akademie-sexualtherapie.de\/blog\/die-haeufigsten-therapeutenfehler\/#breadcrumb"},"inLanguage":"de","potentialAction":[{"@type":"ReadAction","target":["https:\/\/akademie-sexualtherapie.de\/blog\/die-haeufigsten-therapeutenfehler\/"]}]},{"@type":"ImageObject","inLanguage":"de","@id":"https:\/\/akademie-sexualtherapie.de\/blog\/die-haeufigsten-therapeutenfehler\/#primaryimage","url":"https:\/\/akademie-sexualtherapie.de\/blog\/wp-content\/uploads\/2018\/02\/Fotolia_89627042_XS.jpg","contentUrl":"https:\/\/akademie-sexualtherapie.de\/blog\/wp-content\/uploads\/2018\/02\/Fotolia_89627042_XS.jpg","width":346,"height":376,"caption":"Pech, ausrutschen, banane, bananenschale, unfall, Berufsunfall, Fehlschlag, Mi\u00dferfolg, Ungl\u00fcck, Verletzung, verletzen, Pechstr\u00e4hne, Schlappe, fallen, fussg\u00e4nger, gefahr, gef\u00e4hrlich, hinfallen, problem, risiko, rutschen, schrei, stolpern, treten, unvorsichtig, Beinbruch, verletzen, Versicherung, zeichnung, \u00fcberraschung, Krankenkasse, Unfallaufnahme, Ambulanz, m\u00e4nnchen, Strichm\u00e4nnchen"},{"@type":"BreadcrumbList","@id":"https:\/\/akademie-sexualtherapie.de\/blog\/die-haeufigsten-therapeutenfehler\/#breadcrumb","itemListElement":[{"@type":"ListItem","position":1,"name":"Startseite","item":"https:\/\/akademie-sexualtherapie.de\/blog\/"},{"@type":"ListItem","position":2,"name":"Die h\u00e4ufigsten Therapeutenfehler"}]},{"@type":"WebSite","@id":"https:\/\/akademie-sexualtherapie.de\/blog\/#website","url":"https:\/\/akademie-sexualtherapie.de\/blog\/","name":"Akademie f\u00fcr Sexualtherapie (AKST)","description":"","publisher":{"@id":"https:\/\/akademie-sexualtherapie.de\/blog\/#organization"},"potentialAction":[{"@type":"SearchAction","target":{"@type":"EntryPoint","urlTemplate":"https:\/\/akademie-sexualtherapie.de\/blog\/?s={search_term_string}"},"query-input":{"@type":"PropertyValueSpecification","valueRequired":true,"valueName":"search_term_string"}}],"inLanguage":"de"},{"@type":"Organization","@id":"https:\/\/akademie-sexualtherapie.de\/blog\/#organization","name":"AKST Akademie f\u00fcr Sexualtherapie","url":"https:\/\/akademie-sexualtherapie.de\/blog\/","logo":{"@type":"ImageObject","inLanguage":"de","@id":"https:\/\/akademie-sexualtherapie.de\/blog\/#\/schema\/logo\/image\/","url":"https:\/\/akademie-sexualtherapie.de\/blog\/wp-content\/uploads\/2019\/01\/Sexualtherapie-Dr.-Petery.jpg","contentUrl":"https:\/\/akademie-sexualtherapie.de\/blog\/wp-content\/uploads\/2019\/01\/Sexualtherapie-Dr.-Petery.jpg","width":592,"height":510,"caption":"AKST Akademie f\u00fcr Sexualtherapie"},"image":{"@id":"https:\/\/akademie-sexualtherapie.de\/blog\/#\/schema\/logo\/image\/"},"sameAs":["https:\/\/www.facebook.com\/Dr.Petery"]}]}},"_links":{"self":[{"href":"https:\/\/akademie-sexualtherapie.de\/blog\/wp-json\/wp\/v2\/pages\/270","targetHints":{"allow":["GET"]}}],"collection":[{"href":"https:\/\/akademie-sexualtherapie.de\/blog\/wp-json\/wp\/v2\/pages"}],"about":[{"href":"https:\/\/akademie-sexualtherapie.de\/blog\/wp-json\/wp\/v2\/types\/page"}],"author":[{"embeddable":true,"href":"https:\/\/akademie-sexualtherapie.de\/blog\/wp-json\/wp\/v2\/users\/1"}],"replies":[{"embeddable":true,"href":"https:\/\/akademie-sexualtherapie.de\/blog\/wp-json\/wp\/v2\/comments?post=270"}],"version-history":[{"count":0,"href":"https:\/\/akademie-sexualtherapie.de\/blog\/wp-json\/wp\/v2\/pages\/270\/revisions"}],"wp:attachment":[{"href":"https:\/\/akademie-sexualtherapie.de\/blog\/wp-json\/wp\/v2\/media?parent=270"}],"curies":[{"name":"wp","href":"https:\/\/api.w.org\/{rel}","templated":true}]}}