{"id":261,"date":"2017-11-29T11:46:10","date_gmt":"2017-11-29T10:46:10","guid":{"rendered":"https:\/\/akademie-sexualtherapie.de\/blog\/?page_id=261"},"modified":"2025-02-05T07:06:50","modified_gmt":"2025-02-05T06:06:50","slug":"persoenlichkeitsstoerungen","status":"publish","type":"page","link":"https:\/\/akademie-sexualtherapie.de\/blog\/persoenlichkeitsstoerungen\/","title":{"rendered":"Pers\u00f6nlichkeitsst\u00f6rungen"},"content":{"rendered":"\n<div class=\"wp-block-group alignfull has-background is-layout-flow wp-block-group-is-layout-flow\" style=\"background-color:#ffffff\">\n<h1 class=\"wp-block-heading\" id=\"personlichkeitsstorungen\">Pers\u00f6nlichkeitsst\u00f6rungen<\/h1>\n<\/div>\n\n\n\n<div class=\"wp-block-columns alignwide is-layout-flex wp-container-core-columns-is-layout-28f84493 wp-block-columns-is-layout-flex\">\n<div class=\"wp-block-column is-layout-flow wp-block-column-is-layout-flow\" style=\"flex-basis:33.33%\">\n<figure class=\"wp-block-image size-large\"><img fetchpriority=\"high\" decoding=\"async\" width=\"424\" height=\"313\" src=\"https:\/\/akademie-sexualtherapie.de\/blog\/wp-content\/uploads\/2017\/12\/Fotolia_127585480_XS.jpg\" alt=\"\" class=\"wp-image-482\" srcset=\"https:\/\/akademie-sexualtherapie.de\/blog\/wp-content\/uploads\/2017\/12\/Fotolia_127585480_XS.jpg 424w, https:\/\/akademie-sexualtherapie.de\/blog\/wp-content\/uploads\/2017\/12\/Fotolia_127585480_XS-300x221.jpg 300w\" sizes=\"(max-width: 424px) 100vw, 424px\" \/><\/figure>\n<\/div>\n\n\n\n<div class=\"wp-block-column is-layout-flow wp-block-column-is-layout-flow\" style=\"flex-basis:66.66%\">\n<p>Pers\u00f6nlichkeitsst\u00f6rungen- Fortbildung Sexualtherapie<br \/><a href=\"\/\/akademie-sexualtherapie.de\/blog\/ausbildung-sexualtherapie-erstes-studienjahr\/\">Zur\u00fcck zur Gesamt\u00fcbersicht \u00fcber das erste Studienjahr<\/a><\/p>\n<h6>Fortbildung Sexualtherapie<\/h6>\n<h4>4. Kurseinheit<br \/>Pers\u00f6nlichkeitsst\u00f6rungen<\/h4>\n<h6>Sexualtherapie und Pers\u00f6nlichkeitsst\u00f6rungen<\/h6>\n<p>Pers\u00f6nlichkeitsst\u00f6rungen sind als Krankheitsbild in der \u00d6ffentlichkeit weithin unbekannt. Und das, obwohl die Ergebnisse verschiedener wissenschaftlicher Studien vermuten lassen, dass etwa 10% der Bev\u00f6lkerung in Deutschland an einer Pers\u00f6nlichkeitsst\u00f6rung leiden. Dazu kommen noch weitere Menschen, die zwar das Vollbild einer Pers\u00f6nlichkeitsst\u00f6rung nicht erf\u00fcllen, aber dennoch einen gro\u00dfen Teil der Diagnosekriterien erf\u00fcllen (sogenannte Pers\u00f6nlichkeitsakzentuierung).<\/p>\n<p>Im Rahmen der Paartherapie bedeutet das: rein statistisch gesehen, ist in jeder f\u00fcnften Beziehung einer der Partner betroffen. Bei Paaren, bei denen Partnerschaftsprobleme bestehen, liegt der Prozentsatz sicherlich noch h\u00f6her.<\/p>\n<p>Relativ h\u00e4ufig begegnen in der Sexualtherapie auch Patienten und Patientinnen mit einer Borderline-St\u00f6rung, die oft gekennzeichnet ist von tiefer Sehnsucht nach einer engen und dauerhaften Beziehung. Da Menschen mit Borderline-St\u00f6rung in ihrer Kindheit oft nicht erfahren konnten, was die Geborgenheit in einer Familie bedeutet (inkl. aller Aufs und Abs, die im Alltag dazugeh\u00f6ren), haben oft unrealistische Erwartungen an eine Beziehung.<\/p>\n<p>Das kann in einer Beziehung dazu f\u00fchren, dass die Vorz\u00fcge des Partners bzw. der Partnerin zun\u00e4chst v\u00f6llig \u00fcberh\u00f6ht positiv gesehen werden mit der Folge einer um so tieferen Entt\u00e4uschung, wenn der Partner bzw. die Partnerin diese hohen Erwartungen sp\u00e4ter nicht auf Dauer erf\u00fcllen kann. Von daher erkl\u00e4rt sich, dass Beziehungen, auch wenn sie mit gro\u00dfen Erwartungen begonnen wurden, oft nicht sehr lange anhalten.<\/p>\n<p>Neben einer speziellen Therapie mit dem Ziel des Spannungsabbaus (und ggf. auch der Traumaverarbeitung) f\u00fcr den Borderline-Patienten bzw. die Borderline Patientin, kann also auch eine paartherapeutische bzw. sexualtherapeutische Begleitung sinnvoll sein.<\/p>\n<p>An diesem Wochenende werden an konkreten Fallbeispielen verschiedene Formen der Pers\u00f6nlichkeitsst\u00f6rung vorgestellt und ihre jeweilige Bedeutung im Rahmen der Sexualtherapie diskutiert.<\/p>\n<h3>Lernziele<\/h3>\n<ul>\n<li>Diagnostische Kenntnisse und Instrumentarien zur Beurteilung von Pers\u00f6nlichkeitsst\u00f6rungen<\/li>\n<li>Wissen um therapeutische Umgangsstrategien mit Klienten mit Pers\u00f6nlichkeitsst\u00f6rungen<\/li>\n<li>Verst\u00e4ndnis f\u00fcr spezifischen Probleme betroffener Partner\/Partnerinnen<\/li>\n<li>Verst\u00e4ndnis f\u00fcr die besonderen Bed\u00fcrfnisse von Patienten mit Borderline-St\u00f6rung<\/li>\n<li>Grundverst\u00e4ndnis f\u00fcr den Ansatz der Dialektisch-Behavioralen Therapie (DBT), nach Marsha Linehan<\/li>\n<\/ul>\n<h3>Praktische \u00dcbungen<\/h3>\n<p>Auch bei diesem Wochenende sind praktische \u00dcbungen wesentlicher Bestandteil der Fortbildung:<\/p>\n<ul>\n<li>\u00dcbungen in Kleingruppen zum diagnostischen Gespr\u00e4ch<\/li>\n<li>\u00dcbung von Beratungsgespr\u00e4chen im Rollenspiel<\/li>\n<li>Ein\u00fcbung verhaltenstherapeutischer Konzepte<\/li>\n<li>Vertiefung praktischer Kenntnisse in der Gespr\u00e4chstherapie nach Carl Rogers<\/li>\n<\/ul>\n<h3>Fallbeispiele und weitere Informationen<\/h3>\n<ul>\n<li><a href=\"\/\/sexualtherapie.online\/blog\/persoenlichkeitsstoerungen-partnerschaft\/\">Pers\u00f6nlichkeitsst\u00f6rungen in der Partnerschaft<\/a><\/li>\n<li><a href=\"\/\/sexualtherapie.online\/blog\/ueberall-feinde-paranoide-persoenlichkeitsstoerung\/\">\u00dcberall Feinde- die paranoide pers\u00f6nlichkeitsst\u00f6rung<\/a><\/li>\n<li><a href=\"https:\/\/www.sexualtherapie.online\/blog\/abhaengigkeit-meine-freundin-klebt-an-mir\/\">Abh\u00e4ngigkeit- meine Freundin klebt an mir<\/a><\/li>\n<li><a href=\"\/\/himmelundhoelleblog.wordpress.com\/2017\/03\/20\/die-narzisstische-persoenlichkeitsstoerung-aus-psychotherapeutischer-sicht\/\">Die narzistische Pers\u00f6nlichkeitsst\u00f6rung aus therapeutischer Sicht<\/a><\/li>\n<\/ul>\n<p>5<a href=\"\/\/akademie-sexualtherapie.de\/blog\/psychiatrie-und-sexualtherapie\/\">. Kurseinheit: Psychiatrie und Sexualtherapie<\/a><\/p>\n<h3>\u00a0<\/h3>\n\n\n\n<p><\/p>\n<\/div>\n<\/div>\n\n\n\n<p><\/p>\n","protected":false},"excerpt":{"rendered":"<p>Pers\u00f6nlichkeitsst\u00f6rungen Pers\u00f6nlichkeitsst\u00f6rungen- Fortbildung SexualtherapieZur\u00fcck zur Gesamt\u00fcbersicht \u00fcber das erste Studienjahr Fortbildung Sexualtherapie 4. KurseinheitPers\u00f6nlichkeitsst\u00f6rungen Sexualtherapie und Pers\u00f6nlichkeitsst\u00f6rungen Pers\u00f6nlichkeitsst\u00f6rungen sind als [&hellip;]<\/p>\n","protected":false},"author":1,"featured_media":0,"parent":0,"menu_order":0,"comment_status":"closed","ping_status":"closed","template":"","meta":{"footnotes":""},"class_list":["post-261","page","type-page","status-publish"],"yoast_head":"<!-- This site is optimized with the Yoast SEO plugin v27.5 - https:\/\/yoast.com\/product\/yoast-seo-wordpress\/ -->\n<title>Pers\u00f6nlichkeitsst\u00f6rungen - AKST - Akademie f\u00fcr Sexualtherapie und Psychotherapie<\/title>\n<meta name=\"robots\" content=\"index, follow, max-snippet:-1, max-image-preview:large, max-video-preview:-1\" \/>\n<link rel=\"canonical\" href=\"https:\/\/akademie-sexualtherapie.de\/blog\/persoenlichkeitsstoerungen\/\" \/>\n<meta property=\"og:locale\" content=\"de_DE\" \/>\n<meta property=\"og:type\" content=\"article\" \/>\n<meta property=\"og:title\" content=\"Pers\u00f6nlichkeitsst\u00f6rungen - AKST - Akademie f\u00fcr Sexualtherapie und Psychotherapie\" \/>\n<meta property=\"og:description\" content=\"Pers\u00f6nlichkeitsst\u00f6rungen Pers\u00f6nlichkeitsst\u00f6rungen- Fortbildung SexualtherapieZur\u00fcck zur Gesamt\u00fcbersicht \u00fcber das erste Studienjahr Fortbildung Sexualtherapie 4. KurseinheitPers\u00f6nlichkeitsst\u00f6rungen Sexualtherapie und Pers\u00f6nlichkeitsst\u00f6rungen Pers\u00f6nlichkeitsst\u00f6rungen sind als [&hellip;]\" \/>\n<meta property=\"og:url\" content=\"https:\/\/akademie-sexualtherapie.de\/blog\/persoenlichkeitsstoerungen\/\" \/>\n<meta property=\"og:site_name\" content=\"AKST - Akademie f\u00fcr Sexualtherapie und Psychotherapie\" \/>\n<meta property=\"article:publisher\" content=\"https:\/\/www.facebook.com\/Dr.Petery\" \/>\n<meta property=\"article:modified_time\" content=\"2025-02-05T06:06:50+00:00\" \/>\n<meta property=\"og:image\" content=\"https:\/\/akademie-sexualtherapie.de\/blog\/wp-content\/uploads\/2017\/12\/Fotolia_127585480_XS.jpg\" \/>\n<meta name=\"twitter:card\" content=\"summary_large_image\" \/>\n<meta name=\"twitter:label1\" content=\"Gesch\u00e4tzte Lesezeit\" \/>\n\t<meta name=\"twitter:data1\" content=\"3\u00a0Minuten\" \/>\n<script type=\"application\/ld+json\" class=\"yoast-schema-graph\">{\"@context\":\"https:\\\/\\\/schema.org\",\"@graph\":[{\"@type\":\"WebPage\",\"@id\":\"https:\\\/\\\/akademie-sexualtherapie.de\\\/blog\\\/persoenlichkeitsstoerungen\\\/\",\"url\":\"https:\\\/\\\/akademie-sexualtherapie.de\\\/blog\\\/persoenlichkeitsstoerungen\\\/\",\"name\":\"Pers\u00f6nlichkeitsst\u00f6rungen - AKST - Akademie f\u00fcr Sexualtherapie und Psychotherapie\",\"isPartOf\":{\"@id\":\"https:\\\/\\\/akademie-sexualtherapie.de\\\/blog\\\/#website\"},\"primaryImageOfPage\":{\"@id\":\"https:\\\/\\\/akademie-sexualtherapie.de\\\/blog\\\/persoenlichkeitsstoerungen\\\/#primaryimage\"},\"image\":{\"@id\":\"https:\\\/\\\/akademie-sexualtherapie.de\\\/blog\\\/persoenlichkeitsstoerungen\\\/#primaryimage\"},\"thumbnailUrl\":\"https:\\\/\\\/akademie-sexualtherapie.de\\\/blog\\\/wp-content\\\/uploads\\\/2017\\\/12\\\/Fotolia_127585480_XS.jpg\",\"datePublished\":\"2017-11-29T10:46:10+00:00\",\"dateModified\":\"2025-02-05T06:06:50+00:00\",\"breadcrumb\":{\"@id\":\"https:\\\/\\\/akademie-sexualtherapie.de\\\/blog\\\/persoenlichkeitsstoerungen\\\/#breadcrumb\"},\"inLanguage\":\"de\",\"potentialAction\":[{\"@type\":\"ReadAction\",\"target\":[\"https:\\\/\\\/akademie-sexualtherapie.de\\\/blog\\\/persoenlichkeitsstoerungen\\\/\"]}]},{\"@type\":\"ImageObject\",\"inLanguage\":\"de\",\"@id\":\"https:\\\/\\\/akademie-sexualtherapie.de\\\/blog\\\/persoenlichkeitsstoerungen\\\/#primaryimage\",\"url\":\"https:\\\/\\\/akademie-sexualtherapie.de\\\/blog\\\/wp-content\\\/uploads\\\/2017\\\/12\\\/Fotolia_127585480_XS.jpg\",\"contentUrl\":\"https:\\\/\\\/akademie-sexualtherapie.de\\\/blog\\\/wp-content\\\/uploads\\\/2017\\\/12\\\/Fotolia_127585480_XS.jpg\",\"width\":424,\"height\":313,\"caption\":\"Business man carrying white mask to his body indicating Business fraud and faking business partnership.\"},{\"@type\":\"BreadcrumbList\",\"@id\":\"https:\\\/\\\/akademie-sexualtherapie.de\\\/blog\\\/persoenlichkeitsstoerungen\\\/#breadcrumb\",\"itemListElement\":[{\"@type\":\"ListItem\",\"position\":1,\"name\":\"Startseite\",\"item\":\"https:\\\/\\\/akademie-sexualtherapie.de\\\/blog\\\/\"},{\"@type\":\"ListItem\",\"position\":2,\"name\":\"Pers\u00f6nlichkeitsst\u00f6rungen\"}]},{\"@type\":\"WebSite\",\"@id\":\"https:\\\/\\\/akademie-sexualtherapie.de\\\/blog\\\/#website\",\"url\":\"https:\\\/\\\/akademie-sexualtherapie.de\\\/blog\\\/\",\"name\":\"Akademie f\u00fcr Sexualtherapie (AKST)\",\"description\":\"\",\"publisher\":{\"@id\":\"https:\\\/\\\/akademie-sexualtherapie.de\\\/blog\\\/#organization\"},\"potentialAction\":[{\"@type\":\"SearchAction\",\"target\":{\"@type\":\"EntryPoint\",\"urlTemplate\":\"https:\\\/\\\/akademie-sexualtherapie.de\\\/blog\\\/?s={search_term_string}\"},\"query-input\":{\"@type\":\"PropertyValueSpecification\",\"valueRequired\":true,\"valueName\":\"search_term_string\"}}],\"inLanguage\":\"de\"},{\"@type\":\"Organization\",\"@id\":\"https:\\\/\\\/akademie-sexualtherapie.de\\\/blog\\\/#organization\",\"name\":\"AKST Akademie f\u00fcr Sexualtherapie\",\"url\":\"https:\\\/\\\/akademie-sexualtherapie.de\\\/blog\\\/\",\"logo\":{\"@type\":\"ImageObject\",\"inLanguage\":\"de\",\"@id\":\"https:\\\/\\\/akademie-sexualtherapie.de\\\/blog\\\/#\\\/schema\\\/logo\\\/image\\\/\",\"url\":\"https:\\\/\\\/akademie-sexualtherapie.de\\\/blog\\\/wp-content\\\/uploads\\\/2019\\\/01\\\/Sexualtherapie-Dr.-Petery.jpg\",\"contentUrl\":\"https:\\\/\\\/akademie-sexualtherapie.de\\\/blog\\\/wp-content\\\/uploads\\\/2019\\\/01\\\/Sexualtherapie-Dr.-Petery.jpg\",\"width\":592,\"height\":510,\"caption\":\"AKST Akademie f\u00fcr Sexualtherapie\"},\"image\":{\"@id\":\"https:\\\/\\\/akademie-sexualtherapie.de\\\/blog\\\/#\\\/schema\\\/logo\\\/image\\\/\"},\"sameAs\":[\"https:\\\/\\\/www.facebook.com\\\/Dr.Petery\"]}]}<\/script>\n<!-- \/ Yoast SEO plugin. -->","yoast_head_json":{"title":"Pers\u00f6nlichkeitsst\u00f6rungen - AKST - Akademie f\u00fcr Sexualtherapie und Psychotherapie","robots":{"index":"index","follow":"follow","max-snippet":"max-snippet:-1","max-image-preview":"max-image-preview:large","max-video-preview":"max-video-preview:-1"},"canonical":"https:\/\/akademie-sexualtherapie.de\/blog\/persoenlichkeitsstoerungen\/","og_locale":"de_DE","og_type":"article","og_title":"Pers\u00f6nlichkeitsst\u00f6rungen - AKST - Akademie f\u00fcr Sexualtherapie und Psychotherapie","og_description":"Pers\u00f6nlichkeitsst\u00f6rungen Pers\u00f6nlichkeitsst\u00f6rungen- Fortbildung SexualtherapieZur\u00fcck zur Gesamt\u00fcbersicht \u00fcber das erste Studienjahr Fortbildung Sexualtherapie 4. KurseinheitPers\u00f6nlichkeitsst\u00f6rungen Sexualtherapie und Pers\u00f6nlichkeitsst\u00f6rungen Pers\u00f6nlichkeitsst\u00f6rungen sind als [&hellip;]","og_url":"https:\/\/akademie-sexualtherapie.de\/blog\/persoenlichkeitsstoerungen\/","og_site_name":"AKST - Akademie f\u00fcr Sexualtherapie und Psychotherapie","article_publisher":"https:\/\/www.facebook.com\/Dr.Petery","article_modified_time":"2025-02-05T06:06:50+00:00","og_image":[{"url":"https:\/\/akademie-sexualtherapie.de\/blog\/wp-content\/uploads\/2017\/12\/Fotolia_127585480_XS.jpg","type":"","width":"","height":""}],"twitter_card":"summary_large_image","twitter_misc":{"Gesch\u00e4tzte Lesezeit":"3\u00a0Minuten"},"schema":{"@context":"https:\/\/schema.org","@graph":[{"@type":"WebPage","@id":"https:\/\/akademie-sexualtherapie.de\/blog\/persoenlichkeitsstoerungen\/","url":"https:\/\/akademie-sexualtherapie.de\/blog\/persoenlichkeitsstoerungen\/","name":"Pers\u00f6nlichkeitsst\u00f6rungen - AKST - Akademie f\u00fcr Sexualtherapie und Psychotherapie","isPartOf":{"@id":"https:\/\/akademie-sexualtherapie.de\/blog\/#website"},"primaryImageOfPage":{"@id":"https:\/\/akademie-sexualtherapie.de\/blog\/persoenlichkeitsstoerungen\/#primaryimage"},"image":{"@id":"https:\/\/akademie-sexualtherapie.de\/blog\/persoenlichkeitsstoerungen\/#primaryimage"},"thumbnailUrl":"https:\/\/akademie-sexualtherapie.de\/blog\/wp-content\/uploads\/2017\/12\/Fotolia_127585480_XS.jpg","datePublished":"2017-11-29T10:46:10+00:00","dateModified":"2025-02-05T06:06:50+00:00","breadcrumb":{"@id":"https:\/\/akademie-sexualtherapie.de\/blog\/persoenlichkeitsstoerungen\/#breadcrumb"},"inLanguage":"de","potentialAction":[{"@type":"ReadAction","target":["https:\/\/akademie-sexualtherapie.de\/blog\/persoenlichkeitsstoerungen\/"]}]},{"@type":"ImageObject","inLanguage":"de","@id":"https:\/\/akademie-sexualtherapie.de\/blog\/persoenlichkeitsstoerungen\/#primaryimage","url":"https:\/\/akademie-sexualtherapie.de\/blog\/wp-content\/uploads\/2017\/12\/Fotolia_127585480_XS.jpg","contentUrl":"https:\/\/akademie-sexualtherapie.de\/blog\/wp-content\/uploads\/2017\/12\/Fotolia_127585480_XS.jpg","width":424,"height":313,"caption":"Business man carrying white mask to his body indicating Business fraud and faking business partnership."},{"@type":"BreadcrumbList","@id":"https:\/\/akademie-sexualtherapie.de\/blog\/persoenlichkeitsstoerungen\/#breadcrumb","itemListElement":[{"@type":"ListItem","position":1,"name":"Startseite","item":"https:\/\/akademie-sexualtherapie.de\/blog\/"},{"@type":"ListItem","position":2,"name":"Pers\u00f6nlichkeitsst\u00f6rungen"}]},{"@type":"WebSite","@id":"https:\/\/akademie-sexualtherapie.de\/blog\/#website","url":"https:\/\/akademie-sexualtherapie.de\/blog\/","name":"Akademie f\u00fcr Sexualtherapie (AKST)","description":"","publisher":{"@id":"https:\/\/akademie-sexualtherapie.de\/blog\/#organization"},"potentialAction":[{"@type":"SearchAction","target":{"@type":"EntryPoint","urlTemplate":"https:\/\/akademie-sexualtherapie.de\/blog\/?s={search_term_string}"},"query-input":{"@type":"PropertyValueSpecification","valueRequired":true,"valueName":"search_term_string"}}],"inLanguage":"de"},{"@type":"Organization","@id":"https:\/\/akademie-sexualtherapie.de\/blog\/#organization","name":"AKST Akademie f\u00fcr Sexualtherapie","url":"https:\/\/akademie-sexualtherapie.de\/blog\/","logo":{"@type":"ImageObject","inLanguage":"de","@id":"https:\/\/akademie-sexualtherapie.de\/blog\/#\/schema\/logo\/image\/","url":"https:\/\/akademie-sexualtherapie.de\/blog\/wp-content\/uploads\/2019\/01\/Sexualtherapie-Dr.-Petery.jpg","contentUrl":"https:\/\/akademie-sexualtherapie.de\/blog\/wp-content\/uploads\/2019\/01\/Sexualtherapie-Dr.-Petery.jpg","width":592,"height":510,"caption":"AKST Akademie f\u00fcr Sexualtherapie"},"image":{"@id":"https:\/\/akademie-sexualtherapie.de\/blog\/#\/schema\/logo\/image\/"},"sameAs":["https:\/\/www.facebook.com\/Dr.Petery"]}]}},"_links":{"self":[{"href":"https:\/\/akademie-sexualtherapie.de\/blog\/wp-json\/wp\/v2\/pages\/261","targetHints":{"allow":["GET"]}}],"collection":[{"href":"https:\/\/akademie-sexualtherapie.de\/blog\/wp-json\/wp\/v2\/pages"}],"about":[{"href":"https:\/\/akademie-sexualtherapie.de\/blog\/wp-json\/wp\/v2\/types\/page"}],"author":[{"embeddable":true,"href":"https:\/\/akademie-sexualtherapie.de\/blog\/wp-json\/wp\/v2\/users\/1"}],"replies":[{"embeddable":true,"href":"https:\/\/akademie-sexualtherapie.de\/blog\/wp-json\/wp\/v2\/comments?post=261"}],"version-history":[{"count":0,"href":"https:\/\/akademie-sexualtherapie.de\/blog\/wp-json\/wp\/v2\/pages\/261\/revisions"}],"wp:attachment":[{"href":"https:\/\/akademie-sexualtherapie.de\/blog\/wp-json\/wp\/v2\/media?parent=261"}],"curies":[{"name":"wp","href":"https:\/\/api.w.org\/{rel}","templated":true}]}}