{"id":258,"date":"2017-11-29T11:44:38","date_gmt":"2017-11-29T10:44:38","guid":{"rendered":"https:\/\/akademie-sexualtherapie.de\/blog\/?page_id=258"},"modified":"2025-02-05T07:06:02","modified_gmt":"2025-02-05T06:06:02","slug":"koerpersymptome","status":"publish","type":"page","link":"https:\/\/akademie-sexualtherapie.de\/blog\/koerpersymptome\/","title":{"rendered":"K\u00f6rpersymptome"},"content":{"rendered":"\n<div class=\"wp-block-group alignfull has-background is-layout-flow wp-block-group-is-layout-flow\" style=\"background-color:#ffffff\">\n<h1 class=\"wp-block-heading\" id=\"korpersymptome\">K\u00f6rpersymptome<\/h1>\n<\/div>\n\n\n\n<div class=\"wp-block-columns alignwide is-layout-flex wp-container-core-columns-is-layout-28f84493 wp-block-columns-is-layout-flex\">\n<div class=\"wp-block-column is-layout-flow wp-block-column-is-layout-flow\" style=\"flex-basis:33.33%\">\n<figure class=\"wp-block-image size-large\"><img fetchpriority=\"high\" decoding=\"async\" width=\"424\" height=\"313\" src=\"https:\/\/akademie-sexualtherapie.de\/blog\/wp-content\/uploads\/2017\/12\/Fotolia_70910119_XS_copyright.jpg\" alt=\"\" class=\"wp-image-456\" srcset=\"https:\/\/akademie-sexualtherapie.de\/blog\/wp-content\/uploads\/2017\/12\/Fotolia_70910119_XS_copyright.jpg 424w, https:\/\/akademie-sexualtherapie.de\/blog\/wp-content\/uploads\/2017\/12\/Fotolia_70910119_XS_copyright-300x221.jpg 300w\" sizes=\"(max-width: 424px) 100vw, 424px\" \/><\/figure>\n<\/div>\n\n\n\n<div class=\"wp-block-column is-layout-flow wp-block-column-is-layout-flow\" style=\"flex-basis:66.66%\">\n<p>K\u00f6rpersymptome- Fortbildung Sexualtherapie<br \/><a href=\"\/\/akademie-sexualtherapie.de\/blog\/ausbildung-sexualtherapie-erstes-studienjahr\/\">Zur\u00fcck zur Gesamt\u00fcbersicht \u00fcber das erste Studienjahr<\/a><\/p>\n<h6>Fortbildung Sexualtherapie\u00a0 \u00a0 \u00a0<\/h6>\n<h4>7. Kurseinheit<br \/>K\u00f6rpersymptome<\/h4>\n<h6>K\u00f6rpersymptome und Sexualtherapie<\/h6>\n<p>F\u00fcr viele Klientinnen und Klienten sind K\u00f6rpersymptome der Anlass, eine Sexualtherapie zu beginnen. Dazu geh\u00f6ren z.B. Libidoverlust, mangelnde sexuelle Erregungsf\u00e4higkeit, vorzeitige Ejakulation (ejaculatio praecox), Erektionsst\u00f6rungen Scheidenkr\u00e4mpfe (Vaginismus) etc. Auch verschiedene Schmerzsymptome k\u00f6nnen psychische Ursachen haben.<\/p>\n<p>Wichtig ist hier das Wissen um m\u00f6gliche medizinische und rein k\u00f6rperliche Ursachen, welche die Behandlung durch einen Arzt erfordern. Erst wenn \u00e4rztlicherseits klar ist, dass keine k\u00f6rperlichen Ursachen zugrunde liegen, darf mit einer Psychotherapie begonnen werden!<\/p>\n<p>In der klassischen Sexualtherapie (z.B. Sensate Focus nach Masters und Johnson) steht die Behandlung von K\u00f6rpersymptomen im Mittelpunkt. Im Seminar lernen wir die wichtigsten sexualtherapeutischen Ans\u00e4tze kennen und ihre Anwendungsm\u00f6glichkeiten im Bereich der Paartherapie.<\/p>\n<p>Oft haben k\u00f6rperliche Probleme beim Sex aber auch die Ursache in bestimmten moralisch verankerten Vorstellungen vom &#8222;Normsex&#8220;, die es im therapeutischen Gespr\u00e4ch zu bearbeiten gilt.<\/p>\n<h4>Lernziele<\/h4>\n<ul>\n<li>Diagnostische Kenntnisse und Instrumentarien zur Beurteilung von K\u00f6rpersymptomen<\/li>\n<li>Wissen um die Notwendigkeit der Abkl\u00e4rung medizinischer Ursachen<\/li>\n<li>Kenntnis der wichtigsten k\u00f6rperorientierten Verfahren der Sexualtherapie<\/li>\n<li>Wissen um den Einfluss von Normen auf das Erleben der eigenen Sexualit\u00e4t<\/li>\n<\/ul>\n<h4>Praktische \u00dcbungen<\/h4>\n<p>Auch bei diesem Wochenende sind praktische \u00dcbungen wesentlicher Bestandteil der Fortbildung:<\/p>\n<ul>\n<li>\u00dcbungen in Kleingruppen zum diagnostischen Gespr\u00e4ch<\/li>\n<li>Reflexion und Austausch \u00fcber eigene sexuelle Normen<\/li>\n<li>Formulierung verhaltenstherapeutischer Anweisungen in der Sexualtherapie<\/li>\n<li>Vertiefung praktischer Kenntnisse in der Gespr\u00e4chstherapie nach Carl Rogers<\/li>\n<\/ul>\n<h4>K\u00f6rpersymptome-<br \/>Fallbeispiele und weitere Informationen<\/h4>\n<ul>\n<li><a href=\"\/\/sexualtherapie.online\/blog\/noch-nie-orgasmus-erlebt-als-frau-mit-38\/\">Noch nie einen Orgasmus erlebt- und das als Frau mit 38<\/a><\/li>\n<li><a href=\"\/\/sexualtherapie.online\/blog\/ejaculatio-praecox-vorzeitiger-samenerguss\/\">Vorzeitiger Samenerguss<\/a><\/li>\n<li><a href=\"\/\/sexualtherapie.online\/blog\/uebungen-techniken-hausaufgaben\/\">\u00dcbungen in der Sexualtherapie<\/a><\/li>\n<li><a href=\"\/\/sexualtherapie.online\/blog\/normal-oder-nicht-normal-normen-sex\/\">Normen f\u00fcr den Sex- Was ist eigentlich normal?<\/a><\/li>\n<\/ul>\n<h4>Lesen Sie weiter:<\/h4>\n<p><a href=\"https:\/\/akademie-sexualtherapie.de\/blog\/einstieg-und-aufbau-einer-therapie\/\">8. Kurseinheit: Einstieg und Aufbau einer Therapie<\/a><\/p>\n<\/div>\n<\/div>\n\n\n\n<p><\/p>\n","protected":false},"excerpt":{"rendered":"<p>K\u00f6rpersymptome K\u00f6rpersymptome- Fortbildung SexualtherapieZur\u00fcck zur Gesamt\u00fcbersicht \u00fcber das erste Studienjahr Fortbildung Sexualtherapie\u00a0 \u00a0 \u00a0 7. KurseinheitK\u00f6rpersymptome K\u00f6rpersymptome und Sexualtherapie F\u00fcr [&hellip;]<\/p>\n","protected":false},"author":1,"featured_media":0,"parent":0,"menu_order":0,"comment_status":"closed","ping_status":"closed","template":"","meta":{"footnotes":""},"class_list":["post-258","page","type-page","status-publish"],"yoast_head":"<!-- This site is optimized with the Yoast SEO plugin v27.5 - https:\/\/yoast.com\/product\/yoast-seo-wordpress\/ -->\n<title>K\u00f6rpersymptome - AKST - Akademie f\u00fcr Sexualtherapie und Psychotherapie<\/title>\n<meta name=\"robots\" content=\"index, follow, max-snippet:-1, max-image-preview:large, max-video-preview:-1\" \/>\n<link rel=\"canonical\" href=\"https:\/\/akademie-sexualtherapie.de\/blog\/koerpersymptome\/\" \/>\n<meta property=\"og:locale\" content=\"de_DE\" \/>\n<meta property=\"og:type\" content=\"article\" \/>\n<meta property=\"og:title\" content=\"K\u00f6rpersymptome - AKST - Akademie f\u00fcr Sexualtherapie und Psychotherapie\" \/>\n<meta property=\"og:description\" content=\"K\u00f6rpersymptome K\u00f6rpersymptome- Fortbildung SexualtherapieZur\u00fcck zur Gesamt\u00fcbersicht \u00fcber das erste Studienjahr Fortbildung Sexualtherapie\u00a0 \u00a0 \u00a0 7. KurseinheitK\u00f6rpersymptome K\u00f6rpersymptome und Sexualtherapie F\u00fcr [&hellip;]\" \/>\n<meta property=\"og:url\" content=\"https:\/\/akademie-sexualtherapie.de\/blog\/koerpersymptome\/\" \/>\n<meta property=\"og:site_name\" content=\"AKST - Akademie f\u00fcr Sexualtherapie und Psychotherapie\" \/>\n<meta property=\"article:publisher\" content=\"https:\/\/www.facebook.com\/Dr.Petery\" \/>\n<meta property=\"article:modified_time\" content=\"2025-02-05T06:06:02+00:00\" \/>\n<meta property=\"og:image\" content=\"https:\/\/akademie-sexualtherapie.de\/blog\/wp-content\/uploads\/2017\/12\/Fotolia_70910119_XS_copyright.jpg\" \/>\n<meta name=\"twitter:card\" content=\"summary_large_image\" \/>\n<meta name=\"twitter:label1\" content=\"Gesch\u00e4tzte Lesezeit\" \/>\n\t<meta name=\"twitter:data1\" content=\"2\u00a0Minuten\" \/>\n<script type=\"application\/ld+json\" class=\"yoast-schema-graph\">{\"@context\":\"https:\\\/\\\/schema.org\",\"@graph\":[{\"@type\":\"WebPage\",\"@id\":\"https:\\\/\\\/akademie-sexualtherapie.de\\\/blog\\\/koerpersymptome\\\/\",\"url\":\"https:\\\/\\\/akademie-sexualtherapie.de\\\/blog\\\/koerpersymptome\\\/\",\"name\":\"K\u00f6rpersymptome - AKST - Akademie f\u00fcr Sexualtherapie und Psychotherapie\",\"isPartOf\":{\"@id\":\"https:\\\/\\\/akademie-sexualtherapie.de\\\/blog\\\/#website\"},\"primaryImageOfPage\":{\"@id\":\"https:\\\/\\\/akademie-sexualtherapie.de\\\/blog\\\/koerpersymptome\\\/#primaryimage\"},\"image\":{\"@id\":\"https:\\\/\\\/akademie-sexualtherapie.de\\\/blog\\\/koerpersymptome\\\/#primaryimage\"},\"thumbnailUrl\":\"https:\\\/\\\/akademie-sexualtherapie.de\\\/blog\\\/wp-content\\\/uploads\\\/2017\\\/12\\\/Fotolia_70910119_XS_copyright.jpg\",\"datePublished\":\"2017-11-29T10:44:38+00:00\",\"dateModified\":\"2025-02-05T06:06:02+00:00\",\"breadcrumb\":{\"@id\":\"https:\\\/\\\/akademie-sexualtherapie.de\\\/blog\\\/koerpersymptome\\\/#breadcrumb\"},\"inLanguage\":\"de\",\"potentialAction\":[{\"@type\":\"ReadAction\",\"target\":[\"https:\\\/\\\/akademie-sexualtherapie.de\\\/blog\\\/koerpersymptome\\\/\"]}]},{\"@type\":\"ImageObject\",\"inLanguage\":\"de\",\"@id\":\"https:\\\/\\\/akademie-sexualtherapie.de\\\/blog\\\/koerpersymptome\\\/#primaryimage\",\"url\":\"https:\\\/\\\/akademie-sexualtherapie.de\\\/blog\\\/wp-content\\\/uploads\\\/2017\\\/12\\\/Fotolia_70910119_XS_copyright.jpg\",\"contentUrl\":\"https:\\\/\\\/akademie-sexualtherapie.de\\\/blog\\\/wp-content\\\/uploads\\\/2017\\\/12\\\/Fotolia_70910119_XS_copyright.jpg\",\"width\":424,\"height\":313},{\"@type\":\"BreadcrumbList\",\"@id\":\"https:\\\/\\\/akademie-sexualtherapie.de\\\/blog\\\/koerpersymptome\\\/#breadcrumb\",\"itemListElement\":[{\"@type\":\"ListItem\",\"position\":1,\"name\":\"Startseite\",\"item\":\"https:\\\/\\\/akademie-sexualtherapie.de\\\/blog\\\/\"},{\"@type\":\"ListItem\",\"position\":2,\"name\":\"K\u00f6rpersymptome\"}]},{\"@type\":\"WebSite\",\"@id\":\"https:\\\/\\\/akademie-sexualtherapie.de\\\/blog\\\/#website\",\"url\":\"https:\\\/\\\/akademie-sexualtherapie.de\\\/blog\\\/\",\"name\":\"Akademie f\u00fcr Sexualtherapie (AKST)\",\"description\":\"\",\"publisher\":{\"@id\":\"https:\\\/\\\/akademie-sexualtherapie.de\\\/blog\\\/#organization\"},\"potentialAction\":[{\"@type\":\"SearchAction\",\"target\":{\"@type\":\"EntryPoint\",\"urlTemplate\":\"https:\\\/\\\/akademie-sexualtherapie.de\\\/blog\\\/?s={search_term_string}\"},\"query-input\":{\"@type\":\"PropertyValueSpecification\",\"valueRequired\":true,\"valueName\":\"search_term_string\"}}],\"inLanguage\":\"de\"},{\"@type\":\"Organization\",\"@id\":\"https:\\\/\\\/akademie-sexualtherapie.de\\\/blog\\\/#organization\",\"name\":\"AKST Akademie f\u00fcr Sexualtherapie\",\"url\":\"https:\\\/\\\/akademie-sexualtherapie.de\\\/blog\\\/\",\"logo\":{\"@type\":\"ImageObject\",\"inLanguage\":\"de\",\"@id\":\"https:\\\/\\\/akademie-sexualtherapie.de\\\/blog\\\/#\\\/schema\\\/logo\\\/image\\\/\",\"url\":\"https:\\\/\\\/akademie-sexualtherapie.de\\\/blog\\\/wp-content\\\/uploads\\\/2019\\\/01\\\/Sexualtherapie-Dr.-Petery.jpg\",\"contentUrl\":\"https:\\\/\\\/akademie-sexualtherapie.de\\\/blog\\\/wp-content\\\/uploads\\\/2019\\\/01\\\/Sexualtherapie-Dr.-Petery.jpg\",\"width\":592,\"height\":510,\"caption\":\"AKST Akademie f\u00fcr Sexualtherapie\"},\"image\":{\"@id\":\"https:\\\/\\\/akademie-sexualtherapie.de\\\/blog\\\/#\\\/schema\\\/logo\\\/image\\\/\"},\"sameAs\":[\"https:\\\/\\\/www.facebook.com\\\/Dr.Petery\"]}]}<\/script>\n<!-- \/ Yoast SEO plugin. -->","yoast_head_json":{"title":"K\u00f6rpersymptome - AKST - Akademie f\u00fcr Sexualtherapie und Psychotherapie","robots":{"index":"index","follow":"follow","max-snippet":"max-snippet:-1","max-image-preview":"max-image-preview:large","max-video-preview":"max-video-preview:-1"},"canonical":"https:\/\/akademie-sexualtherapie.de\/blog\/koerpersymptome\/","og_locale":"de_DE","og_type":"article","og_title":"K\u00f6rpersymptome - AKST - Akademie f\u00fcr Sexualtherapie und Psychotherapie","og_description":"K\u00f6rpersymptome K\u00f6rpersymptome- Fortbildung SexualtherapieZur\u00fcck zur Gesamt\u00fcbersicht \u00fcber das erste Studienjahr Fortbildung Sexualtherapie\u00a0 \u00a0 \u00a0 7. KurseinheitK\u00f6rpersymptome K\u00f6rpersymptome und Sexualtherapie F\u00fcr [&hellip;]","og_url":"https:\/\/akademie-sexualtherapie.de\/blog\/koerpersymptome\/","og_site_name":"AKST - Akademie f\u00fcr Sexualtherapie und Psychotherapie","article_publisher":"https:\/\/www.facebook.com\/Dr.Petery","article_modified_time":"2025-02-05T06:06:02+00:00","og_image":[{"url":"https:\/\/akademie-sexualtherapie.de\/blog\/wp-content\/uploads\/2017\/12\/Fotolia_70910119_XS_copyright.jpg","type":"","width":"","height":""}],"twitter_card":"summary_large_image","twitter_misc":{"Gesch\u00e4tzte Lesezeit":"2\u00a0Minuten"},"schema":{"@context":"https:\/\/schema.org","@graph":[{"@type":"WebPage","@id":"https:\/\/akademie-sexualtherapie.de\/blog\/koerpersymptome\/","url":"https:\/\/akademie-sexualtherapie.de\/blog\/koerpersymptome\/","name":"K\u00f6rpersymptome - AKST - Akademie f\u00fcr Sexualtherapie und Psychotherapie","isPartOf":{"@id":"https:\/\/akademie-sexualtherapie.de\/blog\/#website"},"primaryImageOfPage":{"@id":"https:\/\/akademie-sexualtherapie.de\/blog\/koerpersymptome\/#primaryimage"},"image":{"@id":"https:\/\/akademie-sexualtherapie.de\/blog\/koerpersymptome\/#primaryimage"},"thumbnailUrl":"https:\/\/akademie-sexualtherapie.de\/blog\/wp-content\/uploads\/2017\/12\/Fotolia_70910119_XS_copyright.jpg","datePublished":"2017-11-29T10:44:38+00:00","dateModified":"2025-02-05T06:06:02+00:00","breadcrumb":{"@id":"https:\/\/akademie-sexualtherapie.de\/blog\/koerpersymptome\/#breadcrumb"},"inLanguage":"de","potentialAction":[{"@type":"ReadAction","target":["https:\/\/akademie-sexualtherapie.de\/blog\/koerpersymptome\/"]}]},{"@type":"ImageObject","inLanguage":"de","@id":"https:\/\/akademie-sexualtherapie.de\/blog\/koerpersymptome\/#primaryimage","url":"https:\/\/akademie-sexualtherapie.de\/blog\/wp-content\/uploads\/2017\/12\/Fotolia_70910119_XS_copyright.jpg","contentUrl":"https:\/\/akademie-sexualtherapie.de\/blog\/wp-content\/uploads\/2017\/12\/Fotolia_70910119_XS_copyright.jpg","width":424,"height":313},{"@type":"BreadcrumbList","@id":"https:\/\/akademie-sexualtherapie.de\/blog\/koerpersymptome\/#breadcrumb","itemListElement":[{"@type":"ListItem","position":1,"name":"Startseite","item":"https:\/\/akademie-sexualtherapie.de\/blog\/"},{"@type":"ListItem","position":2,"name":"K\u00f6rpersymptome"}]},{"@type":"WebSite","@id":"https:\/\/akademie-sexualtherapie.de\/blog\/#website","url":"https:\/\/akademie-sexualtherapie.de\/blog\/","name":"Akademie f\u00fcr Sexualtherapie (AKST)","description":"","publisher":{"@id":"https:\/\/akademie-sexualtherapie.de\/blog\/#organization"},"potentialAction":[{"@type":"SearchAction","target":{"@type":"EntryPoint","urlTemplate":"https:\/\/akademie-sexualtherapie.de\/blog\/?s={search_term_string}"},"query-input":{"@type":"PropertyValueSpecification","valueRequired":true,"valueName":"search_term_string"}}],"inLanguage":"de"},{"@type":"Organization","@id":"https:\/\/akademie-sexualtherapie.de\/blog\/#organization","name":"AKST Akademie f\u00fcr Sexualtherapie","url":"https:\/\/akademie-sexualtherapie.de\/blog\/","logo":{"@type":"ImageObject","inLanguage":"de","@id":"https:\/\/akademie-sexualtherapie.de\/blog\/#\/schema\/logo\/image\/","url":"https:\/\/akademie-sexualtherapie.de\/blog\/wp-content\/uploads\/2019\/01\/Sexualtherapie-Dr.-Petery.jpg","contentUrl":"https:\/\/akademie-sexualtherapie.de\/blog\/wp-content\/uploads\/2019\/01\/Sexualtherapie-Dr.-Petery.jpg","width":592,"height":510,"caption":"AKST Akademie f\u00fcr Sexualtherapie"},"image":{"@id":"https:\/\/akademie-sexualtherapie.de\/blog\/#\/schema\/logo\/image\/"},"sameAs":["https:\/\/www.facebook.com\/Dr.Petery"]}]}},"_links":{"self":[{"href":"https:\/\/akademie-sexualtherapie.de\/blog\/wp-json\/wp\/v2\/pages\/258","targetHints":{"allow":["GET"]}}],"collection":[{"href":"https:\/\/akademie-sexualtherapie.de\/blog\/wp-json\/wp\/v2\/pages"}],"about":[{"href":"https:\/\/akademie-sexualtherapie.de\/blog\/wp-json\/wp\/v2\/types\/page"}],"author":[{"embeddable":true,"href":"https:\/\/akademie-sexualtherapie.de\/blog\/wp-json\/wp\/v2\/users\/1"}],"replies":[{"embeddable":true,"href":"https:\/\/akademie-sexualtherapie.de\/blog\/wp-json\/wp\/v2\/comments?post=258"}],"version-history":[{"count":0,"href":"https:\/\/akademie-sexualtherapie.de\/blog\/wp-json\/wp\/v2\/pages\/258\/revisions"}],"wp:attachment":[{"href":"https:\/\/akademie-sexualtherapie.de\/blog\/wp-json\/wp\/v2\/media?parent=258"}],"curies":[{"name":"wp","href":"https:\/\/api.w.org\/{rel}","templated":true}]}}