{"id":2570,"date":"2022-10-17T14:27:18","date_gmt":"2022-10-17T12:27:18","guid":{"rendered":"https:\/\/akademie-sexualtherapie.de\/blog\/?page_id=2570"},"modified":"2022-11-01T16:11:11","modified_gmt":"2022-11-01T15:11:11","slug":"akst-jahrestagung-november-2022-in-leipzig","status":"publish","type":"page","link":"https:\/\/akademie-sexualtherapie.de\/blog\/akst-jahrestagung-november-2022-in-leipzig\/","title":{"rendered":"AKST Jahrestagung 25.-27. November 2022 in Leipzig"},"content":{"rendered":"<figure class=\"wp-block-image size-large\"><img decoding=\"async\" class=\"wp-image-825 aligncenter\" src=\"https:\/\/akademie-sexualtherapie.de\/blog\/wp-content\/uploads\/2022\/10\/127906078_s.jpg\" alt=\"AKST Jahrestagung 2023 in Leipzig\" \/>AKST Jahrestagung 2022 in Leipzig<br \/>\n(Bild: de.123rf.com rudi1976)<\/figure>\n<h3 id=\"fortbildung-sexualtherapie\">AKST JAHRESTAGUNG 2022<\/h3>\n<h4 id=\"Aspekte der Sexualtherapie\">Aspekte der Sexualtherapie<\/h4>\n<p>Die AKST l\u00e4dt ein zur Jahrestagung in Leipzig. Neben interessanten Beitr\u00e4gen zu aktuellen Themen aus dem Bereich Sexualtherapie und Psychotherapie geht es vor allem auch darum, eine Plattform f\u00fcr die Vernetzung der ehemaligen und aktuellen Kursteilnehmer*innen und Dozent*innen zu schaffen. Das Treffen findet in Leipzig statt, es ist aber auch eine Online-Teilnahme \u00fcber Video m\u00f6glich.<\/p>\n<h4 id=\"programm\">Programm<\/h4>\n<h6 id=\"\">Freitag, 25. November 2022<\/h6>\n<p><strong>14.00-14.15 Uhr:<br \/>\n<\/strong> Begr\u00fc\u00dfung durch Dr. Michael Petery<\/p>\n<p><strong>14.15-16.00 Uhr<\/strong><br \/>\nPsychotherapie nach Heilpraktikergesetz- eine &#8222;Gefahr f\u00fcr die Volksgesundheit&#8220; oder die Zukunft der Regelversorgung? (Er\u00f6ffnung Dr. Michael Petery und anschlie\u00dfende Diskussion)<\/p>\n<p><strong>16.00-16.30 Uhr<\/strong> Pause<\/p>\n<p><strong>16.30 Uhr bis 18.30 Uhr<\/strong><br \/>\nDie neue ICD-11: Was \u00e4ndert sich, was bleibt gleich in der klinischen Diagnostik psychischer St\u00f6rungsbilder? (Workshop Marjorie Hoffmann)<\/p>\n<p>&nbsp;<\/p>\n<h6 id=\"\">Samstag, 26. November 2022<\/h6>\n<p><strong>8.30 Uhr bis 10.30 Uhr<\/strong> Sexualtherapeutische Themen in der urologischen Praxis (Workshop Dr. med. Yanitsa Enke)<\/p>\n<p><strong>10.30-11.00 Uhr<\/strong> Pause<\/p>\n<p><strong>11.00 Uhr bis 13.00 Uhr<\/strong><br \/>\nPsychotherapie vers. Seelsorge- Unterschiede und Gemeinsamkeiten (Workshop Annette Demange)<br \/>\nDas Konzept von Spiritual Care- Spiritualit\u00e4t als Bestandteil medizinischer Versorgung (Dr. Michael Petery)<\/p>\n<p><strong>13.00-14.00 Uhr<\/strong> Pause<\/p>\n<p><strong>14.00-16.00 Uhr<\/strong> Klassische Lerntheorien und ihre Bedeutung f\u00fcr die Psychotherapie (Workshop Dr. Beate Balitzki)<\/p>\n<p><strong>16.00-16.30 Uhr<\/strong> Pause<\/p>\n<p><strong>16.30-18.30 Uhr<\/strong> Gr\u00fcndungsversammlung der Deutschen Gesellschaft f\u00fcr wissenschaftlich begr\u00fcndete Psychotherapie (DGWP): Weitere Infos siehe unten.<\/p>\n<h6 id=\"\">Sonntag, 27. November 2022<\/h6>\n<p><strong>8.30 Uhr bis 10.30 Uhr<\/strong><br \/>\nTiefenpsychologische \u00dcberlegungen zum Begriff der sexuellen Perversion (Workshop Carola Hoppe, Psychologin M.A.)<\/p>\n<p><strong>10.30-11.00 Uhr<\/strong> Pause<\/p>\n<p><strong>11.00 Uhr bis 13.00 Uhr<\/strong> <br \/>\nSelbstf\u00fcrsorge f\u00fcr Therapeut*innen- ein oft \u00fcbersehener Aspekt in der Psychotherapie (Workshop mit Kathrin H\u00f6rner-Petery, Psychologin M.Sc.)<br \/>\nSchematherapeutische Ans\u00e4tze in der Sexualtherapie (Workshop Dr. Michael Petery)<\/p>\n<h4 id=\"teilnahme\">Teilnahme<\/h4>\n<p>Die Teilnahmegeb\u00fchr betr\u00e4gt 70.- \u20ac (live in Leipzig oder online)- Verpflegung und Unterkunft ist von den Teilnehmenden selbst zu organisieren. Teilnehmende, die die Tagung online verfolgen m\u00f6chten, erhalten dazu einen Link.<\/p>\n<h4 id=\"Tagungsort\">Tagungsort<\/h4>\n<p>Tagungszentrum des Arbeiter-Samariter-Bunds &#8222;Am Sonnenpark&#8220;; Mattheuerbogen 6; 04289 Leipzig  (Probstheida); erreichbar mit Trambahn Nr. 15 alle 10 min ab Innenstadt<br \/>\nMittagessen und Zwischenmahlzeiten k\u00f6nnen fakultativ dazugebucht werden. Angemeldetete Teilnehmer*innen erhalten dazu die entsprechenden Infos.<\/p>\n<p>\u00c4nderungen z.B. durch kurzfristige Erkrankung von Referenten vorbehalten.<\/p>\n<p>F\u00fcr weitere Anmeldeinformationen und f\u00fcr die Zusendung des Anmeldeformulars schicken Sie bitte eine Mail an: <a href=\"mailto:info@akademie-sexualtherapie.de\">info@akademie-sexualtherapie.de<\/a><\/p>\n<h4 id=\"die-therapeutische-haltung-kongruenz\">Gr\u00fcndung der Gesellschaft f\u00fcr wissenschaftlich begr\u00fcndete Psychotherapie (DGWP)<\/h4>\n<p>Ein wichtiges Anliegen an diesem Wochenende ist die Gr\u00fcndungsversammlung der DGWP am Samstag um 16.30 Uhr. Aktuell wird wieder einmal die Frage diskutiert, inwieweit &#8222;Heilpraktiker-Therapeuten eine Gefahr f\u00fcr die Gesundheit&#8220; darstellen (vgl. diesen <a href=\"https:\/\/www.tagesschau.de\/investigativ\/swr\/vollbild-heilpraktiker-101.html\">Link zur Tagesschau)<\/a><\/p>\n<p>Ein gro\u00dfer Mangel ist, dass es bisher keinen seri\u00f6sen Berufsverband f\u00fcr Menschen gibt, die eine Lizenz zur Psychotherapie nach Heilpraktikergesetz besitzen. Hier m\u00f6chte die DGWP auf mittlere Sicht Abhilfe schaffen und allen, die nicht als psychologische Psychotherapeuten in entsprechenden Berufsverb\u00e4nden organisiert sind, eine seri\u00f6se Alternative anbieten.<\/p>\n<p>Voraussetzung zur Voll-Mitgliedschaft ist daher neben der staatlichen Zulassung zur Aus\u00fcbung der Psychotherapie (z.B. durch Approbation oder nach Heilpraktikergesetz) die Verpflichtung, in der eigenen Praxis ausschlie\u00dflich leitliniengerecht und mit wissenschaftlich begr\u00fcndeten Therapiemethoden zu arbeiten. Wer diese Voraussetzung (noch) nicht erf\u00fcllt, sich aber den Zielen der DGWP verbunden f\u00fchlt, kann dem Verein im Rahmen einer F\u00f6rdermitgliedschaft ohne Stimmrechte beitreten.<\/p>\n<p>Die Teilnahme an der Gr\u00fcndungsversammlung ist auch unabh\u00e4ngig von der Tagung online m\u00f6glich. Wer daran interessiert ist, bekommt auf Anfrage den Video-Link zugeschickt.<\/p>\n","protected":false},"excerpt":{"rendered":"<p>AKST Jahrestagung 2022 in Leipzig (Bild: de.123rf.com rudi1976) AKST JAHRESTAGUNG 2022 Aspekte der Sexualtherapie Die AKST l\u00e4dt ein zur Jahrestagung [&hellip;]<\/p>\n","protected":false},"author":1,"featured_media":0,"parent":0,"menu_order":0,"comment_status":"closed","ping_status":"closed","template":"","meta":{"footnotes":""},"class_list":["post-2570","page","type-page","status-publish"],"yoast_head":"<!-- This site is optimized with the Yoast SEO plugin v27.5 - https:\/\/yoast.com\/product\/yoast-seo-wordpress\/ -->\n<title>AKST Jahrestagung 25.-27. November 2022 in Leipzig - AKST - Akademie f\u00fcr Sexualtherapie und Psychotherapie<\/title>\n<meta name=\"robots\" content=\"index, follow, max-snippet:-1, max-image-preview:large, max-video-preview:-1\" \/>\n<link rel=\"canonical\" href=\"https:\/\/akademie-sexualtherapie.de\/blog\/akst-jahrestagung-november-2022-in-leipzig\/\" \/>\n<meta property=\"og:locale\" content=\"de_DE\" \/>\n<meta property=\"og:type\" content=\"article\" \/>\n<meta property=\"og:title\" content=\"AKST Jahrestagung 25.-27. November 2022 in Leipzig - AKST - Akademie f\u00fcr Sexualtherapie und Psychotherapie\" \/>\n<meta property=\"og:description\" content=\"AKST Jahrestagung 2022 in Leipzig (Bild: de.123rf.com rudi1976) AKST JAHRESTAGUNG 2022 Aspekte der Sexualtherapie Die AKST l\u00e4dt ein zur Jahrestagung [&hellip;]\" \/>\n<meta property=\"og:url\" content=\"https:\/\/akademie-sexualtherapie.de\/blog\/akst-jahrestagung-november-2022-in-leipzig\/\" \/>\n<meta property=\"og:site_name\" content=\"AKST - Akademie f\u00fcr Sexualtherapie und Psychotherapie\" \/>\n<meta property=\"article:publisher\" content=\"https:\/\/www.facebook.com\/Dr.Petery\" \/>\n<meta property=\"article:modified_time\" content=\"2022-11-01T15:11:11+00:00\" \/>\n<meta property=\"og:image\" content=\"https:\/\/akademie-sexualtherapie.de\/blog\/wp-content\/uploads\/2022\/10\/127906078_s.jpg\" \/>\n<meta name=\"twitter:card\" content=\"summary_large_image\" \/>\n<meta name=\"twitter:label1\" content=\"Gesch\u00e4tzte Lesezeit\" \/>\n\t<meta name=\"twitter:data1\" content=\"3\u00a0Minuten\" \/>\n<script type=\"application\/ld+json\" class=\"yoast-schema-graph\">{\"@context\":\"https:\\\/\\\/schema.org\",\"@graph\":[{\"@type\":\"WebPage\",\"@id\":\"https:\\\/\\\/akademie-sexualtherapie.de\\\/blog\\\/akst-jahrestagung-november-2022-in-leipzig\\\/\",\"url\":\"https:\\\/\\\/akademie-sexualtherapie.de\\\/blog\\\/akst-jahrestagung-november-2022-in-leipzig\\\/\",\"name\":\"AKST Jahrestagung 25.-27. November 2022 in Leipzig - AKST - Akademie f\u00fcr Sexualtherapie und Psychotherapie\",\"isPartOf\":{\"@id\":\"https:\\\/\\\/akademie-sexualtherapie.de\\\/blog\\\/#website\"},\"primaryImageOfPage\":{\"@id\":\"https:\\\/\\\/akademie-sexualtherapie.de\\\/blog\\\/akst-jahrestagung-november-2022-in-leipzig\\\/#primaryimage\"},\"image\":{\"@id\":\"https:\\\/\\\/akademie-sexualtherapie.de\\\/blog\\\/akst-jahrestagung-november-2022-in-leipzig\\\/#primaryimage\"},\"thumbnailUrl\":\"https:\\\/\\\/akademie-sexualtherapie.de\\\/blog\\\/wp-content\\\/uploads\\\/2022\\\/10\\\/127906078_s.jpg\",\"datePublished\":\"2022-10-17T12:27:18+00:00\",\"dateModified\":\"2022-11-01T15:11:11+00:00\",\"breadcrumb\":{\"@id\":\"https:\\\/\\\/akademie-sexualtherapie.de\\\/blog\\\/akst-jahrestagung-november-2022-in-leipzig\\\/#breadcrumb\"},\"inLanguage\":\"de\",\"potentialAction\":[{\"@type\":\"ReadAction\",\"target\":[\"https:\\\/\\\/akademie-sexualtherapie.de\\\/blog\\\/akst-jahrestagung-november-2022-in-leipzig\\\/\"]}]},{\"@type\":\"ImageObject\",\"inLanguage\":\"de\",\"@id\":\"https:\\\/\\\/akademie-sexualtherapie.de\\\/blog\\\/akst-jahrestagung-november-2022-in-leipzig\\\/#primaryimage\",\"url\":\"https:\\\/\\\/akademie-sexualtherapie.de\\\/blog\\\/wp-content\\\/uploads\\\/2022\\\/10\\\/127906078_s.jpg\",\"contentUrl\":\"https:\\\/\\\/akademie-sexualtherapie.de\\\/blog\\\/wp-content\\\/uploads\\\/2022\\\/10\\\/127906078_s.jpg\",\"width\":923,\"height\":519,\"caption\":\"Copyright: de.123rf.com rudi1976\"},{\"@type\":\"BreadcrumbList\",\"@id\":\"https:\\\/\\\/akademie-sexualtherapie.de\\\/blog\\\/akst-jahrestagung-november-2022-in-leipzig\\\/#breadcrumb\",\"itemListElement\":[{\"@type\":\"ListItem\",\"position\":1,\"name\":\"Startseite\",\"item\":\"https:\\\/\\\/akademie-sexualtherapie.de\\\/blog\\\/\"},{\"@type\":\"ListItem\",\"position\":2,\"name\":\"AKST Jahrestagung 25.-27. November 2022 in Leipzig\"}]},{\"@type\":\"WebSite\",\"@id\":\"https:\\\/\\\/akademie-sexualtherapie.de\\\/blog\\\/#website\",\"url\":\"https:\\\/\\\/akademie-sexualtherapie.de\\\/blog\\\/\",\"name\":\"Akademie f\u00fcr Sexualtherapie (AKST)\",\"description\":\"\",\"publisher\":{\"@id\":\"https:\\\/\\\/akademie-sexualtherapie.de\\\/blog\\\/#organization\"},\"potentialAction\":[{\"@type\":\"SearchAction\",\"target\":{\"@type\":\"EntryPoint\",\"urlTemplate\":\"https:\\\/\\\/akademie-sexualtherapie.de\\\/blog\\\/?s={search_term_string}\"},\"query-input\":{\"@type\":\"PropertyValueSpecification\",\"valueRequired\":true,\"valueName\":\"search_term_string\"}}],\"inLanguage\":\"de\"},{\"@type\":\"Organization\",\"@id\":\"https:\\\/\\\/akademie-sexualtherapie.de\\\/blog\\\/#organization\",\"name\":\"AKST Akademie f\u00fcr Sexualtherapie\",\"url\":\"https:\\\/\\\/akademie-sexualtherapie.de\\\/blog\\\/\",\"logo\":{\"@type\":\"ImageObject\",\"inLanguage\":\"de\",\"@id\":\"https:\\\/\\\/akademie-sexualtherapie.de\\\/blog\\\/#\\\/schema\\\/logo\\\/image\\\/\",\"url\":\"https:\\\/\\\/akademie-sexualtherapie.de\\\/blog\\\/wp-content\\\/uploads\\\/2019\\\/01\\\/Sexualtherapie-Dr.-Petery.jpg\",\"contentUrl\":\"https:\\\/\\\/akademie-sexualtherapie.de\\\/blog\\\/wp-content\\\/uploads\\\/2019\\\/01\\\/Sexualtherapie-Dr.-Petery.jpg\",\"width\":592,\"height\":510,\"caption\":\"AKST Akademie f\u00fcr Sexualtherapie\"},\"image\":{\"@id\":\"https:\\\/\\\/akademie-sexualtherapie.de\\\/blog\\\/#\\\/schema\\\/logo\\\/image\\\/\"},\"sameAs\":[\"https:\\\/\\\/www.facebook.com\\\/Dr.Petery\"]}]}<\/script>\n<!-- \/ Yoast SEO plugin. -->","yoast_head_json":{"title":"AKST Jahrestagung 25.-27. November 2022 in Leipzig - AKST - Akademie f\u00fcr Sexualtherapie und Psychotherapie","robots":{"index":"index","follow":"follow","max-snippet":"max-snippet:-1","max-image-preview":"max-image-preview:large","max-video-preview":"max-video-preview:-1"},"canonical":"https:\/\/akademie-sexualtherapie.de\/blog\/akst-jahrestagung-november-2022-in-leipzig\/","og_locale":"de_DE","og_type":"article","og_title":"AKST Jahrestagung 25.-27. November 2022 in Leipzig - AKST - Akademie f\u00fcr Sexualtherapie und Psychotherapie","og_description":"AKST Jahrestagung 2022 in Leipzig (Bild: de.123rf.com rudi1976) AKST JAHRESTAGUNG 2022 Aspekte der Sexualtherapie Die AKST l\u00e4dt ein zur Jahrestagung [&hellip;]","og_url":"https:\/\/akademie-sexualtherapie.de\/blog\/akst-jahrestagung-november-2022-in-leipzig\/","og_site_name":"AKST - Akademie f\u00fcr Sexualtherapie und Psychotherapie","article_publisher":"https:\/\/www.facebook.com\/Dr.Petery","article_modified_time":"2022-11-01T15:11:11+00:00","og_image":[{"url":"https:\/\/akademie-sexualtherapie.de\/blog\/wp-content\/uploads\/2022\/10\/127906078_s.jpg","type":"","width":"","height":""}],"twitter_card":"summary_large_image","twitter_misc":{"Gesch\u00e4tzte Lesezeit":"3\u00a0Minuten"},"schema":{"@context":"https:\/\/schema.org","@graph":[{"@type":"WebPage","@id":"https:\/\/akademie-sexualtherapie.de\/blog\/akst-jahrestagung-november-2022-in-leipzig\/","url":"https:\/\/akademie-sexualtherapie.de\/blog\/akst-jahrestagung-november-2022-in-leipzig\/","name":"AKST Jahrestagung 25.-27. November 2022 in Leipzig - AKST - Akademie f\u00fcr Sexualtherapie und Psychotherapie","isPartOf":{"@id":"https:\/\/akademie-sexualtherapie.de\/blog\/#website"},"primaryImageOfPage":{"@id":"https:\/\/akademie-sexualtherapie.de\/blog\/akst-jahrestagung-november-2022-in-leipzig\/#primaryimage"},"image":{"@id":"https:\/\/akademie-sexualtherapie.de\/blog\/akst-jahrestagung-november-2022-in-leipzig\/#primaryimage"},"thumbnailUrl":"https:\/\/akademie-sexualtherapie.de\/blog\/wp-content\/uploads\/2022\/10\/127906078_s.jpg","datePublished":"2022-10-17T12:27:18+00:00","dateModified":"2022-11-01T15:11:11+00:00","breadcrumb":{"@id":"https:\/\/akademie-sexualtherapie.de\/blog\/akst-jahrestagung-november-2022-in-leipzig\/#breadcrumb"},"inLanguage":"de","potentialAction":[{"@type":"ReadAction","target":["https:\/\/akademie-sexualtherapie.de\/blog\/akst-jahrestagung-november-2022-in-leipzig\/"]}]},{"@type":"ImageObject","inLanguage":"de","@id":"https:\/\/akademie-sexualtherapie.de\/blog\/akst-jahrestagung-november-2022-in-leipzig\/#primaryimage","url":"https:\/\/akademie-sexualtherapie.de\/blog\/wp-content\/uploads\/2022\/10\/127906078_s.jpg","contentUrl":"https:\/\/akademie-sexualtherapie.de\/blog\/wp-content\/uploads\/2022\/10\/127906078_s.jpg","width":923,"height":519,"caption":"Copyright: de.123rf.com rudi1976"},{"@type":"BreadcrumbList","@id":"https:\/\/akademie-sexualtherapie.de\/blog\/akst-jahrestagung-november-2022-in-leipzig\/#breadcrumb","itemListElement":[{"@type":"ListItem","position":1,"name":"Startseite","item":"https:\/\/akademie-sexualtherapie.de\/blog\/"},{"@type":"ListItem","position":2,"name":"AKST Jahrestagung 25.-27. November 2022 in Leipzig"}]},{"@type":"WebSite","@id":"https:\/\/akademie-sexualtherapie.de\/blog\/#website","url":"https:\/\/akademie-sexualtherapie.de\/blog\/","name":"Akademie f\u00fcr Sexualtherapie (AKST)","description":"","publisher":{"@id":"https:\/\/akademie-sexualtherapie.de\/blog\/#organization"},"potentialAction":[{"@type":"SearchAction","target":{"@type":"EntryPoint","urlTemplate":"https:\/\/akademie-sexualtherapie.de\/blog\/?s={search_term_string}"},"query-input":{"@type":"PropertyValueSpecification","valueRequired":true,"valueName":"search_term_string"}}],"inLanguage":"de"},{"@type":"Organization","@id":"https:\/\/akademie-sexualtherapie.de\/blog\/#organization","name":"AKST Akademie f\u00fcr Sexualtherapie","url":"https:\/\/akademie-sexualtherapie.de\/blog\/","logo":{"@type":"ImageObject","inLanguage":"de","@id":"https:\/\/akademie-sexualtherapie.de\/blog\/#\/schema\/logo\/image\/","url":"https:\/\/akademie-sexualtherapie.de\/blog\/wp-content\/uploads\/2019\/01\/Sexualtherapie-Dr.-Petery.jpg","contentUrl":"https:\/\/akademie-sexualtherapie.de\/blog\/wp-content\/uploads\/2019\/01\/Sexualtherapie-Dr.-Petery.jpg","width":592,"height":510,"caption":"AKST Akademie f\u00fcr Sexualtherapie"},"image":{"@id":"https:\/\/akademie-sexualtherapie.de\/blog\/#\/schema\/logo\/image\/"},"sameAs":["https:\/\/www.facebook.com\/Dr.Petery"]}]}},"_links":{"self":[{"href":"https:\/\/akademie-sexualtherapie.de\/blog\/wp-json\/wp\/v2\/pages\/2570","targetHints":{"allow":["GET"]}}],"collection":[{"href":"https:\/\/akademie-sexualtherapie.de\/blog\/wp-json\/wp\/v2\/pages"}],"about":[{"href":"https:\/\/akademie-sexualtherapie.de\/blog\/wp-json\/wp\/v2\/types\/page"}],"author":[{"embeddable":true,"href":"https:\/\/akademie-sexualtherapie.de\/blog\/wp-json\/wp\/v2\/users\/1"}],"replies":[{"embeddable":true,"href":"https:\/\/akademie-sexualtherapie.de\/blog\/wp-json\/wp\/v2\/comments?post=2570"}],"version-history":[{"count":0,"href":"https:\/\/akademie-sexualtherapie.de\/blog\/wp-json\/wp\/v2\/pages\/2570\/revisions"}],"wp:attachment":[{"href":"https:\/\/akademie-sexualtherapie.de\/blog\/wp-json\/wp\/v2\/media?parent=2570"}],"curies":[{"name":"wp","href":"https:\/\/api.w.org\/{rel}","templated":true}]}}