{"id":252,"date":"2017-11-29T11:31:15","date_gmt":"2017-11-29T10:31:15","guid":{"rendered":"https:\/\/akademie-sexualtherapie.de\/blog\/?page_id=252"},"modified":"2025-04-03T16:54:14","modified_gmt":"2025-04-03T14:54:14","slug":"angst-und-zwangsstoerungen-ausbildung","status":"publish","type":"page","link":"https:\/\/akademie-sexualtherapie.de\/blog\/angst-und-zwangsstoerungen-ausbildung\/","title":{"rendered":"Angst- und Zwangsst\u00f6rungen"},"content":{"rendered":"\r\n<div class=\"wp-block-group alignfull has-background is-layout-flow wp-block-group-is-layout-flow\" style=\"background-color: #ffffff;\">\r\n<h1 class=\"wp-block-heading\" id=\"angst-und-zwangsstorungen\">Angst- und Zwangsst\u00f6rungen<\/h1>\r\n<\/div>\r\n\r\n\r\n\r\n<div class=\"wp-block-columns alignwide is-layout-flex wp-container-core-columns-is-layout-28f84493 wp-block-columns-is-layout-flex\">\r\n<div class=\"wp-block-column is-layout-flow wp-block-column-is-layout-flow\" style=\"flex-basis: 33.33%;\">\r\n<figure class=\"wp-block-image size-large\"><img fetchpriority=\"high\" decoding=\"async\" width=\"408\" height=\"324\" class=\"wp-image-381\" src=\"https:\/\/akademie-sexualtherapie.de\/blog\/wp-content\/uploads\/2017\/12\/Fotolia_45136120_XS_copyright.jpg\" alt=\"\" srcset=\"https:\/\/akademie-sexualtherapie.de\/blog\/wp-content\/uploads\/2017\/12\/Fotolia_45136120_XS_copyright.jpg 408w, https:\/\/akademie-sexualtherapie.de\/blog\/wp-content\/uploads\/2017\/12\/Fotolia_45136120_XS_copyright-300x238.jpg 300w\" sizes=\"(max-width: 408px) 100vw, 408px\" \/><\/figure>\r\n<\/div>\r\n\r\n\r\n\r\n<div class=\"wp-block-column is-layout-flow wp-block-column-is-layout-flow\" style=\"flex-basis: 66.66%;\">\r\n<p>Angst- und Zwangsst\u00f6rungen- Fortbildung Sexualtherapie<br \/><a href=\"\/\/akademie-sexualtherapie.de\/blog\/ausbildung-sexualtherapie-erstes-studienjahr\/\">Zur\u00fcck zur Gesamt\u00fcbersicht \u00fcber das erste Studienjahr<\/a><\/p>\r\n<h6>Fortbildung Sexualtherapie-<\/h6>\r\n<h4>2. Kurseinheit <br \/>Angst &#8211; und Zwangsst\u00f6rungen<\/h4>\r\n<h6>Angst- und Zwangsst\u00f6rungen<br \/>im Bereich Sexualit\u00e4t<\/h6>\r\n<p>Angst- und Zwangsst\u00f6rungen geh\u00f6ren zu den h\u00e4ufigsten St\u00f6rungsbildern in der Sexualtherapie. &#8222;Klassiker&#8220; sind Versagensangst in Bezug auf die eigene sexuelle Leistungsf\u00e4higkeit, Angst vor eigener vermeintlicher Unattraktivit\u00e4t, Verlust\u00e4ngste in der Partnerschaft oder auch Angst vor der Bindung an einen anderen Menschen.<\/p>\r\n<p>Auch sexuelle Zwangsgedanken k\u00f6nnen das Leben Betroffener erheblich beeintr\u00e4chtigen, wenn alles Denken nur noch um immer dieselben unangenehmen Fragen kreist, wie zum Beispiel: Liebe ich meinen Partner eigentlich noch oder nicht? Bin ich m\u00f6glicherweise eigentlich sexuell anderes orientiert als ich denke?<\/p>\r\n<p>Solche Fragen, die einmal gestellt, durchaus Sinn machen, werden zu qu\u00e4lenden Zwangsgedanken, wenn sie auch gegen alle Evidenz weiterlaufen und durch Abgleichung mit der Realit\u00e4t nicht zu bes\u00e4nftigen sind (z.B., wenn es einen liebenden Partner gibt und in der Beziehung eigentlich alles bestens l\u00e4uft).<\/p>\r\n<p>Hier ist es Aufgabe des Therapeuten, dem Klienten einerseits dabei zu helfen, solche Gedankenkreisl\u00e4ufe zu durchbrechen, und gleichzeitig an der Erforschung der Ursachen zu arbeiten, die zu solchen negativen Gedankenspiralen f\u00fchren konnten.<\/p>\r\n<h4>Lernziele<\/h4>\r\n<ul>\r\n<li>Diagnostische Kenntnisse und Instrumentarien zur Beurteilung des Symptoms Angst<\/li>\r\n<li>Kenntnis der verschiedenen k\u00f6rperlichen und psychischen Ursachen von Angst<\/li>\r\n<li>Kenntnis geeigneter Therapieverfahren bei einer Angstsymptomatik und Kriterien f\u00fcr die therapeutische Entscheidung<\/li>\r\n<li>Diagnostische Kriterien f\u00fcr Zwang und Zwangshandlungen<\/li>\r\n<li>Unterscheidung objektiv belastender Gedanken und Zwangsgedanken<\/li>\r\n<li>Therapieverfahren bei Zwangsst\u00f6rungen<\/li>\r\n<\/ul>\r\n<h4>Praktische \u00dcbungen<\/h4>\r\n<p>Auch bei diesem Wochenende sind praktische \u00dcbungen wesentlicher Bestandteil der Fortbildung:<\/p>\r\n<ul>\r\n<li>\u00dcbungen in Kleingruppen zum diagnostischen Gespr\u00e4ch<\/li>\r\n<li>\u00dcbung in der Erarbeitung verhaltenstherapeutischer Interventionen bei Angst- bzw. Zwangsst\u00f6rungen<\/li>\r\n<li>Vertiefung praktischer Kenntnisse in der Gespr\u00e4chstherapie nach Carl Rogers<\/li>\r\n<\/ul>\r\n<h4>Fallbeispiele und weitere Informationen<\/h4>\r\n<ul>\r\n<li><a href=\"\/\/sexualtherapie.online\/blog\/homosexuelle-zwangsgedanken-loswerden-wie\/\">Homosexuelle Zwangsgedanken<\/a><\/li>\r\n<li>E<a href=\"\/\/sexualtherapie.online\/blog\/exfreund-fantasien-verfolgen-mich\/\">xfreund-Fantasien verfolgen mich<\/a><\/li>\r\n<li><a href=\"\/\/sexualtherapie.online\/blog\/sexuelle-zwangsgedanken\/\">Die gefolterte Lehrerin- Zwangsgedanken in der Pubert\u00e4t<\/a><\/li>\r\n<li><a href=\"\/\/sexualtherapie.online\/blog\/eifersucht-staendige-angst\/\">Eifersucht- die st\u00e4ndige Angst, ihn zu verlieren<\/a><\/li>\r\n<li><a href=\"\/\/sexualtherapie.online\/blog\/sexualangst-schuechtern-sexualtherapie\/\">Sexualangst- wenn sexuelle Sehnsucht zum Alptraum wird<\/a><\/li>\r\n<\/ul>\r\n<h4>Lesen Sie weiter:<\/h4>\r\n<p><a href=\"\/\/akademie-sexualtherapie.de\/blog\/drogen-und-alkohol\/\">3. Kurseinheit: Drogen und Alkohol<\/a><\/p>\r\n\r\n\r\n\r\n<p>&nbsp;<\/p>\r\n<\/div>\r\n<\/div>\r\n\r\n\r\n\r\n<p>&nbsp;<\/p>\r\n","protected":false},"excerpt":{"rendered":"<p>Angst- und Zwangsst\u00f6rungen Angst- und Zwangsst\u00f6rungen- Fortbildung SexualtherapieZur\u00fcck zur Gesamt\u00fcbersicht \u00fcber das erste Studienjahr Fortbildung Sexualtherapie- 2. Kurseinheit Angst &#8211; [&hellip;]<\/p>\n","protected":false},"author":1,"featured_media":0,"parent":0,"menu_order":0,"comment_status":"closed","ping_status":"closed","template":"elementor_header_footer","meta":{"footnotes":""},"class_list":["post-252","page","type-page","status-publish"],"yoast_head":"<!-- This site is optimized with the Yoast SEO plugin v27.5 - https:\/\/yoast.com\/product\/yoast-seo-wordpress\/ -->\n<title>Angst- und Zwangsst\u00f6rungen - AKST - Akademie f\u00fcr Sexualtherapie und Psychotherapie<\/title>\n<meta name=\"description\" content=\"Angst- und Zwangsst\u00f6rungen geh\u00f6ren zu den h\u00e4ufigsten Themen in der Sexualtherapie. Sie sind Thema beim zweiten Ausbildungswochenende des AKST-Kurses.\" \/>\n<meta name=\"robots\" content=\"index, follow, max-snippet:-1, max-image-preview:large, max-video-preview:-1\" \/>\n<link rel=\"canonical\" href=\"https:\/\/akademie-sexualtherapie.de\/blog\/angst-und-zwangsstoerungen-ausbildung\/\" \/>\n<meta property=\"og:locale\" content=\"de_DE\" \/>\n<meta property=\"og:type\" content=\"article\" \/>\n<meta property=\"og:title\" content=\"Angst- und Zwangsst\u00f6rungen - AKST - Akademie f\u00fcr Sexualtherapie und Psychotherapie\" \/>\n<meta property=\"og:description\" content=\"Angst- und Zwangsst\u00f6rungen geh\u00f6ren zu den h\u00e4ufigsten Themen in der Sexualtherapie. Sie sind Thema beim zweiten Ausbildungswochenende des AKST-Kurses.\" \/>\n<meta property=\"og:url\" content=\"https:\/\/akademie-sexualtherapie.de\/blog\/angst-und-zwangsstoerungen-ausbildung\/\" \/>\n<meta property=\"og:site_name\" content=\"AKST - Akademie f\u00fcr Sexualtherapie und Psychotherapie\" \/>\n<meta property=\"article:publisher\" content=\"https:\/\/www.facebook.com\/Dr.Petery\" \/>\n<meta property=\"article:modified_time\" content=\"2025-04-03T14:54:14+00:00\" \/>\n<meta property=\"og:image\" content=\"https:\/\/akademie-sexualtherapie.de\/blog\/wp-content\/uploads\/2017\/12\/Fotolia_45136120_XS_copyright.jpg\" \/>\n\t<meta property=\"og:image:width\" content=\"408\" \/>\n\t<meta property=\"og:image:height\" content=\"324\" \/>\n\t<meta property=\"og:image:type\" content=\"image\/jpeg\" \/>\n<meta name=\"twitter:card\" content=\"summary_large_image\" \/>\n<meta name=\"twitter:label1\" content=\"Gesch\u00e4tzte Lesezeit\" \/>\n\t<meta name=\"twitter:data1\" content=\"2\u00a0Minuten\" \/>\n<script type=\"application\/ld+json\" class=\"yoast-schema-graph\">{\"@context\":\"https:\\\/\\\/schema.org\",\"@graph\":[{\"@type\":\"WebPage\",\"@id\":\"https:\\\/\\\/akademie-sexualtherapie.de\\\/blog\\\/angst-und-zwangsstoerungen-ausbildung\\\/\",\"url\":\"https:\\\/\\\/akademie-sexualtherapie.de\\\/blog\\\/angst-und-zwangsstoerungen-ausbildung\\\/\",\"name\":\"Angst- und Zwangsst\u00f6rungen - AKST - Akademie f\u00fcr Sexualtherapie und Psychotherapie\",\"isPartOf\":{\"@id\":\"https:\\\/\\\/akademie-sexualtherapie.de\\\/blog\\\/#website\"},\"primaryImageOfPage\":{\"@id\":\"https:\\\/\\\/akademie-sexualtherapie.de\\\/blog\\\/angst-und-zwangsstoerungen-ausbildung\\\/#primaryimage\"},\"image\":{\"@id\":\"https:\\\/\\\/akademie-sexualtherapie.de\\\/blog\\\/angst-und-zwangsstoerungen-ausbildung\\\/#primaryimage\"},\"thumbnailUrl\":\"https:\\\/\\\/akademie-sexualtherapie.de\\\/blog\\\/wp-content\\\/uploads\\\/2017\\\/12\\\/Fotolia_45136120_XS_copyright.jpg\",\"datePublished\":\"2017-11-29T10:31:15+00:00\",\"dateModified\":\"2025-04-03T14:54:14+00:00\",\"description\":\"Angst- und Zwangsst\u00f6rungen geh\u00f6ren zu den h\u00e4ufigsten Themen in der Sexualtherapie. Sie sind Thema beim zweiten Ausbildungswochenende des AKST-Kurses.\",\"breadcrumb\":{\"@id\":\"https:\\\/\\\/akademie-sexualtherapie.de\\\/blog\\\/angst-und-zwangsstoerungen-ausbildung\\\/#breadcrumb\"},\"inLanguage\":\"de\",\"potentialAction\":[{\"@type\":\"ReadAction\",\"target\":[\"https:\\\/\\\/akademie-sexualtherapie.de\\\/blog\\\/angst-und-zwangsstoerungen-ausbildung\\\/\"]}]},{\"@type\":\"ImageObject\",\"inLanguage\":\"de\",\"@id\":\"https:\\\/\\\/akademie-sexualtherapie.de\\\/blog\\\/angst-und-zwangsstoerungen-ausbildung\\\/#primaryimage\",\"url\":\"https:\\\/\\\/akademie-sexualtherapie.de\\\/blog\\\/wp-content\\\/uploads\\\/2017\\\/12\\\/Fotolia_45136120_XS_copyright.jpg\",\"contentUrl\":\"https:\\\/\\\/akademie-sexualtherapie.de\\\/blog\\\/wp-content\\\/uploads\\\/2017\\\/12\\\/Fotolia_45136120_XS_copyright.jpg\",\"width\":408,\"height\":324},{\"@type\":\"BreadcrumbList\",\"@id\":\"https:\\\/\\\/akademie-sexualtherapie.de\\\/blog\\\/angst-und-zwangsstoerungen-ausbildung\\\/#breadcrumb\",\"itemListElement\":[{\"@type\":\"ListItem\",\"position\":1,\"name\":\"Startseite\",\"item\":\"https:\\\/\\\/akademie-sexualtherapie.de\\\/blog\\\/\"},{\"@type\":\"ListItem\",\"position\":2,\"name\":\"Angst- und Zwangsst\u00f6rungen\"}]},{\"@type\":\"WebSite\",\"@id\":\"https:\\\/\\\/akademie-sexualtherapie.de\\\/blog\\\/#website\",\"url\":\"https:\\\/\\\/akademie-sexualtherapie.de\\\/blog\\\/\",\"name\":\"Akademie f\u00fcr Sexualtherapie (AKST)\",\"description\":\"\",\"publisher\":{\"@id\":\"https:\\\/\\\/akademie-sexualtherapie.de\\\/blog\\\/#organization\"},\"potentialAction\":[{\"@type\":\"SearchAction\",\"target\":{\"@type\":\"EntryPoint\",\"urlTemplate\":\"https:\\\/\\\/akademie-sexualtherapie.de\\\/blog\\\/?s={search_term_string}\"},\"query-input\":{\"@type\":\"PropertyValueSpecification\",\"valueRequired\":true,\"valueName\":\"search_term_string\"}}],\"inLanguage\":\"de\"},{\"@type\":\"Organization\",\"@id\":\"https:\\\/\\\/akademie-sexualtherapie.de\\\/blog\\\/#organization\",\"name\":\"AKST Akademie f\u00fcr Sexualtherapie\",\"url\":\"https:\\\/\\\/akademie-sexualtherapie.de\\\/blog\\\/\",\"logo\":{\"@type\":\"ImageObject\",\"inLanguage\":\"de\",\"@id\":\"https:\\\/\\\/akademie-sexualtherapie.de\\\/blog\\\/#\\\/schema\\\/logo\\\/image\\\/\",\"url\":\"https:\\\/\\\/akademie-sexualtherapie.de\\\/blog\\\/wp-content\\\/uploads\\\/2019\\\/01\\\/Sexualtherapie-Dr.-Petery.jpg\",\"contentUrl\":\"https:\\\/\\\/akademie-sexualtherapie.de\\\/blog\\\/wp-content\\\/uploads\\\/2019\\\/01\\\/Sexualtherapie-Dr.-Petery.jpg\",\"width\":592,\"height\":510,\"caption\":\"AKST Akademie f\u00fcr Sexualtherapie\"},\"image\":{\"@id\":\"https:\\\/\\\/akademie-sexualtherapie.de\\\/blog\\\/#\\\/schema\\\/logo\\\/image\\\/\"},\"sameAs\":[\"https:\\\/\\\/www.facebook.com\\\/Dr.Petery\"]}]}<\/script>\n<!-- \/ Yoast SEO plugin. -->","yoast_head_json":{"title":"Angst- und Zwangsst\u00f6rungen - AKST - Akademie f\u00fcr Sexualtherapie und Psychotherapie","description":"Angst- und Zwangsst\u00f6rungen geh\u00f6ren zu den h\u00e4ufigsten Themen in der Sexualtherapie. Sie sind Thema beim zweiten Ausbildungswochenende des AKST-Kurses.","robots":{"index":"index","follow":"follow","max-snippet":"max-snippet:-1","max-image-preview":"max-image-preview:large","max-video-preview":"max-video-preview:-1"},"canonical":"https:\/\/akademie-sexualtherapie.de\/blog\/angst-und-zwangsstoerungen-ausbildung\/","og_locale":"de_DE","og_type":"article","og_title":"Angst- und Zwangsst\u00f6rungen - AKST - Akademie f\u00fcr Sexualtherapie und Psychotherapie","og_description":"Angst- und Zwangsst\u00f6rungen geh\u00f6ren zu den h\u00e4ufigsten Themen in der Sexualtherapie. Sie sind Thema beim zweiten Ausbildungswochenende des AKST-Kurses.","og_url":"https:\/\/akademie-sexualtherapie.de\/blog\/angst-und-zwangsstoerungen-ausbildung\/","og_site_name":"AKST - Akademie f\u00fcr Sexualtherapie und Psychotherapie","article_publisher":"https:\/\/www.facebook.com\/Dr.Petery","article_modified_time":"2025-04-03T14:54:14+00:00","og_image":[{"width":408,"height":324,"url":"https:\/\/akademie-sexualtherapie.de\/blog\/wp-content\/uploads\/2017\/12\/Fotolia_45136120_XS_copyright.jpg","type":"image\/jpeg"}],"twitter_card":"summary_large_image","twitter_misc":{"Gesch\u00e4tzte Lesezeit":"2\u00a0Minuten"},"schema":{"@context":"https:\/\/schema.org","@graph":[{"@type":"WebPage","@id":"https:\/\/akademie-sexualtherapie.de\/blog\/angst-und-zwangsstoerungen-ausbildung\/","url":"https:\/\/akademie-sexualtherapie.de\/blog\/angst-und-zwangsstoerungen-ausbildung\/","name":"Angst- und Zwangsst\u00f6rungen - AKST - Akademie f\u00fcr Sexualtherapie und Psychotherapie","isPartOf":{"@id":"https:\/\/akademie-sexualtherapie.de\/blog\/#website"},"primaryImageOfPage":{"@id":"https:\/\/akademie-sexualtherapie.de\/blog\/angst-und-zwangsstoerungen-ausbildung\/#primaryimage"},"image":{"@id":"https:\/\/akademie-sexualtherapie.de\/blog\/angst-und-zwangsstoerungen-ausbildung\/#primaryimage"},"thumbnailUrl":"https:\/\/akademie-sexualtherapie.de\/blog\/wp-content\/uploads\/2017\/12\/Fotolia_45136120_XS_copyright.jpg","datePublished":"2017-11-29T10:31:15+00:00","dateModified":"2025-04-03T14:54:14+00:00","description":"Angst- und Zwangsst\u00f6rungen geh\u00f6ren zu den h\u00e4ufigsten Themen in der Sexualtherapie. Sie sind Thema beim zweiten Ausbildungswochenende des AKST-Kurses.","breadcrumb":{"@id":"https:\/\/akademie-sexualtherapie.de\/blog\/angst-und-zwangsstoerungen-ausbildung\/#breadcrumb"},"inLanguage":"de","potentialAction":[{"@type":"ReadAction","target":["https:\/\/akademie-sexualtherapie.de\/blog\/angst-und-zwangsstoerungen-ausbildung\/"]}]},{"@type":"ImageObject","inLanguage":"de","@id":"https:\/\/akademie-sexualtherapie.de\/blog\/angst-und-zwangsstoerungen-ausbildung\/#primaryimage","url":"https:\/\/akademie-sexualtherapie.de\/blog\/wp-content\/uploads\/2017\/12\/Fotolia_45136120_XS_copyright.jpg","contentUrl":"https:\/\/akademie-sexualtherapie.de\/blog\/wp-content\/uploads\/2017\/12\/Fotolia_45136120_XS_copyright.jpg","width":408,"height":324},{"@type":"BreadcrumbList","@id":"https:\/\/akademie-sexualtherapie.de\/blog\/angst-und-zwangsstoerungen-ausbildung\/#breadcrumb","itemListElement":[{"@type":"ListItem","position":1,"name":"Startseite","item":"https:\/\/akademie-sexualtherapie.de\/blog\/"},{"@type":"ListItem","position":2,"name":"Angst- und Zwangsst\u00f6rungen"}]},{"@type":"WebSite","@id":"https:\/\/akademie-sexualtherapie.de\/blog\/#website","url":"https:\/\/akademie-sexualtherapie.de\/blog\/","name":"Akademie f\u00fcr Sexualtherapie (AKST)","description":"","publisher":{"@id":"https:\/\/akademie-sexualtherapie.de\/blog\/#organization"},"potentialAction":[{"@type":"SearchAction","target":{"@type":"EntryPoint","urlTemplate":"https:\/\/akademie-sexualtherapie.de\/blog\/?s={search_term_string}"},"query-input":{"@type":"PropertyValueSpecification","valueRequired":true,"valueName":"search_term_string"}}],"inLanguage":"de"},{"@type":"Organization","@id":"https:\/\/akademie-sexualtherapie.de\/blog\/#organization","name":"AKST Akademie f\u00fcr Sexualtherapie","url":"https:\/\/akademie-sexualtherapie.de\/blog\/","logo":{"@type":"ImageObject","inLanguage":"de","@id":"https:\/\/akademie-sexualtherapie.de\/blog\/#\/schema\/logo\/image\/","url":"https:\/\/akademie-sexualtherapie.de\/blog\/wp-content\/uploads\/2019\/01\/Sexualtherapie-Dr.-Petery.jpg","contentUrl":"https:\/\/akademie-sexualtherapie.de\/blog\/wp-content\/uploads\/2019\/01\/Sexualtherapie-Dr.-Petery.jpg","width":592,"height":510,"caption":"AKST Akademie f\u00fcr Sexualtherapie"},"image":{"@id":"https:\/\/akademie-sexualtherapie.de\/blog\/#\/schema\/logo\/image\/"},"sameAs":["https:\/\/www.facebook.com\/Dr.Petery"]}]}},"_links":{"self":[{"href":"https:\/\/akademie-sexualtherapie.de\/blog\/wp-json\/wp\/v2\/pages\/252","targetHints":{"allow":["GET"]}}],"collection":[{"href":"https:\/\/akademie-sexualtherapie.de\/blog\/wp-json\/wp\/v2\/pages"}],"about":[{"href":"https:\/\/akademie-sexualtherapie.de\/blog\/wp-json\/wp\/v2\/types\/page"}],"author":[{"embeddable":true,"href":"https:\/\/akademie-sexualtherapie.de\/blog\/wp-json\/wp\/v2\/users\/1"}],"replies":[{"embeddable":true,"href":"https:\/\/akademie-sexualtherapie.de\/blog\/wp-json\/wp\/v2\/comments?post=252"}],"version-history":[{"count":0,"href":"https:\/\/akademie-sexualtherapie.de\/blog\/wp-json\/wp\/v2\/pages\/252\/revisions"}],"wp:attachment":[{"href":"https:\/\/akademie-sexualtherapie.de\/blog\/wp-json\/wp\/v2\/media?parent=252"}],"curies":[{"name":"wp","href":"https:\/\/api.w.org\/{rel}","templated":true}]}}