{"id":2381,"date":"2022-02-12T18:02:24","date_gmt":"2022-02-12T17:02:24","guid":{"rendered":"https:\/\/akademie-sexualtherapie.de\/blog\/?page_id=2381"},"modified":"2022-02-12T21:07:54","modified_gmt":"2022-02-12T20:07:54","slug":"schematherapie-in-der-arbeit-mit-paaren","status":"publish","type":"page","link":"https:\/\/akademie-sexualtherapie.de\/blog\/schematherapie-in-der-arbeit-mit-paaren\/","title":{"rendered":"Kurseinheit 7 <br>Schematherapie in der Arbeit mit Paaren"},"content":{"rendered":"\r\n<div class=\"wp-block-columns alignwide is-layout-flex wp-container-core-columns-is-layout-28f84493 wp-block-columns-is-layout-flex\">\r\n<div class=\"wp-block-column is-layout-flow wp-block-column-is-layout-flow\" style=\"flex-basis:33.33%\">\r\n<figure class=\"wp-block-image size-large\"><img decoding=\"async\" src=\"https:\/\/akademie-sexualtherapie.de\/blog\/wp-content\/uploads\/2022\/02\/11716034-b_s.jpg\" alt=\"Fortbildung Schmematherapie\" class=\"wp-image-1778\"\/><\/figure>\r\n<\/div>\r\n\r\n\r\n\r\n\r\n<div class=\"wp-block-column is-layout-flow wp-block-column-is-layout-flow\" style=\"flex-basis:66.66%\">\r\n<h4 class=\"wp-block-heading\" id=\" \">Schematherapie in der Arbeit mit Paaren<\/h4>\r\n\r\n\r\n<br>\r\n<p> Techniken der Schematherapie haben insbesondere in der Paartherapie v\u00f6llig neue und wirksame Interventionen in der Therapie geschaffen. Schwierigkeiten der Partner lassen sich vielfach als Ergebnis dysfunktionaler Verhaltensmuster erkl\u00e4ren, mit denen sich die beiden Partner gegenseitig triggern (sog. Modus-Zirkel). Damit ist eine spezifische Form der Beziehungsdiagnostik m\u00f6glich, die ihrerseits spezifische Interventionen im Hinblick auf die jeweils bei den Partnern aktivierten dysfunktionalen Modi erm\u00f6glicht.<br>\r\n<br>\r\n\r\n<h4>Inhalte Theorie<\/h4>\r\n\r\n\t<li>Grundlagenwissen zu Paardynamik und \u201eModuszirkel\u201c<\/li>\t\r\n        <li>Die Erstellung von Moduslandkarte und Moduszirkel bei Paaren<\/li>\r\n\t<li>Aufbau und Gestaltung einer schematherapeutischen Paarstunde<\/li>\r\n\t<li>Umgang mit typischen Problemen in der schematherapeutischen Paartherapie<\/li>\r\n\t\r\n<\/p>\r\n<br>\r\n\r\n<h4>Lernziele<\/h4>\r\n    <p><li>Verst\u00e4ndnis des theoretischen Hintergrunds des \u201eModus-Zirkels\u201c in der schematherapeutischen Paartherapie<\/li>\t\r\n        <li>Ein\u00fcbung des Erstellens von Moduslandkarten und Moduszirkel-Memos f\u00fcr Paare<\/li>\r\n        <li>Erlernen von Techniken zur schematherapeutischen Arbeit im Paarsetting<\/li>\r\n<\/p>\r\n<br>\r\n\r\n<h4>Praktische \u00dcbungen<\/h4>\r\n    <p>Bei jeder Kurseineheit sind praktische \u00dcbungen wesentlicher Bestandteil der Fortbildung: \r\n        <li>Fallbeispiele und \u00dcbungen zur Gestaltung einer schematherapeutischen Paartherapie<\/li>\t\r\n        <li>Fallbeispiele und \u00dcbungen zum Erstellen von Moduslandkarte und Moduszirkel<\/li>\r\n        <li>Fallbeispiele und \u00dcbungen zum Umgang mit typischen Problemsituationen in der schematherapeutischen Paartherapie<\/li>\r\n<\/p>\r\n<br>\r\n\r\n<h6><a href=\"https:\/\/akademie-sexualtherapie.de\/blog\/fortbildung-schematherapie\/\">zur\u00fcck zur \u00dcbersicht \u00fcber alle 7 Kurseinheiten<\/a><\/h6>\r\n\r\n\r\n\r\n\r\n<p><\/p>\r\n<\/div>\r\n<\/div>\r\n\r\n\r\n\r\n<p><\/p>\r\n","protected":false},"excerpt":{"rendered":"<p>Schematherapie in der Arbeit mit Paaren<\/p>\n","protected":false},"author":1,"featured_media":0,"parent":0,"menu_order":0,"comment_status":"closed","ping_status":"closed","template":"","meta":{"footnotes":""},"class_list":["post-2381","page","type-page","status-publish"],"yoast_head":"<!-- This site is optimized with the Yoast SEO plugin v27.4 - https:\/\/yoast.com\/product\/yoast-seo-wordpress\/ -->\n<title>Kurseinheit 7 Schematherapie in der Arbeit mit Paaren - AKST - Akademie f\u00fcr Sexualtherapie und Psychotherapie<\/title>\n<meta name=\"robots\" content=\"index, follow, max-snippet:-1, max-image-preview:large, max-video-preview:-1\" \/>\n<link rel=\"canonical\" href=\"https:\/\/akademie-sexualtherapie.de\/blog\/schematherapie-in-der-arbeit-mit-paaren\/\" \/>\n<meta property=\"og:locale\" content=\"de_DE\" \/>\n<meta property=\"og:type\" content=\"article\" \/>\n<meta property=\"og:title\" content=\"Kurseinheit 7 Schematherapie in der Arbeit mit Paaren - AKST - Akademie f\u00fcr Sexualtherapie und Psychotherapie\" \/>\n<meta property=\"og:description\" content=\"Schematherapie in der Arbeit mit Paaren\" \/>\n<meta property=\"og:url\" content=\"https:\/\/akademie-sexualtherapie.de\/blog\/schematherapie-in-der-arbeit-mit-paaren\/\" \/>\n<meta property=\"og:site_name\" content=\"AKST - Akademie f\u00fcr Sexualtherapie und Psychotherapie\" \/>\n<meta property=\"article:publisher\" content=\"https:\/\/www.facebook.com\/Dr.Petery\" \/>\n<meta property=\"article:modified_time\" content=\"2022-02-12T20:07:54+00:00\" \/>\n<meta property=\"og:image\" content=\"https:\/\/akademie-sexualtherapie.de\/blog\/wp-content\/uploads\/2022\/02\/11716034-b_s.jpg\" \/>\n<meta name=\"twitter:card\" content=\"summary_large_image\" \/>\n<meta name=\"twitter:label1\" content=\"Gesch\u00e4tzte Lesezeit\" \/>\n\t<meta name=\"twitter:data1\" content=\"1\u00a0Minute\" \/>\n<script type=\"application\/ld+json\" class=\"yoast-schema-graph\">{\"@context\":\"https:\\\/\\\/schema.org\",\"@graph\":[{\"@type\":\"WebPage\",\"@id\":\"https:\\\/\\\/akademie-sexualtherapie.de\\\/blog\\\/schematherapie-in-der-arbeit-mit-paaren\\\/\",\"url\":\"https:\\\/\\\/akademie-sexualtherapie.de\\\/blog\\\/schematherapie-in-der-arbeit-mit-paaren\\\/\",\"name\":\"Kurseinheit 7 Schematherapie in der Arbeit mit Paaren - AKST - Akademie f\u00fcr Sexualtherapie und Psychotherapie\",\"isPartOf\":{\"@id\":\"https:\\\/\\\/akademie-sexualtherapie.de\\\/blog\\\/#website\"},\"primaryImageOfPage\":{\"@id\":\"https:\\\/\\\/akademie-sexualtherapie.de\\\/blog\\\/schematherapie-in-der-arbeit-mit-paaren\\\/#primaryimage\"},\"image\":{\"@id\":\"https:\\\/\\\/akademie-sexualtherapie.de\\\/blog\\\/schematherapie-in-der-arbeit-mit-paaren\\\/#primaryimage\"},\"thumbnailUrl\":\"https:\\\/\\\/akademie-sexualtherapie.de\\\/blog\\\/wp-content\\\/uploads\\\/2022\\\/02\\\/11716034-b_s.jpg\",\"datePublished\":\"2022-02-12T17:02:24+00:00\",\"dateModified\":\"2022-02-12T20:07:54+00:00\",\"breadcrumb\":{\"@id\":\"https:\\\/\\\/akademie-sexualtherapie.de\\\/blog\\\/schematherapie-in-der-arbeit-mit-paaren\\\/#breadcrumb\"},\"inLanguage\":\"de\",\"potentialAction\":[{\"@type\":\"ReadAction\",\"target\":[\"https:\\\/\\\/akademie-sexualtherapie.de\\\/blog\\\/schematherapie-in-der-arbeit-mit-paaren\\\/\"]}]},{\"@type\":\"ImageObject\",\"inLanguage\":\"de\",\"@id\":\"https:\\\/\\\/akademie-sexualtherapie.de\\\/blog\\\/schematherapie-in-der-arbeit-mit-paaren\\\/#primaryimage\",\"url\":\"https:\\\/\\\/akademie-sexualtherapie.de\\\/blog\\\/wp-content\\\/uploads\\\/2022\\\/02\\\/11716034-b_s.jpg\",\"contentUrl\":\"https:\\\/\\\/akademie-sexualtherapie.de\\\/blog\\\/wp-content\\\/uploads\\\/2022\\\/02\\\/11716034-b_s.jpg\",\"width\":839,\"height\":628,\"caption\":\"Game in puzzles in a blue shade\"},{\"@type\":\"BreadcrumbList\",\"@id\":\"https:\\\/\\\/akademie-sexualtherapie.de\\\/blog\\\/schematherapie-in-der-arbeit-mit-paaren\\\/#breadcrumb\",\"itemListElement\":[{\"@type\":\"ListItem\",\"position\":1,\"name\":\"Startseite\",\"item\":\"https:\\\/\\\/akademie-sexualtherapie.de\\\/blog\\\/\"},{\"@type\":\"ListItem\",\"position\":2,\"name\":\"Kurseinheit 7 Schematherapie in der Arbeit mit Paaren\"}]},{\"@type\":\"WebSite\",\"@id\":\"https:\\\/\\\/akademie-sexualtherapie.de\\\/blog\\\/#website\",\"url\":\"https:\\\/\\\/akademie-sexualtherapie.de\\\/blog\\\/\",\"name\":\"Akademie f\u00fcr Sexualtherapie (AKST)\",\"description\":\"\",\"publisher\":{\"@id\":\"https:\\\/\\\/akademie-sexualtherapie.de\\\/blog\\\/#organization\"},\"potentialAction\":[{\"@type\":\"SearchAction\",\"target\":{\"@type\":\"EntryPoint\",\"urlTemplate\":\"https:\\\/\\\/akademie-sexualtherapie.de\\\/blog\\\/?s={search_term_string}\"},\"query-input\":{\"@type\":\"PropertyValueSpecification\",\"valueRequired\":true,\"valueName\":\"search_term_string\"}}],\"inLanguage\":\"de\"},{\"@type\":\"Organization\",\"@id\":\"https:\\\/\\\/akademie-sexualtherapie.de\\\/blog\\\/#organization\",\"name\":\"AKST Akademie f\u00fcr Sexualtherapie\",\"url\":\"https:\\\/\\\/akademie-sexualtherapie.de\\\/blog\\\/\",\"logo\":{\"@type\":\"ImageObject\",\"inLanguage\":\"de\",\"@id\":\"https:\\\/\\\/akademie-sexualtherapie.de\\\/blog\\\/#\\\/schema\\\/logo\\\/image\\\/\",\"url\":\"https:\\\/\\\/akademie-sexualtherapie.de\\\/blog\\\/wp-content\\\/uploads\\\/2019\\\/01\\\/Sexualtherapie-Dr.-Petery.jpg\",\"contentUrl\":\"https:\\\/\\\/akademie-sexualtherapie.de\\\/blog\\\/wp-content\\\/uploads\\\/2019\\\/01\\\/Sexualtherapie-Dr.-Petery.jpg\",\"width\":592,\"height\":510,\"caption\":\"AKST Akademie f\u00fcr Sexualtherapie\"},\"image\":{\"@id\":\"https:\\\/\\\/akademie-sexualtherapie.de\\\/blog\\\/#\\\/schema\\\/logo\\\/image\\\/\"},\"sameAs\":[\"https:\\\/\\\/www.facebook.com\\\/Dr.Petery\"]}]}<\/script>\n<!-- \/ Yoast SEO plugin. -->","yoast_head_json":{"title":"Kurseinheit 7 Schematherapie in der Arbeit mit Paaren - AKST - Akademie f\u00fcr Sexualtherapie und Psychotherapie","robots":{"index":"index","follow":"follow","max-snippet":"max-snippet:-1","max-image-preview":"max-image-preview:large","max-video-preview":"max-video-preview:-1"},"canonical":"https:\/\/akademie-sexualtherapie.de\/blog\/schematherapie-in-der-arbeit-mit-paaren\/","og_locale":"de_DE","og_type":"article","og_title":"Kurseinheit 7 Schematherapie in der Arbeit mit Paaren - AKST - Akademie f\u00fcr Sexualtherapie und Psychotherapie","og_description":"Schematherapie in der Arbeit mit Paaren","og_url":"https:\/\/akademie-sexualtherapie.de\/blog\/schematherapie-in-der-arbeit-mit-paaren\/","og_site_name":"AKST - Akademie f\u00fcr Sexualtherapie und Psychotherapie","article_publisher":"https:\/\/www.facebook.com\/Dr.Petery","article_modified_time":"2022-02-12T20:07:54+00:00","og_image":[{"url":"https:\/\/akademie-sexualtherapie.de\/blog\/wp-content\/uploads\/2022\/02\/11716034-b_s.jpg","type":"","width":"","height":""}],"twitter_card":"summary_large_image","twitter_misc":{"Gesch\u00e4tzte Lesezeit":"1\u00a0Minute"},"schema":{"@context":"https:\/\/schema.org","@graph":[{"@type":"WebPage","@id":"https:\/\/akademie-sexualtherapie.de\/blog\/schematherapie-in-der-arbeit-mit-paaren\/","url":"https:\/\/akademie-sexualtherapie.de\/blog\/schematherapie-in-der-arbeit-mit-paaren\/","name":"Kurseinheit 7 Schematherapie in der Arbeit mit Paaren - AKST - Akademie f\u00fcr Sexualtherapie und Psychotherapie","isPartOf":{"@id":"https:\/\/akademie-sexualtherapie.de\/blog\/#website"},"primaryImageOfPage":{"@id":"https:\/\/akademie-sexualtherapie.de\/blog\/schematherapie-in-der-arbeit-mit-paaren\/#primaryimage"},"image":{"@id":"https:\/\/akademie-sexualtherapie.de\/blog\/schematherapie-in-der-arbeit-mit-paaren\/#primaryimage"},"thumbnailUrl":"https:\/\/akademie-sexualtherapie.de\/blog\/wp-content\/uploads\/2022\/02\/11716034-b_s.jpg","datePublished":"2022-02-12T17:02:24+00:00","dateModified":"2022-02-12T20:07:54+00:00","breadcrumb":{"@id":"https:\/\/akademie-sexualtherapie.de\/blog\/schematherapie-in-der-arbeit-mit-paaren\/#breadcrumb"},"inLanguage":"de","potentialAction":[{"@type":"ReadAction","target":["https:\/\/akademie-sexualtherapie.de\/blog\/schematherapie-in-der-arbeit-mit-paaren\/"]}]},{"@type":"ImageObject","inLanguage":"de","@id":"https:\/\/akademie-sexualtherapie.de\/blog\/schematherapie-in-der-arbeit-mit-paaren\/#primaryimage","url":"https:\/\/akademie-sexualtherapie.de\/blog\/wp-content\/uploads\/2022\/02\/11716034-b_s.jpg","contentUrl":"https:\/\/akademie-sexualtherapie.de\/blog\/wp-content\/uploads\/2022\/02\/11716034-b_s.jpg","width":839,"height":628,"caption":"Game in puzzles in a blue shade"},{"@type":"BreadcrumbList","@id":"https:\/\/akademie-sexualtherapie.de\/blog\/schematherapie-in-der-arbeit-mit-paaren\/#breadcrumb","itemListElement":[{"@type":"ListItem","position":1,"name":"Startseite","item":"https:\/\/akademie-sexualtherapie.de\/blog\/"},{"@type":"ListItem","position":2,"name":"Kurseinheit 7 Schematherapie in der Arbeit mit Paaren"}]},{"@type":"WebSite","@id":"https:\/\/akademie-sexualtherapie.de\/blog\/#website","url":"https:\/\/akademie-sexualtherapie.de\/blog\/","name":"Akademie f\u00fcr Sexualtherapie (AKST)","description":"","publisher":{"@id":"https:\/\/akademie-sexualtherapie.de\/blog\/#organization"},"potentialAction":[{"@type":"SearchAction","target":{"@type":"EntryPoint","urlTemplate":"https:\/\/akademie-sexualtherapie.de\/blog\/?s={search_term_string}"},"query-input":{"@type":"PropertyValueSpecification","valueRequired":true,"valueName":"search_term_string"}}],"inLanguage":"de"},{"@type":"Organization","@id":"https:\/\/akademie-sexualtherapie.de\/blog\/#organization","name":"AKST Akademie f\u00fcr Sexualtherapie","url":"https:\/\/akademie-sexualtherapie.de\/blog\/","logo":{"@type":"ImageObject","inLanguage":"de","@id":"https:\/\/akademie-sexualtherapie.de\/blog\/#\/schema\/logo\/image\/","url":"https:\/\/akademie-sexualtherapie.de\/blog\/wp-content\/uploads\/2019\/01\/Sexualtherapie-Dr.-Petery.jpg","contentUrl":"https:\/\/akademie-sexualtherapie.de\/blog\/wp-content\/uploads\/2019\/01\/Sexualtherapie-Dr.-Petery.jpg","width":592,"height":510,"caption":"AKST Akademie f\u00fcr Sexualtherapie"},"image":{"@id":"https:\/\/akademie-sexualtherapie.de\/blog\/#\/schema\/logo\/image\/"},"sameAs":["https:\/\/www.facebook.com\/Dr.Petery"]}]}},"_links":{"self":[{"href":"https:\/\/akademie-sexualtherapie.de\/blog\/wp-json\/wp\/v2\/pages\/2381","targetHints":{"allow":["GET"]}}],"collection":[{"href":"https:\/\/akademie-sexualtherapie.de\/blog\/wp-json\/wp\/v2\/pages"}],"about":[{"href":"https:\/\/akademie-sexualtherapie.de\/blog\/wp-json\/wp\/v2\/types\/page"}],"author":[{"embeddable":true,"href":"https:\/\/akademie-sexualtherapie.de\/blog\/wp-json\/wp\/v2\/users\/1"}],"replies":[{"embeddable":true,"href":"https:\/\/akademie-sexualtherapie.de\/blog\/wp-json\/wp\/v2\/comments?post=2381"}],"version-history":[{"count":0,"href":"https:\/\/akademie-sexualtherapie.de\/blog\/wp-json\/wp\/v2\/pages\/2381\/revisions"}],"wp:attachment":[{"href":"https:\/\/akademie-sexualtherapie.de\/blog\/wp-json\/wp\/v2\/media?parent=2381"}],"curies":[{"name":"wp","href":"https:\/\/api.w.org\/{rel}","templated":true}]}}