{"id":2373,"date":"2022-02-12T18:01:03","date_gmt":"2022-02-12T17:01:03","guid":{"rendered":"https:\/\/akademie-sexualtherapie.de\/blog\/?page_id=2373"},"modified":"2025-02-04T17:24:20","modified_gmt":"2025-02-04T16:24:20","slug":"die-kindheitsmodi-in-der-schematherapie","status":"publish","type":"page","link":"https:\/\/akademie-sexualtherapie.de\/blog\/die-kindheitsmodi-in-der-schematherapie\/","title":{"rendered":"Kurseinheit 3 <br>Kindheitsmodi in der Schematherapie"},"content":{"rendered":"\r\n<div class=\"wp-block-columns alignwide is-layout-flex wp-container-core-columns-is-layout-28f84493 wp-block-columns-is-layout-flex\">\r\n<div class=\"wp-block-column is-layout-flow wp-block-column-is-layout-flow\" style=\"flex-basis: 33.33%;\">\r\n<figure class=\"wp-block-image size-large\"><img decoding=\"async\" class=\"wp-image-1778\" src=\"https:\/\/akademie-sexualtherapie.de\/blog\/wp-content\/uploads\/2022\/02\/11716034-b_s.jpg\" alt=\"Fortbildung Schmematherapie\" \/><\/figure>\r\n<\/div>\r\n\r\n\r\n\r\n<div class=\"wp-block-column is-layout-flow wp-block-column-is-layout-flow\" style=\"flex-basis: 66.66%;\">\r\n<h4 class=\"wp-block-heading\" id=\" \">Die Kindheitsmodi in der Schematherapie<\/h4>\r\n <br \/>\r\n<p>In den Kindheitsmodi erleben und deuten KlientInnen aktuelle Erfahrungen und Erlebnisse ihres Alltagslebens aus der Perspektive unangenehmer Gef\u00fchle ihrer Kindheit, die aus traumatischen Erfahrungen stemmen: so etwa Scham, Angst, Einsamkeit, Misstrauen, Hoffnungslosigkeit. Diese Modi steuern unbewusst das gegenw\u00e4rtige Handeln und stehen oft einem funktionalen und befriedigendem Verhalten in der Gegenwart im Wege.<br \/><br \/><\/p>\r\n<h4>Inhalte Theorie<\/h4>\r\n<p>&nbsp;<\/p>\r\n<ul>\r\n<li>Grundlagenwissen zur Entstehung der verletzlichen Kindheitsmodi: Erfahrungen von Verlassenheit und Einsamkeit<\/li>\r\n<li>Grundlagenwissen zu den Sch\u00e4den durch k\u00f6rperlichen und psychischen Kindesmissbrauch<\/li>\r\n<li>Grundlagenwissen zu typischen Folgen von H\u00e4nseleien und Mobbing in der Kindheit<\/li>\r\n<\/ul>\r\n<p>&nbsp;<\/p>\r\n<p>&nbsp;<\/p>\r\n<h4>Lernziele<\/h4>\r\n<p>&nbsp;<\/p>\r\n<ul>\r\n<li>Festigung des Grundlagenwissens zu den Kindheitsmodi<\/li>\r\n<li>Erlernen von Techniken zur Kontaktaufnahme mit dem verletzten inneren Kind bei sich selbst und bei KlientInnen<\/li>\r\n<li>Wissen um wichtige Kindmodi: das verletzlich-traurige Kind, das w\u00fctende Kind; das impulsiv-undisziplinierte Kind,<\/li>\r\n<li>Verst\u00e4ndnis f\u00fcr die Bedeutung von Emotionen und Bed\u00fcrfnissen<\/li>\r\n<li>Erlernen von Techniken der Selbstf\u00fcrsorge, des Trostes und der Beruhigung\/li&gt;<\/li>\r\n<\/ul>\r\n<p>&nbsp;<\/p>\r\n<p>&nbsp;<\/p>\r\n<h4>Praktische \u00dcbungen<\/h4>\r\n<p>Bei jeder Kurseineheit sind praktische \u00dcbungen wesentlicher Bestandteil der Fortbildung:<\/p>\r\n<ul>\r\n<li>\u00dcbungen zur Selbstreflexion \u00fcber Eigenerfahrungen der TeilnehmerInnen aus der Kindheit<\/li>\r\n<li>\u00dcbungen in der Gruppe zur Regression und zum Einf\u00fchlen in die Kindheitsmodi<\/li>\r\n<li>\u00dcbungen im Rollenspiel Klient\/Therapeut zur Begleitung bei aktivierten Kindheitsmodi<\/li>\r\n<\/ul>\r\n<p>&nbsp;<\/p>\r\n<p>&nbsp;<\/p>\r\n<h6><a href=\"https:\/\/akademie-sexualtherapie.de\/blog\/fortbildung-schematherapie\/\">zur\u00fcck zur \u00dcbersicht \u00fcber alle Kurseinheiten<\/a><\/h6>\r\n<h6><a href=\"https:\/\/akademie-sexualtherapie.de\/blog\/problematische-elternmodi-in-der-schematherapie\/\">weiter zu Kurseinheit 4<\/a><\/h6>\r\n<p><\/p>\r\n<p>&nbsp;<\/p>\r\n<p><\/p>\r\n<\/div>\r\n<\/div>\r\n\r\n\r\n\r\n<p>&nbsp;<\/p>\r\n","protected":false},"excerpt":{"rendered":"<p>Die Kindheitsmodi in der Schematherapie &nbsp; &nbsp;<\/p>\n","protected":false},"author":1,"featured_media":0,"parent":0,"menu_order":0,"comment_status":"closed","ping_status":"closed","template":"","meta":{"footnotes":""},"class_list":["post-2373","page","type-page","status-publish"],"yoast_head":"<!-- This site is optimized with the Yoast SEO plugin v27.4 - https:\/\/yoast.com\/product\/yoast-seo-wordpress\/ -->\n<title>Kurseinheit 3 Kindheitsmodi in der Schematherapie - AKST - Akademie f\u00fcr Sexualtherapie und Psychotherapie<\/title>\n<meta name=\"robots\" content=\"index, follow, max-snippet:-1, max-image-preview:large, max-video-preview:-1\" \/>\n<link rel=\"canonical\" href=\"https:\/\/akademie-sexualtherapie.de\/blog\/die-kindheitsmodi-in-der-schematherapie\/\" \/>\n<meta property=\"og:locale\" content=\"de_DE\" \/>\n<meta property=\"og:type\" content=\"article\" \/>\n<meta property=\"og:title\" content=\"Kurseinheit 3 Kindheitsmodi in der Schematherapie - AKST - Akademie f\u00fcr Sexualtherapie und Psychotherapie\" \/>\n<meta property=\"og:description\" content=\"Die Kindheitsmodi in der Schematherapie &nbsp; &nbsp;\" \/>\n<meta property=\"og:url\" content=\"https:\/\/akademie-sexualtherapie.de\/blog\/die-kindheitsmodi-in-der-schematherapie\/\" \/>\n<meta property=\"og:site_name\" content=\"AKST - Akademie f\u00fcr Sexualtherapie und Psychotherapie\" \/>\n<meta property=\"article:publisher\" content=\"https:\/\/www.facebook.com\/Dr.Petery\" \/>\n<meta property=\"article:modified_time\" content=\"2025-02-04T16:24:20+00:00\" \/>\n<meta property=\"og:image\" content=\"https:\/\/akademie-sexualtherapie.de\/blog\/wp-content\/uploads\/2022\/02\/11716034-b_s.jpg\" \/>\n<meta name=\"twitter:card\" content=\"summary_large_image\" \/>\n<meta name=\"twitter:label1\" content=\"Gesch\u00e4tzte Lesezeit\" \/>\n\t<meta name=\"twitter:data1\" content=\"1\u00a0Minute\" \/>\n<script type=\"application\/ld+json\" class=\"yoast-schema-graph\">{\"@context\":\"https:\\\/\\\/schema.org\",\"@graph\":[{\"@type\":\"WebPage\",\"@id\":\"https:\\\/\\\/akademie-sexualtherapie.de\\\/blog\\\/die-kindheitsmodi-in-der-schematherapie\\\/\",\"url\":\"https:\\\/\\\/akademie-sexualtherapie.de\\\/blog\\\/die-kindheitsmodi-in-der-schematherapie\\\/\",\"name\":\"Kurseinheit 3 Kindheitsmodi in der Schematherapie - AKST - Akademie f\u00fcr Sexualtherapie und Psychotherapie\",\"isPartOf\":{\"@id\":\"https:\\\/\\\/akademie-sexualtherapie.de\\\/blog\\\/#website\"},\"primaryImageOfPage\":{\"@id\":\"https:\\\/\\\/akademie-sexualtherapie.de\\\/blog\\\/die-kindheitsmodi-in-der-schematherapie\\\/#primaryimage\"},\"image\":{\"@id\":\"https:\\\/\\\/akademie-sexualtherapie.de\\\/blog\\\/die-kindheitsmodi-in-der-schematherapie\\\/#primaryimage\"},\"thumbnailUrl\":\"https:\\\/\\\/akademie-sexualtherapie.de\\\/blog\\\/wp-content\\\/uploads\\\/2022\\\/02\\\/11716034-b_s.jpg\",\"datePublished\":\"2022-02-12T17:01:03+00:00\",\"dateModified\":\"2025-02-04T16:24:20+00:00\",\"breadcrumb\":{\"@id\":\"https:\\\/\\\/akademie-sexualtherapie.de\\\/blog\\\/die-kindheitsmodi-in-der-schematherapie\\\/#breadcrumb\"},\"inLanguage\":\"de\",\"potentialAction\":[{\"@type\":\"ReadAction\",\"target\":[\"https:\\\/\\\/akademie-sexualtherapie.de\\\/blog\\\/die-kindheitsmodi-in-der-schematherapie\\\/\"]}]},{\"@type\":\"ImageObject\",\"inLanguage\":\"de\",\"@id\":\"https:\\\/\\\/akademie-sexualtherapie.de\\\/blog\\\/die-kindheitsmodi-in-der-schematherapie\\\/#primaryimage\",\"url\":\"https:\\\/\\\/akademie-sexualtherapie.de\\\/blog\\\/wp-content\\\/uploads\\\/2022\\\/02\\\/11716034-b_s.jpg\",\"contentUrl\":\"https:\\\/\\\/akademie-sexualtherapie.de\\\/blog\\\/wp-content\\\/uploads\\\/2022\\\/02\\\/11716034-b_s.jpg\",\"width\":839,\"height\":628,\"caption\":\"Game in puzzles in a blue shade\"},{\"@type\":\"BreadcrumbList\",\"@id\":\"https:\\\/\\\/akademie-sexualtherapie.de\\\/blog\\\/die-kindheitsmodi-in-der-schematherapie\\\/#breadcrumb\",\"itemListElement\":[{\"@type\":\"ListItem\",\"position\":1,\"name\":\"Startseite\",\"item\":\"https:\\\/\\\/akademie-sexualtherapie.de\\\/blog\\\/\"},{\"@type\":\"ListItem\",\"position\":2,\"name\":\"Kurseinheit 3 Kindheitsmodi in der Schematherapie\"}]},{\"@type\":\"WebSite\",\"@id\":\"https:\\\/\\\/akademie-sexualtherapie.de\\\/blog\\\/#website\",\"url\":\"https:\\\/\\\/akademie-sexualtherapie.de\\\/blog\\\/\",\"name\":\"Akademie f\u00fcr Sexualtherapie (AKST)\",\"description\":\"\",\"publisher\":{\"@id\":\"https:\\\/\\\/akademie-sexualtherapie.de\\\/blog\\\/#organization\"},\"potentialAction\":[{\"@type\":\"SearchAction\",\"target\":{\"@type\":\"EntryPoint\",\"urlTemplate\":\"https:\\\/\\\/akademie-sexualtherapie.de\\\/blog\\\/?s={search_term_string}\"},\"query-input\":{\"@type\":\"PropertyValueSpecification\",\"valueRequired\":true,\"valueName\":\"search_term_string\"}}],\"inLanguage\":\"de\"},{\"@type\":\"Organization\",\"@id\":\"https:\\\/\\\/akademie-sexualtherapie.de\\\/blog\\\/#organization\",\"name\":\"AKST Akademie f\u00fcr Sexualtherapie\",\"url\":\"https:\\\/\\\/akademie-sexualtherapie.de\\\/blog\\\/\",\"logo\":{\"@type\":\"ImageObject\",\"inLanguage\":\"de\",\"@id\":\"https:\\\/\\\/akademie-sexualtherapie.de\\\/blog\\\/#\\\/schema\\\/logo\\\/image\\\/\",\"url\":\"https:\\\/\\\/akademie-sexualtherapie.de\\\/blog\\\/wp-content\\\/uploads\\\/2019\\\/01\\\/Sexualtherapie-Dr.-Petery.jpg\",\"contentUrl\":\"https:\\\/\\\/akademie-sexualtherapie.de\\\/blog\\\/wp-content\\\/uploads\\\/2019\\\/01\\\/Sexualtherapie-Dr.-Petery.jpg\",\"width\":592,\"height\":510,\"caption\":\"AKST Akademie f\u00fcr Sexualtherapie\"},\"image\":{\"@id\":\"https:\\\/\\\/akademie-sexualtherapie.de\\\/blog\\\/#\\\/schema\\\/logo\\\/image\\\/\"},\"sameAs\":[\"https:\\\/\\\/www.facebook.com\\\/Dr.Petery\"]}]}<\/script>\n<!-- \/ Yoast SEO plugin. -->","yoast_head_json":{"title":"Kurseinheit 3 Kindheitsmodi in der Schematherapie - AKST - Akademie f\u00fcr Sexualtherapie und Psychotherapie","robots":{"index":"index","follow":"follow","max-snippet":"max-snippet:-1","max-image-preview":"max-image-preview:large","max-video-preview":"max-video-preview:-1"},"canonical":"https:\/\/akademie-sexualtherapie.de\/blog\/die-kindheitsmodi-in-der-schematherapie\/","og_locale":"de_DE","og_type":"article","og_title":"Kurseinheit 3 Kindheitsmodi in der Schematherapie - AKST - Akademie f\u00fcr Sexualtherapie und Psychotherapie","og_description":"Die Kindheitsmodi in der Schematherapie &nbsp; &nbsp;","og_url":"https:\/\/akademie-sexualtherapie.de\/blog\/die-kindheitsmodi-in-der-schematherapie\/","og_site_name":"AKST - Akademie f\u00fcr Sexualtherapie und Psychotherapie","article_publisher":"https:\/\/www.facebook.com\/Dr.Petery","article_modified_time":"2025-02-04T16:24:20+00:00","og_image":[{"url":"https:\/\/akademie-sexualtherapie.de\/blog\/wp-content\/uploads\/2022\/02\/11716034-b_s.jpg","type":"","width":"","height":""}],"twitter_card":"summary_large_image","twitter_misc":{"Gesch\u00e4tzte Lesezeit":"1\u00a0Minute"},"schema":{"@context":"https:\/\/schema.org","@graph":[{"@type":"WebPage","@id":"https:\/\/akademie-sexualtherapie.de\/blog\/die-kindheitsmodi-in-der-schematherapie\/","url":"https:\/\/akademie-sexualtherapie.de\/blog\/die-kindheitsmodi-in-der-schematherapie\/","name":"Kurseinheit 3 Kindheitsmodi in der Schematherapie - AKST - Akademie f\u00fcr Sexualtherapie und Psychotherapie","isPartOf":{"@id":"https:\/\/akademie-sexualtherapie.de\/blog\/#website"},"primaryImageOfPage":{"@id":"https:\/\/akademie-sexualtherapie.de\/blog\/die-kindheitsmodi-in-der-schematherapie\/#primaryimage"},"image":{"@id":"https:\/\/akademie-sexualtherapie.de\/blog\/die-kindheitsmodi-in-der-schematherapie\/#primaryimage"},"thumbnailUrl":"https:\/\/akademie-sexualtherapie.de\/blog\/wp-content\/uploads\/2022\/02\/11716034-b_s.jpg","datePublished":"2022-02-12T17:01:03+00:00","dateModified":"2025-02-04T16:24:20+00:00","breadcrumb":{"@id":"https:\/\/akademie-sexualtherapie.de\/blog\/die-kindheitsmodi-in-der-schematherapie\/#breadcrumb"},"inLanguage":"de","potentialAction":[{"@type":"ReadAction","target":["https:\/\/akademie-sexualtherapie.de\/blog\/die-kindheitsmodi-in-der-schematherapie\/"]}]},{"@type":"ImageObject","inLanguage":"de","@id":"https:\/\/akademie-sexualtherapie.de\/blog\/die-kindheitsmodi-in-der-schematherapie\/#primaryimage","url":"https:\/\/akademie-sexualtherapie.de\/blog\/wp-content\/uploads\/2022\/02\/11716034-b_s.jpg","contentUrl":"https:\/\/akademie-sexualtherapie.de\/blog\/wp-content\/uploads\/2022\/02\/11716034-b_s.jpg","width":839,"height":628,"caption":"Game in puzzles in a blue shade"},{"@type":"BreadcrumbList","@id":"https:\/\/akademie-sexualtherapie.de\/blog\/die-kindheitsmodi-in-der-schematherapie\/#breadcrumb","itemListElement":[{"@type":"ListItem","position":1,"name":"Startseite","item":"https:\/\/akademie-sexualtherapie.de\/blog\/"},{"@type":"ListItem","position":2,"name":"Kurseinheit 3 Kindheitsmodi in der Schematherapie"}]},{"@type":"WebSite","@id":"https:\/\/akademie-sexualtherapie.de\/blog\/#website","url":"https:\/\/akademie-sexualtherapie.de\/blog\/","name":"Akademie f\u00fcr Sexualtherapie (AKST)","description":"","publisher":{"@id":"https:\/\/akademie-sexualtherapie.de\/blog\/#organization"},"potentialAction":[{"@type":"SearchAction","target":{"@type":"EntryPoint","urlTemplate":"https:\/\/akademie-sexualtherapie.de\/blog\/?s={search_term_string}"},"query-input":{"@type":"PropertyValueSpecification","valueRequired":true,"valueName":"search_term_string"}}],"inLanguage":"de"},{"@type":"Organization","@id":"https:\/\/akademie-sexualtherapie.de\/blog\/#organization","name":"AKST Akademie f\u00fcr Sexualtherapie","url":"https:\/\/akademie-sexualtherapie.de\/blog\/","logo":{"@type":"ImageObject","inLanguage":"de","@id":"https:\/\/akademie-sexualtherapie.de\/blog\/#\/schema\/logo\/image\/","url":"https:\/\/akademie-sexualtherapie.de\/blog\/wp-content\/uploads\/2019\/01\/Sexualtherapie-Dr.-Petery.jpg","contentUrl":"https:\/\/akademie-sexualtherapie.de\/blog\/wp-content\/uploads\/2019\/01\/Sexualtherapie-Dr.-Petery.jpg","width":592,"height":510,"caption":"AKST Akademie f\u00fcr Sexualtherapie"},"image":{"@id":"https:\/\/akademie-sexualtherapie.de\/blog\/#\/schema\/logo\/image\/"},"sameAs":["https:\/\/www.facebook.com\/Dr.Petery"]}]}},"_links":{"self":[{"href":"https:\/\/akademie-sexualtherapie.de\/blog\/wp-json\/wp\/v2\/pages\/2373","targetHints":{"allow":["GET"]}}],"collection":[{"href":"https:\/\/akademie-sexualtherapie.de\/blog\/wp-json\/wp\/v2\/pages"}],"about":[{"href":"https:\/\/akademie-sexualtherapie.de\/blog\/wp-json\/wp\/v2\/types\/page"}],"author":[{"embeddable":true,"href":"https:\/\/akademie-sexualtherapie.de\/blog\/wp-json\/wp\/v2\/users\/1"}],"replies":[{"embeddable":true,"href":"https:\/\/akademie-sexualtherapie.de\/blog\/wp-json\/wp\/v2\/comments?post=2373"}],"version-history":[{"count":0,"href":"https:\/\/akademie-sexualtherapie.de\/blog\/wp-json\/wp\/v2\/pages\/2373\/revisions"}],"wp:attachment":[{"href":"https:\/\/akademie-sexualtherapie.de\/blog\/wp-json\/wp\/v2\/media?parent=2373"}],"curies":[{"name":"wp","href":"https:\/\/api.w.org\/{rel}","templated":true}]}}