{"id":227,"date":"2017-11-28T14:19:44","date_gmt":"2017-11-28T13:19:44","guid":{"rendered":"https:\/\/akademie-sexualtherapie.de\/blog\/?page_id=227"},"modified":"2025-02-04T17:57:50","modified_gmt":"2025-02-04T16:57:50","slug":"depression-und-suizidalitaet","status":"publish","type":"page","link":"https:\/\/akademie-sexualtherapie.de\/blog\/depression-und-suizidalitaet\/","title":{"rendered":"Depression und Suizidalit\u00e4t"},"content":{"rendered":"\n<div class=\"wp-block-group alignfull is-layout-flow wp-block-group-is-layout-flow\">\n<h1 class=\"wp-block-heading\" id=\"depressionund-suizidalitat\">Depression<br>und Suizidalit\u00e4t<\/h1>\n<\/div>\n\n\n\n<div class=\"wp-block-columns alignwide is-layout-flex wp-container-core-columns-is-layout-28f84493 wp-block-columns-is-layout-flex\">\n<div class=\"wp-block-column is-layout-flow wp-block-column-is-layout-flow\" style=\"flex-basis:33.33%\">\n<figure class=\"wp-block-image size-large\"><img fetchpriority=\"high\" decoding=\"async\" width=\"424\" height=\"313\" src=\"https:\/\/akademie-sexualtherapie.de\/blog\/wp-content\/uploads\/2017\/11\/Fotolia_90396763_XS_copyright.jpg\" alt=\"Depression und Suizidalit\u00e4t\" class=\"wp-image-247\" srcset=\"https:\/\/akademie-sexualtherapie.de\/blog\/wp-content\/uploads\/2017\/11\/Fotolia_90396763_XS_copyright.jpg 424w, https:\/\/akademie-sexualtherapie.de\/blog\/wp-content\/uploads\/2017\/11\/Fotolia_90396763_XS_copyright-300x221.jpg 300w\" sizes=\"(max-width: 424px) 100vw, 424px\" \/><\/figure>\n<\/div>\n\n\n\n<div class=\"wp-block-column is-layout-flow wp-block-column-is-layout-flow\" style=\"flex-basis:66.66%\">\n<p>Depression und Suizidalit\u00e4t- Fortbildung Sexualtherapie<br \/><a href=\"\/\/akademie-sexualtherapie.de\/blog\/ausbildung-sexualtherapie-erstes-studienjahr\/\">Zur\u00fcck zur Gesamt\u00fcbersicht \u00fcber das erste Studienjahr<\/a><\/p>\n<h6>Fortbildung Sexualtherapie<\/h6>\n<h4>1. Kurseinheit<br \/>Depression und Suizidalit\u00e4t<\/h4>\n<h6>Depression und sexuelle St\u00f6rungen<\/h6>\n<p>Depressive Erkrankungen geh\u00f6ren zu den h\u00e4ufigsten Gr\u00fcnden, warum Menschen eine psychotherapeutische Praxis aufsuchen. Das gilt auch f\u00fcr jede sexualtherapeutische Praxis. Oft bleibt eine depressive Erkrankung unerkannt, weil TherapeutInnen sich sofort der inhaltlichen Arbeit an der sexuellen Thematik zuwenden. Wenn aber die Depression die eigentliche Ursache der sexuellen St\u00f6rung ist, kann so keine Symptomverbesserung entstehen- und das Ausbleiben des therapeutischen Fortschritts ist f\u00fcr KlientIn wie f\u00fcr TherapeutIn gleicherma\u00dfen eine frustrierende Erfahrung.<\/p>\n<p>Es ist also f\u00fcr eine\/n Sexualtherapeuten\/in extrem wichtig, depressive Symptome anhand der g\u00e4ngigen klinischen Screening-Verfahren (z.B. BDI- Becksches DepressionsInventar) korrekt einordnen zu k\u00f6nnen und genau zu wissen, wann konservative Methoden der Verhaltenstherapie (z.B. Ressourcenaktivierung, kognitive Umstrukturierung) angebracht sind und wann eine Medikation, etwa mit SSRIs, angezeigt ist und welche Informationen der Arzt daf\u00fcr von therapeutischer Seite ben\u00f6tigt.<\/p>\n<p>Dabei kommt es genauso h\u00e4ufig vor, dass der Klient pers\u00f6nlich unter einer depressiven Symptomatik leidet wie auch, dass der jeweilige Partner bzw. die jeweilige Partnerin von der Erkrankung betroffen ist und die Klientin bzw. der Klient selbst damit nicht l\u00e4nger zurande kommt.<\/p>\n<p>\u00a0<\/p>\n<p>H\u00e4ufig sind sexuelle St\u00f6rungen wie z.B. Erektionsst\u00f6rungen beim Mann oder Libidoverlust bei der Frau Nebensymptom einer depressiven Erkrankung. Depressive Symptome k\u00f6nnen aber auch von k\u00f6rperlichen Krankheiten wie z.B. einer Schilddr\u00fcsenunterfunktion (Hypothyreose), herr\u00fchren. Hier ist es wichtig, die Symptomatik genau zu kennen und zu wissen, wann eine medikament\u00f6se Einstellung durch einen Facharzt f\u00fcr Psychiatrie erforderlich ist.<\/p>\n<p>Das gr\u00f6\u00dfte Risiko einer depressiven Erkrankung ist Suizidalit\u00e4t. Von den \u00fcber 10000 Suizid-Toten in Deutschland haben mehr als die H\u00e4lfte in den 6 Monaten vor ihrem Tod einen Arzt oder Therapeuten aufgesucht: allein das zeigt die hohe professionelle Verantwortung, mit diesem Risiko richtig umzugehen.<\/p>\n<h4>Lernziele<\/h4>\n<ul>\n<li>Diagnostische Kenntnisse und Instrumentarien zur Beurteilung depressiver Symptome<\/li>\n<li>Erstellung und Auswertung des BDI (Becksches DepressionsInventar<\/li>\n<li>Abgrenzung Depression und Dysthymie<\/li>\n<li>Sonderformen einer depressiven Episode beurteilen k\u00f6nnen<\/li>\n<li>Zusammenh\u00e4nge zwischen Depression und Sexualit\u00e4t verstehen<\/li>\n<li>Erkennen der Notwendigkeit \u00e4rztlicher Behandlung (Wissen um die eigenen therapeutischen Grenzen)<\/li>\n<li>psychotherapeutische Testverfahren und Behandlungsmethoden<\/li>\n<li>Fragetechniken zur Erkennung von Suizidalit\u00e4t<\/li>\n<li>Umgang mit suizidgef\u00e4hrdeten KlientInnen<\/li>\n<\/ul>\n<h4>Praktische \u00dcbungen<\/h4>\n<p>Wie bei allen Kurswochenenden geht es auch diesmal um die praktische Ein\u00fcbung und Anwendung der theoretischen Inhalte.<\/p>\n<p>Dazu geh\u00f6rt u.a.<\/p>\n<ul>\n<li>\u00dcbungen in Kleingruppen zum diagnostischen Gespr\u00e4ch<\/li>\n<li>\u00dcbung in der Erarbeitung verhaltenstherapeutischer Interventionen bei Depression<\/li>\n<li>\u00dcbung im Umgang mit suizidgef\u00e4hrdeten Patienten und Einleitung notwendiger Ma\u00dfnahmen<\/li>\n<li>Vertiefung praktischer Kenntnisse in der Gespr\u00e4chstherapie nach Carl Rogers<\/li>\n<\/ul>\n<h4>Fallbeispiele und weitere Informationen<\/h4>\n<ul>\n<li><a href=\"https:\/\/www.sexualtherapie.online\/blog\/selbstmorddrohung-suizid-wie-damit-umgehen\/\">Notma\u00dfnahmen bei Suizidalit\u00e4t<\/a><\/li>\n<li><a href=\"\/\/sexualtherapie.online\/blog\/depression-beziehung\/\">Depression- sie kann mir ihre Liebe nicht sagen<\/a><\/li>\n<li><a href=\"\/\/sexualtherapie.online\/blog\/scheidung-und-depression\/\">Scheidung und danach nur Depression<\/a><\/li>\n<\/ul>\n<h4>Lesen Sie weiter:<\/h4>\n<p><a href=\"\/\/akademie-sexualtherapie.de\/blog\/angst-und-zwangsstoerungen-ausbildung\/\">2. Kurseinheit: Angst- und Zwangsst\u00f6rungen<\/a><\/p>\n<\/div>\n<\/div>\n","protected":false},"excerpt":{"rendered":"<p>Depressionund Suizidalit\u00e4t Depression und Suizidalit\u00e4t- Fortbildung SexualtherapieZur\u00fcck zur Gesamt\u00fcbersicht \u00fcber das erste Studienjahr Fortbildung Sexualtherapie 1. KurseinheitDepression und Suizidalit\u00e4t Depression [&hellip;]<\/p>\n","protected":false},"author":1,"featured_media":0,"parent":0,"menu_order":0,"comment_status":"closed","ping_status":"closed","template":"","meta":{"footnotes":""},"class_list":["post-227","page","type-page","status-publish"],"yoast_head":"<!-- This site is optimized with the Yoast SEO plugin v27.4 - https:\/\/yoast.com\/product\/yoast-seo-wordpress\/ -->\n<title>Depression und Suizidalit\u00e4t - AKST - Akademie f\u00fcr Sexualtherapie und Psychotherapie<\/title>\n<meta name=\"description\" content=\"Depression und Suizidalit\u00e4t- darum geht es beim ersten Wochenende in der Ausbildung Sexualtherapie an der Akademie f\u00fcr Sexualtherapie (AKST).\" \/>\n<meta name=\"robots\" content=\"index, follow, max-snippet:-1, max-image-preview:large, max-video-preview:-1\" \/>\n<link rel=\"canonical\" href=\"https:\/\/akademie-sexualtherapie.de\/blog\/depression-und-suizidalitaet\/\" \/>\n<meta property=\"og:locale\" content=\"de_DE\" \/>\n<meta property=\"og:type\" content=\"article\" \/>\n<meta property=\"og:title\" content=\"Depression und Suizidalit\u00e4t - AKST - Akademie f\u00fcr Sexualtherapie und Psychotherapie\" \/>\n<meta property=\"og:description\" content=\"Depression und Suizidalit\u00e4t- darum geht es beim ersten Wochenende in der Ausbildung Sexualtherapie an der Akademie f\u00fcr Sexualtherapie (AKST).\" \/>\n<meta property=\"og:url\" content=\"https:\/\/akademie-sexualtherapie.de\/blog\/depression-und-suizidalitaet\/\" \/>\n<meta property=\"og:site_name\" content=\"AKST - Akademie f\u00fcr Sexualtherapie und Psychotherapie\" \/>\n<meta property=\"article:publisher\" content=\"https:\/\/www.facebook.com\/Dr.Petery\" \/>\n<meta property=\"article:modified_time\" content=\"2025-02-04T16:57:50+00:00\" \/>\n<meta property=\"og:image\" content=\"https:\/\/akademie-sexualtherapie.de\/blog\/wp-content\/uploads\/2017\/11\/Fotolia_90396763_XS_copyright.jpg\" \/>\n<meta name=\"twitter:card\" content=\"summary_large_image\" \/>\n<meta name=\"twitter:label1\" content=\"Gesch\u00e4tzte Lesezeit\" \/>\n\t<meta name=\"twitter:data1\" content=\"3\u00a0Minuten\" \/>\n<script type=\"application\/ld+json\" class=\"yoast-schema-graph\">{\"@context\":\"https:\\\/\\\/schema.org\",\"@graph\":[{\"@type\":\"WebPage\",\"@id\":\"https:\\\/\\\/akademie-sexualtherapie.de\\\/blog\\\/depression-und-suizidalitaet\\\/\",\"url\":\"https:\\\/\\\/akademie-sexualtherapie.de\\\/blog\\\/depression-und-suizidalitaet\\\/\",\"name\":\"Depression und Suizidalit\u00e4t - AKST - Akademie f\u00fcr Sexualtherapie und Psychotherapie\",\"isPartOf\":{\"@id\":\"https:\\\/\\\/akademie-sexualtherapie.de\\\/blog\\\/#website\"},\"primaryImageOfPage\":{\"@id\":\"https:\\\/\\\/akademie-sexualtherapie.de\\\/blog\\\/depression-und-suizidalitaet\\\/#primaryimage\"},\"image\":{\"@id\":\"https:\\\/\\\/akademie-sexualtherapie.de\\\/blog\\\/depression-und-suizidalitaet\\\/#primaryimage\"},\"thumbnailUrl\":\"https:\\\/\\\/akademie-sexualtherapie.de\\\/blog\\\/wp-content\\\/uploads\\\/2017\\\/11\\\/Fotolia_90396763_XS_copyright.jpg\",\"datePublished\":\"2017-11-28T13:19:44+00:00\",\"dateModified\":\"2025-02-04T16:57:50+00:00\",\"description\":\"Depression und Suizidalit\u00e4t- darum geht es beim ersten Wochenende in der Ausbildung Sexualtherapie an der Akademie f\u00fcr Sexualtherapie (AKST).\",\"breadcrumb\":{\"@id\":\"https:\\\/\\\/akademie-sexualtherapie.de\\\/blog\\\/depression-und-suizidalitaet\\\/#breadcrumb\"},\"inLanguage\":\"de\",\"potentialAction\":[{\"@type\":\"ReadAction\",\"target\":[\"https:\\\/\\\/akademie-sexualtherapie.de\\\/blog\\\/depression-und-suizidalitaet\\\/\"]}]},{\"@type\":\"ImageObject\",\"inLanguage\":\"de\",\"@id\":\"https:\\\/\\\/akademie-sexualtherapie.de\\\/blog\\\/depression-und-suizidalitaet\\\/#primaryimage\",\"url\":\"https:\\\/\\\/akademie-sexualtherapie.de\\\/blog\\\/wp-content\\\/uploads\\\/2017\\\/11\\\/Fotolia_90396763_XS_copyright.jpg\",\"contentUrl\":\"https:\\\/\\\/akademie-sexualtherapie.de\\\/blog\\\/wp-content\\\/uploads\\\/2017\\\/11\\\/Fotolia_90396763_XS_copyright.jpg\",\"width\":424,\"height\":313,\"caption\":\"background\"},{\"@type\":\"BreadcrumbList\",\"@id\":\"https:\\\/\\\/akademie-sexualtherapie.de\\\/blog\\\/depression-und-suizidalitaet\\\/#breadcrumb\",\"itemListElement\":[{\"@type\":\"ListItem\",\"position\":1,\"name\":\"Startseite\",\"item\":\"https:\\\/\\\/akademie-sexualtherapie.de\\\/blog\\\/\"},{\"@type\":\"ListItem\",\"position\":2,\"name\":\"Depression und Suizidalit\u00e4t\"}]},{\"@type\":\"WebSite\",\"@id\":\"https:\\\/\\\/akademie-sexualtherapie.de\\\/blog\\\/#website\",\"url\":\"https:\\\/\\\/akademie-sexualtherapie.de\\\/blog\\\/\",\"name\":\"Akademie f\u00fcr Sexualtherapie (AKST)\",\"description\":\"\",\"publisher\":{\"@id\":\"https:\\\/\\\/akademie-sexualtherapie.de\\\/blog\\\/#organization\"},\"potentialAction\":[{\"@type\":\"SearchAction\",\"target\":{\"@type\":\"EntryPoint\",\"urlTemplate\":\"https:\\\/\\\/akademie-sexualtherapie.de\\\/blog\\\/?s={search_term_string}\"},\"query-input\":{\"@type\":\"PropertyValueSpecification\",\"valueRequired\":true,\"valueName\":\"search_term_string\"}}],\"inLanguage\":\"de\"},{\"@type\":\"Organization\",\"@id\":\"https:\\\/\\\/akademie-sexualtherapie.de\\\/blog\\\/#organization\",\"name\":\"AKST Akademie f\u00fcr Sexualtherapie\",\"url\":\"https:\\\/\\\/akademie-sexualtherapie.de\\\/blog\\\/\",\"logo\":{\"@type\":\"ImageObject\",\"inLanguage\":\"de\",\"@id\":\"https:\\\/\\\/akademie-sexualtherapie.de\\\/blog\\\/#\\\/schema\\\/logo\\\/image\\\/\",\"url\":\"https:\\\/\\\/akademie-sexualtherapie.de\\\/blog\\\/wp-content\\\/uploads\\\/2019\\\/01\\\/Sexualtherapie-Dr.-Petery.jpg\",\"contentUrl\":\"https:\\\/\\\/akademie-sexualtherapie.de\\\/blog\\\/wp-content\\\/uploads\\\/2019\\\/01\\\/Sexualtherapie-Dr.-Petery.jpg\",\"width\":592,\"height\":510,\"caption\":\"AKST Akademie f\u00fcr Sexualtherapie\"},\"image\":{\"@id\":\"https:\\\/\\\/akademie-sexualtherapie.de\\\/blog\\\/#\\\/schema\\\/logo\\\/image\\\/\"},\"sameAs\":[\"https:\\\/\\\/www.facebook.com\\\/Dr.Petery\"]}]}<\/script>\n<!-- \/ Yoast SEO plugin. -->","yoast_head_json":{"title":"Depression und Suizidalit\u00e4t - AKST - Akademie f\u00fcr Sexualtherapie und Psychotherapie","description":"Depression und Suizidalit\u00e4t- darum geht es beim ersten Wochenende in der Ausbildung Sexualtherapie an der Akademie f\u00fcr Sexualtherapie (AKST).","robots":{"index":"index","follow":"follow","max-snippet":"max-snippet:-1","max-image-preview":"max-image-preview:large","max-video-preview":"max-video-preview:-1"},"canonical":"https:\/\/akademie-sexualtherapie.de\/blog\/depression-und-suizidalitaet\/","og_locale":"de_DE","og_type":"article","og_title":"Depression und Suizidalit\u00e4t - AKST - Akademie f\u00fcr Sexualtherapie und Psychotherapie","og_description":"Depression und Suizidalit\u00e4t- darum geht es beim ersten Wochenende in der Ausbildung Sexualtherapie an der Akademie f\u00fcr Sexualtherapie (AKST).","og_url":"https:\/\/akademie-sexualtherapie.de\/blog\/depression-und-suizidalitaet\/","og_site_name":"AKST - Akademie f\u00fcr Sexualtherapie und Psychotherapie","article_publisher":"https:\/\/www.facebook.com\/Dr.Petery","article_modified_time":"2025-02-04T16:57:50+00:00","og_image":[{"url":"https:\/\/akademie-sexualtherapie.de\/blog\/wp-content\/uploads\/2017\/11\/Fotolia_90396763_XS_copyright.jpg","type":"","width":"","height":""}],"twitter_card":"summary_large_image","twitter_misc":{"Gesch\u00e4tzte Lesezeit":"3\u00a0Minuten"},"schema":{"@context":"https:\/\/schema.org","@graph":[{"@type":"WebPage","@id":"https:\/\/akademie-sexualtherapie.de\/blog\/depression-und-suizidalitaet\/","url":"https:\/\/akademie-sexualtherapie.de\/blog\/depression-und-suizidalitaet\/","name":"Depression und Suizidalit\u00e4t - AKST - Akademie f\u00fcr Sexualtherapie und Psychotherapie","isPartOf":{"@id":"https:\/\/akademie-sexualtherapie.de\/blog\/#website"},"primaryImageOfPage":{"@id":"https:\/\/akademie-sexualtherapie.de\/blog\/depression-und-suizidalitaet\/#primaryimage"},"image":{"@id":"https:\/\/akademie-sexualtherapie.de\/blog\/depression-und-suizidalitaet\/#primaryimage"},"thumbnailUrl":"https:\/\/akademie-sexualtherapie.de\/blog\/wp-content\/uploads\/2017\/11\/Fotolia_90396763_XS_copyright.jpg","datePublished":"2017-11-28T13:19:44+00:00","dateModified":"2025-02-04T16:57:50+00:00","description":"Depression und Suizidalit\u00e4t- darum geht es beim ersten Wochenende in der Ausbildung Sexualtherapie an der Akademie f\u00fcr Sexualtherapie (AKST).","breadcrumb":{"@id":"https:\/\/akademie-sexualtherapie.de\/blog\/depression-und-suizidalitaet\/#breadcrumb"},"inLanguage":"de","potentialAction":[{"@type":"ReadAction","target":["https:\/\/akademie-sexualtherapie.de\/blog\/depression-und-suizidalitaet\/"]}]},{"@type":"ImageObject","inLanguage":"de","@id":"https:\/\/akademie-sexualtherapie.de\/blog\/depression-und-suizidalitaet\/#primaryimage","url":"https:\/\/akademie-sexualtherapie.de\/blog\/wp-content\/uploads\/2017\/11\/Fotolia_90396763_XS_copyright.jpg","contentUrl":"https:\/\/akademie-sexualtherapie.de\/blog\/wp-content\/uploads\/2017\/11\/Fotolia_90396763_XS_copyright.jpg","width":424,"height":313,"caption":"background"},{"@type":"BreadcrumbList","@id":"https:\/\/akademie-sexualtherapie.de\/blog\/depression-und-suizidalitaet\/#breadcrumb","itemListElement":[{"@type":"ListItem","position":1,"name":"Startseite","item":"https:\/\/akademie-sexualtherapie.de\/blog\/"},{"@type":"ListItem","position":2,"name":"Depression und Suizidalit\u00e4t"}]},{"@type":"WebSite","@id":"https:\/\/akademie-sexualtherapie.de\/blog\/#website","url":"https:\/\/akademie-sexualtherapie.de\/blog\/","name":"Akademie f\u00fcr Sexualtherapie (AKST)","description":"","publisher":{"@id":"https:\/\/akademie-sexualtherapie.de\/blog\/#organization"},"potentialAction":[{"@type":"SearchAction","target":{"@type":"EntryPoint","urlTemplate":"https:\/\/akademie-sexualtherapie.de\/blog\/?s={search_term_string}"},"query-input":{"@type":"PropertyValueSpecification","valueRequired":true,"valueName":"search_term_string"}}],"inLanguage":"de"},{"@type":"Organization","@id":"https:\/\/akademie-sexualtherapie.de\/blog\/#organization","name":"AKST Akademie f\u00fcr Sexualtherapie","url":"https:\/\/akademie-sexualtherapie.de\/blog\/","logo":{"@type":"ImageObject","inLanguage":"de","@id":"https:\/\/akademie-sexualtherapie.de\/blog\/#\/schema\/logo\/image\/","url":"https:\/\/akademie-sexualtherapie.de\/blog\/wp-content\/uploads\/2019\/01\/Sexualtherapie-Dr.-Petery.jpg","contentUrl":"https:\/\/akademie-sexualtherapie.de\/blog\/wp-content\/uploads\/2019\/01\/Sexualtherapie-Dr.-Petery.jpg","width":592,"height":510,"caption":"AKST Akademie f\u00fcr Sexualtherapie"},"image":{"@id":"https:\/\/akademie-sexualtherapie.de\/blog\/#\/schema\/logo\/image\/"},"sameAs":["https:\/\/www.facebook.com\/Dr.Petery"]}]}},"_links":{"self":[{"href":"https:\/\/akademie-sexualtherapie.de\/blog\/wp-json\/wp\/v2\/pages\/227","targetHints":{"allow":["GET"]}}],"collection":[{"href":"https:\/\/akademie-sexualtherapie.de\/blog\/wp-json\/wp\/v2\/pages"}],"about":[{"href":"https:\/\/akademie-sexualtherapie.de\/blog\/wp-json\/wp\/v2\/types\/page"}],"author":[{"embeddable":true,"href":"https:\/\/akademie-sexualtherapie.de\/blog\/wp-json\/wp\/v2\/users\/1"}],"replies":[{"embeddable":true,"href":"https:\/\/akademie-sexualtherapie.de\/blog\/wp-json\/wp\/v2\/comments?post=227"}],"version-history":[{"count":1,"href":"https:\/\/akademie-sexualtherapie.de\/blog\/wp-json\/wp\/v2\/pages\/227\/revisions"}],"predecessor-version":[{"id":10450,"href":"https:\/\/akademie-sexualtherapie.de\/blog\/wp-json\/wp\/v2\/pages\/227\/revisions\/10450"}],"wp:attachment":[{"href":"https:\/\/akademie-sexualtherapie.de\/blog\/wp-json\/wp\/v2\/media?parent=227"}],"curies":[{"name":"wp","href":"https:\/\/api.w.org\/{rel}","templated":true}]}}