{"id":2105,"date":"2021-12-12T19:37:29","date_gmt":"2021-12-12T18:37:29","guid":{"rendered":"https:\/\/akademie-sexualtherapie.de\/blog\/?page_id=2105"},"modified":"2025-04-01T13:40:09","modified_gmt":"2025-04-01T11:40:09","slug":"team","status":"publish","type":"page","link":"https:\/\/akademie-sexualtherapie.de\/blog\/team\/","title":{"rendered":"Leitung"},"content":{"rendered":"\t\t<div data-elementor-type=\"wp-page\" data-elementor-id=\"2105\" class=\"elementor elementor-2105\" data-elementor-post-type=\"page\">\n\t\t\t\t\t\t<section class=\"elementor-section elementor-top-section elementor-element elementor-element-92dac77 elementor-section-boxed elementor-section-height-default elementor-section-height-default\" data-id=\"92dac77\" data-element_type=\"section\" data-e-type=\"section\">\n\t\t\t\t\t\t<div class=\"elementor-container elementor-column-gap-default\">\n\t\t\t\t\t<div class=\"elementor-column elementor-col-100 elementor-top-column elementor-element elementor-element-9f8c3ba\" data-id=\"9f8c3ba\" data-element_type=\"column\" data-e-type=\"column\">\n\t\t\t<div class=\"elementor-widget-wrap elementor-element-populated\">\n\t\t\t\t\t\t<div class=\"elementor-element elementor-element-7cc49c4 elementor-widget elementor-widget-heading\" data-id=\"7cc49c4\" data-element_type=\"widget\" data-e-type=\"widget\" data-widget_type=\"heading.default\">\n\t\t\t\t<div class=\"elementor-widget-container\">\n\t\t\t\t\t<h2 class=\"elementor-heading-title elementor-size-default\">Leitung AKST<\/h2>\t\t\t\t<\/div>\n\t\t\t\t<\/div>\n\t\t\t\t\t<\/div>\n\t\t<\/div>\n\t\t\t\t\t<\/div>\n\t\t<\/section>\n\t\t\t\t<section class=\"elementor-section elementor-top-section elementor-element elementor-element-9ce127d elementor-section-boxed elementor-section-height-default elementor-section-height-default\" data-id=\"9ce127d\" data-element_type=\"section\" data-e-type=\"section\">\n\t\t\t\t\t\t<div class=\"elementor-container elementor-column-gap-default\">\n\t\t\t\t\t<div class=\"elementor-column elementor-col-50 elementor-top-column elementor-element elementor-element-d6622a3\" data-id=\"d6622a3\" data-element_type=\"column\" data-e-type=\"column\">\n\t\t\t<div class=\"elementor-widget-wrap elementor-element-populated\">\n\t\t\t\t\t\t<div class=\"elementor-element elementor-element-6bbb12b elementor-widget elementor-widget-text-editor\" data-id=\"6bbb12b\" data-element_type=\"widget\" data-e-type=\"widget\" data-widget_type=\"text-editor.default\">\n\t\t\t\t<div class=\"elementor-widget-container\">\n\t\t\t\t\t\t\t\t\t<div class=\"wp-block-group alignwide has-background-background-color has-background\">\n<p><\/p>\n<div class=\"wp-block-columns alignfull is-layout-flex wp-container-core-columns-is-layout-28f84493 wp-block-columns-is-layout-flex\">\n<p><\/p>\n<div class=\"wp-block-column is-layout-flow wp-block-column-is-layout-flow\">\n<p><\/p>\n<figure class=\"wp-block-gallery columns-1 is-cropped wp-block-gallery-3 is-layout-flex wp-block-gallery-is-layout-flex\">\n<ul class=\"blocks-gallery-grid\">\n<li class=\"blocks-gallery-item\">\n<figure><img fetchpriority=\"high\" decoding=\"async\" width=\"1024\" height=\"684\" class=\"wp-image-1458\" src=\"https:\/\/akademie-sexualtherapie.de\/blog\/wp-content\/uploads\/2020\/06\/tzKB53bQ-1024x684.jpeg\" alt=\"Dr Petery Profilbild\" data-id=\"1458\" data-full-url=\"https:\/\/akademie-sexualtherapie.de\/blog\/wp-content\/uploads\/2020\/06\/tzKB53bQ-scaled.jpeg\" data-link=\"https:\/\/akademie-sexualtherapie.de\/blog\/willkommen-akademie-fuer-sexualtherapie-akst\/tzkb53bq\/\" srcset=\"https:\/\/akademie-sexualtherapie.de\/blog\/wp-content\/uploads\/2020\/06\/tzKB53bQ-1024x684.jpeg 1024w, https:\/\/akademie-sexualtherapie.de\/blog\/wp-content\/uploads\/2020\/06\/tzKB53bQ-scaled-600x401.jpeg 600w, https:\/\/akademie-sexualtherapie.de\/blog\/wp-content\/uploads\/2020\/06\/tzKB53bQ-300x200.jpeg 300w, https:\/\/akademie-sexualtherapie.de\/blog\/wp-content\/uploads\/2020\/06\/tzKB53bQ-768x513.jpeg 768w, https:\/\/akademie-sexualtherapie.de\/blog\/wp-content\/uploads\/2020\/06\/tzKB53bQ-1536x1025.jpeg 1536w, https:\/\/akademie-sexualtherapie.de\/blog\/wp-content\/uploads\/2020\/06\/tzKB53bQ-2048x1367.jpeg 2048w, https:\/\/akademie-sexualtherapie.de\/blog\/wp-content\/uploads\/2020\/06\/tzKB53bQ-1200x801.jpeg 1200w, https:\/\/akademie-sexualtherapie.de\/blog\/wp-content\/uploads\/2020\/06\/tzKB53bQ-1980x1322.jpeg 1980w\" sizes=\"(max-width: 1024px) 100vw, 1024px\" \/><\/figure>\n<\/li>\n<\/ul>\n<\/figure>\n<\/div>\n<\/div>\n<\/div>\n<div class=\"wp-block-group alignwide\">\n<div class=\"wp-block-columns alignfull\">\n<div class=\"wp-block-column\">\n<p><\/p>\n<\/div>\n<p><\/p>\n<\/div>\n<p><\/p>\n<\/div>\n<p><!-- \/wp:group --><!-- wp:paragraph --><\/p>\n<p><!-- \/wp:paragraph --><\/p>\t\t\t\t\t\t\t\t<\/div>\n\t\t\t\t<\/div>\n\t\t\t\t\t<\/div>\n\t\t<\/div>\n\t\t\t\t<div class=\"elementor-column elementor-col-50 elementor-top-column elementor-element elementor-element-8f1c3cd\" data-id=\"8f1c3cd\" data-element_type=\"column\" data-e-type=\"column\">\n\t\t\t<div class=\"elementor-widget-wrap elementor-element-populated\">\n\t\t\t\t\t\t<div class=\"elementor-element elementor-element-d2d146d elementor-widget elementor-widget-text-editor\" data-id=\"d2d146d\" data-element_type=\"widget\" data-e-type=\"widget\" data-widget_type=\"text-editor.default\">\n\t\t\t\t<div class=\"elementor-widget-container\">\n\t\t\t\t\t\t\t\t\t<h4>Dr. hum. biol. Michael Petery<\/h4>\n<p><strong>Humanbiologie, Psychotherapie nach Heilpraktikergesetz<\/strong><\/p>\n<p>Mein Name ist Dr. hum. biol. Michael Petery. Ich bin verheiratet, habe zwei erwachsene Kinder und arbeite in Hildburghausen (30km nordwestlich von Coburg) in meiner <a href=\"https:\/\/www.psychotherapie-petery.de\" target=\"_blank\" rel=\"noopener noreferrer\">Praxis f\u00fcr Psychotherapie<\/a> gem\u00e4\u00df Heilpraktikergesetz.<\/p>\n<p>Studiert habe ich in T\u00fcbingen, Paris und Berlin. Bis 2014 war ich am Universit\u00e4tsklinikum in M\u00fcnchen-Gro\u00dfhadern t\u00e4tig als wissenschaftlicher Mitarbeiter an der Klinik f\u00fcr Palliativmedizin und der Professur f\u00fcr Spiritual Care bei Prof. Dr. Eckhard Frick (Psychiatrie) und Prof. Dr. Traugott Roser (ev. Theologie). Hier habe ich auch bei der medizinischen Fakult\u00e4t der LMU meinen Doktortitel Dr. rer. biol. hum. in Humanbiologie erworben. 2016 habe ich f\u00fcr meine wissenschaftliche Arbeit im Bereich medizinischer Versorgungsforschung den <a href=\"https:\/\/iggs-online.org\/forschungspreis\/\">F\u00f6rderpreis<\/a> der Internationalen Gesellschaft f\u00fcr Gesundheit und Spiritualit\u00e4t (IGGS) erhalten.<\/p>\n<p>Daneben habe ich meine Klienten in eigener Praxis in M\u00fcnchen-Schwabing betreut. Dabei habe ich erfahren, wie wichtig <a href=\"https:\/\/sexualtherapie.online\/blog\/\" target=\"_blank\" rel=\"noreferrer noopener\">sexuelle Themen im Rahmen einer Psychotherapie<\/a> sein k\u00f6nnen und wie viele unterschiedliche und individuelle Aspekte damit zusammenh\u00e4ngen.<\/p>\n<p>Leitfiguren f\u00fcr meine therapeutische Arbeit sind Carl Rogers (clientenzentrierte Gespr\u00e4chstherapie), Fritz Perls (Gestalt-Therapie) und Irvin D. Yalom. Meine eigene Auffassung, was Sexualtherapie ist und wie sie methodisch arbeiten sollte, habe ich in einem eigenen Artikel zusammengefasst: <a href=\"https:\/\/sexualtherapie.online\/blog\/was-ist-sexualtherapie-eigentlich\/\" target=\"_blank\" rel=\"noopener noreferrer\">Was ist Sexualtherapie eigentlich?<\/a><\/p>\n<p>Ich bin Mitglied in der Deutschen Gesellschaft f\u00fcr Sexualmedizin, Sexualtherapie und Sexualwissenschaft <a href=\"https:\/\/www.dgsmtw.de\/\" target=\"_blank\" rel=\"noopener noreferrer\"> (DGSMTW)<\/a>und in der Deutschen Gesellschaft f\u00fcr Sexualforschung (<a href=\"https:\/\/dgfs.info\/\">DGfS)<\/a>.<\/p>\t\t\t\t\t\t\t\t<\/div>\n\t\t\t\t<\/div>\n\t\t\t\t\t<\/div>\n\t\t<\/div>\n\t\t\t\t\t<\/div>\n\t\t<\/section>\n\t\t\t\t<section class=\"elementor-section elementor-top-section elementor-element elementor-element-abcc26c elementor-section-boxed elementor-section-height-default elementor-section-height-default\" data-id=\"abcc26c\" data-element_type=\"section\" data-e-type=\"section\">\n\t\t\t\t\t\t<div class=\"elementor-container elementor-column-gap-default\">\n\t\t\t\t\t<div class=\"elementor-column elementor-col-50 elementor-top-column elementor-element elementor-element-41fa62f\" data-id=\"41fa62f\" data-element_type=\"column\" data-e-type=\"column\">\n\t\t\t<div class=\"elementor-widget-wrap\">\n\t\t\t\t\t\t\t<\/div>\n\t\t<\/div>\n\t\t\t\t<div class=\"elementor-column elementor-col-50 elementor-top-column elementor-element elementor-element-f73a7e2\" data-id=\"f73a7e2\" data-element_type=\"column\" data-e-type=\"column\">\n\t\t\t<div class=\"elementor-widget-wrap elementor-element-populated\">\n\t\t\t\t\t\t<div class=\"elementor-element elementor-element-d828ac1 elementor-widget elementor-widget-image\" data-id=\"d828ac1\" data-element_type=\"widget\" data-e-type=\"widget\" data-widget_type=\"image.default\">\n\t\t\t\t<div class=\"elementor-widget-container\">\n\t\t\t\t\t\t\t\t\t\t\t\t\t\t\t<img decoding=\"async\" width=\"726\" height=\"94\" src=\"https:\/\/akademie-sexualtherapie.de\/blog\/wp-content\/uploads\/2019\/05\/DGSMTW.jpg\" class=\"attachment-large size-large wp-image-1070\" alt=\"\" srcset=\"https:\/\/akademie-sexualtherapie.de\/blog\/wp-content\/uploads\/2019\/05\/DGSMTW.jpg 726w, https:\/\/akademie-sexualtherapie.de\/blog\/wp-content\/uploads\/2019\/05\/DGSMTW-600x78.jpg 600w, https:\/\/akademie-sexualtherapie.de\/blog\/wp-content\/uploads\/2019\/05\/DGSMTW-300x39.jpg 300w\" sizes=\"(max-width: 726px) 100vw, 726px\" \/>\t\t\t\t\t\t\t\t\t\t\t\t\t\t\t<\/div>\n\t\t\t\t<\/div>\n\t\t\t\t\t<\/div>\n\t\t<\/div>\n\t\t\t\t\t<\/div>\n\t\t<\/section>\n\t\t\t\t<section class=\"elementor-section elementor-top-section elementor-element elementor-element-c5fe724 elementor-section-boxed elementor-section-height-default elementor-section-height-default\" data-id=\"c5fe724\" data-element_type=\"section\" data-e-type=\"section\">\n\t\t\t\t\t\t<div class=\"elementor-container elementor-column-gap-default\">\n\t\t\t\t\t<div class=\"elementor-column elementor-col-50 elementor-top-column elementor-element elementor-element-a473dcc\" data-id=\"a473dcc\" data-element_type=\"column\" data-e-type=\"column\">\n\t\t\t<div class=\"elementor-widget-wrap\">\n\t\t\t\t\t\t\t<\/div>\n\t\t<\/div>\n\t\t\t\t<div class=\"elementor-column elementor-col-50 elementor-top-column elementor-element elementor-element-f85f394\" data-id=\"f85f394\" data-element_type=\"column\" data-e-type=\"column\">\n\t\t\t<div class=\"elementor-widget-wrap elementor-element-populated\">\n\t\t\t\t\t\t<div class=\"elementor-element elementor-element-7b8bf56 elementor-widget elementor-widget-image\" data-id=\"7b8bf56\" data-element_type=\"widget\" data-e-type=\"widget\" data-widget_type=\"image.default\">\n\t\t\t\t<div class=\"elementor-widget-container\">\n\t\t\t\t\t\t\t\t\t\t\t\t\t\t\t<img decoding=\"async\" width=\"671\" height=\"273\" src=\"https:\/\/akademie-sexualtherapie.de\/blog\/wp-content\/uploads\/2022\/02\/Logo-DGfS.jpg\" class=\"attachment-large size-large wp-image-2437\" alt=\"\" srcset=\"https:\/\/akademie-sexualtherapie.de\/blog\/wp-content\/uploads\/2022\/02\/Logo-DGfS.jpg 671w, https:\/\/akademie-sexualtherapie.de\/blog\/wp-content\/uploads\/2022\/02\/Logo-DGfS-600x244.jpg 600w, https:\/\/akademie-sexualtherapie.de\/blog\/wp-content\/uploads\/2022\/02\/Logo-DGfS-300x122.jpg 300w\" sizes=\"(max-width: 671px) 100vw, 671px\" \/>\t\t\t\t\t\t\t\t\t\t\t\t\t\t\t<\/div>\n\t\t\t\t<\/div>\n\t\t\t\t\t<\/div>\n\t\t<\/div>\n\t\t\t\t\t<\/div>\n\t\t<\/section>\n\t\t\t\t<section class=\"elementor-section elementor-top-section elementor-element elementor-element-ca242cc elementor-section-boxed elementor-section-height-default elementor-section-height-default\" data-id=\"ca242cc\" data-element_type=\"section\" data-e-type=\"section\">\n\t\t\t\t\t\t<div class=\"elementor-container elementor-column-gap-default\">\n\t\t\t\t\t<div class=\"elementor-column elementor-col-50 elementor-top-column elementor-element elementor-element-83f70a1\" data-id=\"83f70a1\" data-element_type=\"column\" data-e-type=\"column\">\n\t\t\t<div class=\"elementor-widget-wrap elementor-element-populated\">\n\t\t\t\t\t\t<div class=\"elementor-element elementor-element-218948c elementor-widget elementor-widget-image\" data-id=\"218948c\" data-element_type=\"widget\" data-e-type=\"widget\" data-widget_type=\"image.default\">\n\t\t\t\t<div class=\"elementor-widget-container\">\n\t\t\t\t\t\t\t\t\t\t\t\t\t\t\t<img loading=\"lazy\" decoding=\"async\" width=\"1024\" height=\"684\" src=\"https:\/\/akademie-sexualtherapie.de\/blog\/wp-content\/uploads\/2020\/06\/j98ZSOOw-1024x684.jpeg\" class=\"attachment-large size-large wp-image-1503\" alt=\"Kathrin H\u00f6rner-Petery\" srcset=\"https:\/\/akademie-sexualtherapie.de\/blog\/wp-content\/uploads\/2020\/06\/j98ZSOOw-1024x684.jpeg 1024w, https:\/\/akademie-sexualtherapie.de\/blog\/wp-content\/uploads\/2020\/06\/j98ZSOOw-scaled-600x401.jpeg 600w, https:\/\/akademie-sexualtherapie.de\/blog\/wp-content\/uploads\/2020\/06\/j98ZSOOw-300x200.jpeg 300w, https:\/\/akademie-sexualtherapie.de\/blog\/wp-content\/uploads\/2020\/06\/j98ZSOOw-768x513.jpeg 768w, https:\/\/akademie-sexualtherapie.de\/blog\/wp-content\/uploads\/2020\/06\/j98ZSOOw-1536x1025.jpeg 1536w, https:\/\/akademie-sexualtherapie.de\/blog\/wp-content\/uploads\/2020\/06\/j98ZSOOw-2048x1367.jpeg 2048w, https:\/\/akademie-sexualtherapie.de\/blog\/wp-content\/uploads\/2020\/06\/j98ZSOOw-1200x801.jpeg 1200w, https:\/\/akademie-sexualtherapie.de\/blog\/wp-content\/uploads\/2020\/06\/j98ZSOOw-1980x1322.jpeg 1980w\" sizes=\"(max-width: 1024px) 100vw, 1024px\" \/>\t\t\t\t\t\t\t\t\t\t\t\t\t\t\t<\/div>\n\t\t\t\t<\/div>\n\t\t\t\t\t<\/div>\n\t\t<\/div>\n\t\t\t\t<div class=\"elementor-column elementor-col-50 elementor-top-column elementor-element elementor-element-a48c54d\" data-id=\"a48c54d\" data-element_type=\"column\" data-e-type=\"column\">\n\t\t\t<div class=\"elementor-widget-wrap elementor-element-populated\">\n\t\t\t\t\t\t<div class=\"elementor-element elementor-element-1ab5b21 elementor-widget elementor-widget-text-editor\" data-id=\"1ab5b21\" data-element_type=\"widget\" data-e-type=\"widget\" data-widget_type=\"text-editor.default\">\n\t\t\t\t<div class=\"elementor-widget-container\">\n\t\t\t\t\t\t\t\t\t<h4>Kathrin H\u00f6rner-Petery<\/h4>\n<p><strong>Psychologin m.sc.<\/strong><\/p>\n<p>Ich leite die Akademie f\u00fcr Sexualtherapie (AKST) gemeinsam mit meinem Ehemann. Ich habe Psychologie mit dem Masterabschluss in Klinischer Psychologie und Kognitiver Neurowissenschaft in Berlin und M\u00fcnchen studiert. Meine eigene berufliche Erfahrung im Bereich Klinischer Psychologie hat mir gezeigt, wie notwendig differenzierte diagnostische Kenntnisse f\u00fcr eine erfolgreiche T\u00e4tigkeit im Bereich Psychotherapie sind.<\/p>\n<p>Deshalb finde ich es wichtig, meinen Studenten und Studentinnen gr\u00fcndliche Kenntnisse \u00fcber die wichtigsten psychischen St\u00f6rungsbilder zu vermitteln und sie mit den neuesten wissenschaftlich fundierten Diagnose- und Therapieverfahren bekannt zu machen. Unverzichtbar erscheint mir auch das Ein\u00fcben therapeutischer Alltagssituationen wie z.B. Erstkontakt oder Diagnosegespr\u00e4ch in praktischen \u00dcbungen.<\/p>\t\t\t\t\t\t\t\t<\/div>\n\t\t\t\t<\/div>\n\t\t\t\t\t<\/div>\n\t\t<\/div>\n\t\t\t\t\t<\/div>\n\t\t<\/section>\n\t\t\t\t<\/div>\n\t\t","protected":false},"excerpt":{"rendered":"<p>Leitung AKST Dr. hum. biol. Michael Petery Humanbiologie, Psychotherapie nach Heilpraktikergesetz Mein Name ist Dr. hum. biol. Michael Petery. Ich [&hellip;]<\/p>\n","protected":false},"author":1,"featured_media":0,"parent":0,"menu_order":0,"comment_status":"closed","ping_status":"closed","template":"elementor_header_footer","meta":{"footnotes":""},"class_list":["post-2105","page","type-page","status-publish"],"yoast_head":"<!-- This site is optimized with the Yoast SEO plugin v27.5 - https:\/\/yoast.com\/product\/yoast-seo-wordpress\/ -->\n<title>Leitung - AKST - Akademie f\u00fcr Sexualtherapie und Psychotherapie<\/title>\n<meta name=\"robots\" content=\"index, follow, max-snippet:-1, max-image-preview:large, max-video-preview:-1\" \/>\n<link rel=\"canonical\" href=\"https:\/\/akademie-sexualtherapie.de\/blog\/team\/\" \/>\n<meta property=\"og:locale\" content=\"de_DE\" \/>\n<meta property=\"og:type\" content=\"article\" \/>\n<meta property=\"og:title\" content=\"Leitung - AKST - Akademie f\u00fcr Sexualtherapie und Psychotherapie\" \/>\n<meta property=\"og:description\" content=\"Leitung AKST Dr. hum. biol. Michael Petery Humanbiologie, Psychotherapie nach Heilpraktikergesetz Mein Name ist Dr. hum. biol. Michael Petery. Ich [&hellip;]\" \/>\n<meta property=\"og:url\" content=\"https:\/\/akademie-sexualtherapie.de\/blog\/team\/\" \/>\n<meta property=\"og:site_name\" content=\"AKST - Akademie f\u00fcr Sexualtherapie und Psychotherapie\" \/>\n<meta property=\"article:publisher\" content=\"https:\/\/www.facebook.com\/Dr.Petery\" \/>\n<meta property=\"article:modified_time\" content=\"2025-04-01T11:40:09+00:00\" \/>\n<meta property=\"og:image\" content=\"https:\/\/akademie-sexualtherapie.de\/blog\/wp-content\/uploads\/2020\/06\/tzKB53bQ-1024x684.jpeg\" \/>\n<meta name=\"twitter:card\" content=\"summary_large_image\" \/>\n<meta name=\"twitter:label1\" content=\"Gesch\u00e4tzte Lesezeit\" \/>\n\t<meta name=\"twitter:data1\" content=\"3\u00a0Minuten\" \/>\n<script type=\"application\/ld+json\" class=\"yoast-schema-graph\">{\"@context\":\"https:\\\/\\\/schema.org\",\"@graph\":[{\"@type\":\"WebPage\",\"@id\":\"https:\\\/\\\/akademie-sexualtherapie.de\\\/blog\\\/team\\\/\",\"url\":\"https:\\\/\\\/akademie-sexualtherapie.de\\\/blog\\\/team\\\/\",\"name\":\"Leitung - AKST - Akademie f\u00fcr Sexualtherapie und Psychotherapie\",\"isPartOf\":{\"@id\":\"https:\\\/\\\/akademie-sexualtherapie.de\\\/blog\\\/#website\"},\"primaryImageOfPage\":{\"@id\":\"https:\\\/\\\/akademie-sexualtherapie.de\\\/blog\\\/team\\\/#primaryimage\"},\"image\":{\"@id\":\"https:\\\/\\\/akademie-sexualtherapie.de\\\/blog\\\/team\\\/#primaryimage\"},\"thumbnailUrl\":\"https:\\\/\\\/akademie-sexualtherapie.de\\\/blog\\\/wp-content\\\/uploads\\\/2020\\\/06\\\/tzKB53bQ-1024x684.jpeg\",\"datePublished\":\"2021-12-12T18:37:29+00:00\",\"dateModified\":\"2025-04-01T11:40:09+00:00\",\"breadcrumb\":{\"@id\":\"https:\\\/\\\/akademie-sexualtherapie.de\\\/blog\\\/team\\\/#breadcrumb\"},\"inLanguage\":\"de\",\"potentialAction\":[{\"@type\":\"ReadAction\",\"target\":[\"https:\\\/\\\/akademie-sexualtherapie.de\\\/blog\\\/team\\\/\"]}]},{\"@type\":\"ImageObject\",\"inLanguage\":\"de\",\"@id\":\"https:\\\/\\\/akademie-sexualtherapie.de\\\/blog\\\/team\\\/#primaryimage\",\"url\":\"https:\\\/\\\/akademie-sexualtherapie.de\\\/blog\\\/wp-content\\\/uploads\\\/2020\\\/06\\\/tzKB53bQ-scaled.jpeg\",\"contentUrl\":\"https:\\\/\\\/akademie-sexualtherapie.de\\\/blog\\\/wp-content\\\/uploads\\\/2020\\\/06\\\/tzKB53bQ-scaled.jpeg\",\"width\":2560,\"height\":1709,\"caption\":\"Dr Michael Petery\"},{\"@type\":\"BreadcrumbList\",\"@id\":\"https:\\\/\\\/akademie-sexualtherapie.de\\\/blog\\\/team\\\/#breadcrumb\",\"itemListElement\":[{\"@type\":\"ListItem\",\"position\":1,\"name\":\"Startseite\",\"item\":\"https:\\\/\\\/akademie-sexualtherapie.de\\\/blog\\\/\"},{\"@type\":\"ListItem\",\"position\":2,\"name\":\"Leitung\"}]},{\"@type\":\"WebSite\",\"@id\":\"https:\\\/\\\/akademie-sexualtherapie.de\\\/blog\\\/#website\",\"url\":\"https:\\\/\\\/akademie-sexualtherapie.de\\\/blog\\\/\",\"name\":\"Akademie f\u00fcr Sexualtherapie (AKST)\",\"description\":\"\",\"publisher\":{\"@id\":\"https:\\\/\\\/akademie-sexualtherapie.de\\\/blog\\\/#organization\"},\"potentialAction\":[{\"@type\":\"SearchAction\",\"target\":{\"@type\":\"EntryPoint\",\"urlTemplate\":\"https:\\\/\\\/akademie-sexualtherapie.de\\\/blog\\\/?s={search_term_string}\"},\"query-input\":{\"@type\":\"PropertyValueSpecification\",\"valueRequired\":true,\"valueName\":\"search_term_string\"}}],\"inLanguage\":\"de\"},{\"@type\":\"Organization\",\"@id\":\"https:\\\/\\\/akademie-sexualtherapie.de\\\/blog\\\/#organization\",\"name\":\"AKST Akademie f\u00fcr Sexualtherapie\",\"url\":\"https:\\\/\\\/akademie-sexualtherapie.de\\\/blog\\\/\",\"logo\":{\"@type\":\"ImageObject\",\"inLanguage\":\"de\",\"@id\":\"https:\\\/\\\/akademie-sexualtherapie.de\\\/blog\\\/#\\\/schema\\\/logo\\\/image\\\/\",\"url\":\"https:\\\/\\\/akademie-sexualtherapie.de\\\/blog\\\/wp-content\\\/uploads\\\/2019\\\/01\\\/Sexualtherapie-Dr.-Petery.jpg\",\"contentUrl\":\"https:\\\/\\\/akademie-sexualtherapie.de\\\/blog\\\/wp-content\\\/uploads\\\/2019\\\/01\\\/Sexualtherapie-Dr.-Petery.jpg\",\"width\":592,\"height\":510,\"caption\":\"AKST Akademie f\u00fcr Sexualtherapie\"},\"image\":{\"@id\":\"https:\\\/\\\/akademie-sexualtherapie.de\\\/blog\\\/#\\\/schema\\\/logo\\\/image\\\/\"},\"sameAs\":[\"https:\\\/\\\/www.facebook.com\\\/Dr.Petery\"]}]}<\/script>\n<!-- \/ Yoast SEO plugin. -->","yoast_head_json":{"title":"Leitung - AKST - Akademie f\u00fcr Sexualtherapie und Psychotherapie","robots":{"index":"index","follow":"follow","max-snippet":"max-snippet:-1","max-image-preview":"max-image-preview:large","max-video-preview":"max-video-preview:-1"},"canonical":"https:\/\/akademie-sexualtherapie.de\/blog\/team\/","og_locale":"de_DE","og_type":"article","og_title":"Leitung - AKST - Akademie f\u00fcr Sexualtherapie und Psychotherapie","og_description":"Leitung AKST Dr. hum. biol. Michael Petery Humanbiologie, Psychotherapie nach Heilpraktikergesetz Mein Name ist Dr. hum. biol. Michael Petery. Ich [&hellip;]","og_url":"https:\/\/akademie-sexualtherapie.de\/blog\/team\/","og_site_name":"AKST - Akademie f\u00fcr Sexualtherapie und Psychotherapie","article_publisher":"https:\/\/www.facebook.com\/Dr.Petery","article_modified_time":"2025-04-01T11:40:09+00:00","og_image":[{"url":"https:\/\/akademie-sexualtherapie.de\/blog\/wp-content\/uploads\/2020\/06\/tzKB53bQ-1024x684.jpeg","type":"","width":"","height":""}],"twitter_card":"summary_large_image","twitter_misc":{"Gesch\u00e4tzte Lesezeit":"3\u00a0Minuten"},"schema":{"@context":"https:\/\/schema.org","@graph":[{"@type":"WebPage","@id":"https:\/\/akademie-sexualtherapie.de\/blog\/team\/","url":"https:\/\/akademie-sexualtherapie.de\/blog\/team\/","name":"Leitung - AKST - Akademie f\u00fcr Sexualtherapie und Psychotherapie","isPartOf":{"@id":"https:\/\/akademie-sexualtherapie.de\/blog\/#website"},"primaryImageOfPage":{"@id":"https:\/\/akademie-sexualtherapie.de\/blog\/team\/#primaryimage"},"image":{"@id":"https:\/\/akademie-sexualtherapie.de\/blog\/team\/#primaryimage"},"thumbnailUrl":"https:\/\/akademie-sexualtherapie.de\/blog\/wp-content\/uploads\/2020\/06\/tzKB53bQ-1024x684.jpeg","datePublished":"2021-12-12T18:37:29+00:00","dateModified":"2025-04-01T11:40:09+00:00","breadcrumb":{"@id":"https:\/\/akademie-sexualtherapie.de\/blog\/team\/#breadcrumb"},"inLanguage":"de","potentialAction":[{"@type":"ReadAction","target":["https:\/\/akademie-sexualtherapie.de\/blog\/team\/"]}]},{"@type":"ImageObject","inLanguage":"de","@id":"https:\/\/akademie-sexualtherapie.de\/blog\/team\/#primaryimage","url":"https:\/\/akademie-sexualtherapie.de\/blog\/wp-content\/uploads\/2020\/06\/tzKB53bQ-scaled.jpeg","contentUrl":"https:\/\/akademie-sexualtherapie.de\/blog\/wp-content\/uploads\/2020\/06\/tzKB53bQ-scaled.jpeg","width":2560,"height":1709,"caption":"Dr Michael Petery"},{"@type":"BreadcrumbList","@id":"https:\/\/akademie-sexualtherapie.de\/blog\/team\/#breadcrumb","itemListElement":[{"@type":"ListItem","position":1,"name":"Startseite","item":"https:\/\/akademie-sexualtherapie.de\/blog\/"},{"@type":"ListItem","position":2,"name":"Leitung"}]},{"@type":"WebSite","@id":"https:\/\/akademie-sexualtherapie.de\/blog\/#website","url":"https:\/\/akademie-sexualtherapie.de\/blog\/","name":"Akademie f\u00fcr Sexualtherapie (AKST)","description":"","publisher":{"@id":"https:\/\/akademie-sexualtherapie.de\/blog\/#organization"},"potentialAction":[{"@type":"SearchAction","target":{"@type":"EntryPoint","urlTemplate":"https:\/\/akademie-sexualtherapie.de\/blog\/?s={search_term_string}"},"query-input":{"@type":"PropertyValueSpecification","valueRequired":true,"valueName":"search_term_string"}}],"inLanguage":"de"},{"@type":"Organization","@id":"https:\/\/akademie-sexualtherapie.de\/blog\/#organization","name":"AKST Akademie f\u00fcr Sexualtherapie","url":"https:\/\/akademie-sexualtherapie.de\/blog\/","logo":{"@type":"ImageObject","inLanguage":"de","@id":"https:\/\/akademie-sexualtherapie.de\/blog\/#\/schema\/logo\/image\/","url":"https:\/\/akademie-sexualtherapie.de\/blog\/wp-content\/uploads\/2019\/01\/Sexualtherapie-Dr.-Petery.jpg","contentUrl":"https:\/\/akademie-sexualtherapie.de\/blog\/wp-content\/uploads\/2019\/01\/Sexualtherapie-Dr.-Petery.jpg","width":592,"height":510,"caption":"AKST Akademie f\u00fcr Sexualtherapie"},"image":{"@id":"https:\/\/akademie-sexualtherapie.de\/blog\/#\/schema\/logo\/image\/"},"sameAs":["https:\/\/www.facebook.com\/Dr.Petery"]}]}},"_links":{"self":[{"href":"https:\/\/akademie-sexualtherapie.de\/blog\/wp-json\/wp\/v2\/pages\/2105","targetHints":{"allow":["GET"]}}],"collection":[{"href":"https:\/\/akademie-sexualtherapie.de\/blog\/wp-json\/wp\/v2\/pages"}],"about":[{"href":"https:\/\/akademie-sexualtherapie.de\/blog\/wp-json\/wp\/v2\/types\/page"}],"author":[{"embeddable":true,"href":"https:\/\/akademie-sexualtherapie.de\/blog\/wp-json\/wp\/v2\/users\/1"}],"replies":[{"embeddable":true,"href":"https:\/\/akademie-sexualtherapie.de\/blog\/wp-json\/wp\/v2\/comments?post=2105"}],"version-history":[{"count":0,"href":"https:\/\/akademie-sexualtherapie.de\/blog\/wp-json\/wp\/v2\/pages\/2105\/revisions"}],"wp:attachment":[{"href":"https:\/\/akademie-sexualtherapie.de\/blog\/wp-json\/wp\/v2\/media?parent=2105"}],"curies":[{"name":"wp","href":"https:\/\/api.w.org\/{rel}","templated":true}]}}